{"id":4685,"date":"2016-01-09T09:20:36","date_gmt":"2016-01-09T13:20:36","guid":{"rendered":"http:\/\/espacecabdeco.ca\/en\/product\/non%20class\u00e9\/italia-439a\/"},"modified":"2023-04-19T08:53:14","modified_gmt":"2023-04-19T13:53:14","slug":"italia-439a","status":"publish","type":"product","link":"https:\/\/staging.espacecabdeco.ca\/en\/product\/chairs\/chairs-without-armrests\/italia-439a\/","title":{"rendered":"Italia 439A"},"content":{"rendered":"<p>Side chair with sled base. Wooden or upholstered seat and wooden back, aniline, lacquered or antique finished beech wood frame.\u00a0Protective metal bars for foot rests included.<\/p>\n<p>C.O.M. \u00a00.33 yard.<\/p>\n<p><span style=\"text-decoration: underline;\"><a href=\"http:\/\/espacecabdeco.ca\/en\/care-instructions-2\/\">Care instructions &gt;<\/a><\/span><\/p>\n","protected":false},"excerpt":{"rendered":"<p>Side chair with sled base. Wooden or upholstered seat and wooden back, aniline, lacquered or antique finished beech wood frame.\u00a0Protective metal bars for foot rests included. C.O.M. \u00a00.33 yard. Care instructions &gt;<\/p>\n","protected":false},"featured_media":5179,"comment_status":"open","ping_status":"closed","template":"","meta":{"_acf_changed":false},"collection":[],"product_brand":[],"product_cat":[6,2996],"product_tag":[],"class_list":{"0":"post-4685","1":"product","2":"type-product","3":"status-publish","4":"has-post-thumbnail","6":"product_cat-chairs","7":"product_cat-chairs-without-armrests","8":"chairs-side-chairs","9":"back-finishes-wood-back","10":"frame-finishes-wood-structure","11":"seat-finishes-upholstered-seat","13":"first","14":"instock","15":"shipping-taxable","16":"product-type-simple"},"acf":[],"yoast_head":"<!-- This site is optimized with the Yoast SEO plugin v27.3 - https:\/\/yoast.com\/product\/yoast-seo-wordpress\/ -->\n<title>Italia 439A - CAB D\u00e9co - Contract and Residential Furniture - Montreal<\/title>\n<meta name=\"description\" content=\"Italia 439A - Wood and fabric side chair. Suitable for contract use. Hospitality, restaurant and hotel furniture.\" \/>\n<meta name=\"robots\" content=\"noindex, follow\" \/>\n<meta property=\"og:locale\" content=\"en_US\" \/>\n<meta property=\"og:type\" content=\"article\" \/>\n<meta property=\"og:title\" content=\"Italia 439A - CAB D\u00e9co - Contract and Residential Furniture - Montreal\" \/>\n<meta property=\"og:description\" content=\"Italia 439A - Wood and fabric side chair. Suitable for contract use. Hospitality, restaurant and hotel furniture.\" \/>\n<meta property=\"og:url\" content=\"https:\/\/staging.espacecabdeco.ca\/en\/product\/chairs\/chairs-without-armrests\/italia-439a\/\" \/>\n<meta property=\"og:site_name\" content=\"Espace Cabd\u00e9co\" \/>\n<meta property=\"article:publisher\" content=\"https:\/\/www.facebook.com\/CAB-D%c3%a9co-626681560734273\/\" \/>\n<meta property=\"article:modified_time\" content=\"2023-04-19T13:53:14+00:00\" \/>\n<meta property=\"og:image\" content=\"https:\/\/staging.espacecabdeco.ca\/wp-content\/uploads\/2016\/01\/italia-439A-02.jpg\" \/>\n\t<meta property=\"og:image:width\" content=\"620\" \/>\n\t<meta property=\"og:image:height\" content=\"560\" \/>\n\t<meta property=\"og:image:type\" content=\"image\/jpeg\" \/>\n<meta name=\"twitter:card\" content=\"summary_large_image\" \/>\n<meta name=\"twitter:site\" content=\"@cabdeco\" \/>\n<meta name=\"twitter:label1\" content=\"Est. reading time\" \/>\n\t<meta name=\"twitter:data1\" content=\"1 minute\" \/>\n<script type=\"application\/ld+json\" class=\"yoast-schema-graph\">{\"@context\":\"https:\\\/\\\/schema.org\",\"@graph\":[{\"@type\":\"WebPage\",\"@id\":\"https:\\\/\\\/staging.espacecabdeco.ca\\\/en\\\/product\\\/chairs\\\/chairs-without-armrests\\\/italia-439a\\\/\",\"url\":\"https:\\\/\\\/staging.espacecabdeco.ca\\\/en\\\/product\\\/chairs\\\/chairs-without-armrests\\\/italia-439a\\\/\",\"name\":\"Italia 439A - CAB D\u00e9co - Contract and Residential Furniture - Montreal\",\"isPartOf\":{\"@id\":\"https:\\\/\\\/staging.espacecabdeco.ca\\\/en\\\/#website\"},\"primaryImageOfPage\":{\"@id\":\"https:\\\/\\\/staging.espacecabdeco.ca\\\/en\\\/product\\\/chairs\\\/chairs-without-armrests\\\/italia-439a\\\/#primaryimage\"},\"image\":{\"@id\":\"https:\\\/\\\/staging.espacecabdeco.ca\\\/en\\\/product\\\/chairs\\\/chairs-without-armrests\\\/italia-439a\\\/#primaryimage\"},\"thumbnailUrl\":\"https:\\\/\\\/staging.espacecabdeco.ca\\\/wp-content\\\/uploads\\\/2016\\\/01\\\/italia-439A-02.jpg\",\"datePublished\":\"2016-01-09T13:20:36+00:00\",\"dateModified\":\"2023-04-19T13:53:14+00:00\",\"description\":\"Italia 439A - Wood and fabric side chair. Suitable for contract use. Hospitality, restaurant and hotel furniture.\",\"breadcrumb\":{\"@id\":\"https:\\\/\\\/staging.espacecabdeco.ca\\\/en\\\/product\\\/chairs\\\/chairs-without-armrests\\\/italia-439a\\\/#breadcrumb\"},\"inLanguage\":\"en-CA\",\"potentialAction\":[{\"@type\":\"ReadAction\",\"target\":[\"https:\\\/\\\/staging.espacecabdeco.ca\\\/en\\\/product\\\/chairs\\\/chairs-without-armrests\\\/italia-439a\\\/\"]}]},{\"@type\":\"ImageObject\",\"inLanguage\":\"en-CA\",\"@id\":\"https:\\\/\\\/staging.espacecabdeco.ca\\\/en\\\/product\\\/chairs\\\/chairs-without-armrests\\\/italia-439a\\\/#primaryimage\",\"url\":\"https:\\\/\\\/staging.espacecabdeco.ca\\\/wp-content\\\/uploads\\\/2016\\\/01\\\/italia-439A-02.jpg\",\"contentUrl\":\"https:\\\/\\\/staging.espacecabdeco.ca\\\/wp-content\\\/uploads\\\/2016\\\/01\\\/italia-439A-02.jpg\",\"width\":620,\"height\":560},{\"@type\":\"BreadcrumbList\",\"@id\":\"https:\\\/\\\/staging.espacecabdeco.ca\\\/en\\\/product\\\/chairs\\\/chairs-without-armrests\\\/italia-439a\\\/#breadcrumb\",\"itemListElement\":[{\"@type\":\"ListItem\",\"position\":1,\"name\":\"Home\",\"item\":\"https:\\\/\\\/staging.espacecabdeco.ca\\\/en\\\/\"},{\"@type\":\"ListItem\",\"position\":2,\"name\":\"Products\",\"item\":\"https:\\\/\\\/staging.espacecabdeco.ca\\\/en\\\/?page_id=4\"},{\"@type\":\"ListItem\",\"position\":3,\"name\":\"Chairs\",\"item\":\"https:\\\/\\\/staging.espacecabdeco.ca\\\/en\\\/product-category\\\/chairs\\\/\"},{\"@type\":\"ListItem\",\"position\":4,\"name\":\"Chairs without armrests\",\"item\":\"https:\\\/\\\/staging.espacecabdeco.ca\\\/en\\\/product-category\\\/chairs\\\/chairs-without-armrests\\\/\"},{\"@type\":\"ListItem\",\"position\":5,\"name\":\"Italia 439A\"}]},{\"@type\":\"WebSite\",\"@id\":\"https:\\\/\\\/staging.espacecabdeco.ca\\\/en\\\/#website\",\"url\":\"https:\\\/\\\/staging.espacecabdeco.ca\\\/en\\\/\",\"name\":\"Espace Cabd\u00e9co\",\"description\":\"Mobilier Commercial et R\u00e9sidentiel \u00e0 Montr\u00e9al\",\"publisher\":{\"@id\":\"https:\\\/\\\/staging.espacecabdeco.ca\\\/en\\\/#organization\"},\"potentialAction\":[{\"@type\":\"SearchAction\",\"target\":{\"@type\":\"EntryPoint\",\"urlTemplate\":\"https:\\\/\\\/staging.espacecabdeco.ca\\\/en\\\/?s={search_term_string}\"},\"query-input\":{\"@type\":\"PropertyValueSpecification\",\"valueRequired\":true,\"valueName\":\"search_term_string\"}}],\"inLanguage\":\"en-CA\"},{\"@type\":\"Organization\",\"@id\":\"https:\\\/\\\/staging.espacecabdeco.ca\\\/en\\\/#organization\",\"name\":\"Espace Cabd\u00e9co\",\"url\":\"https:\\\/\\\/staging.espacecabdeco.ca\\\/en\\\/\",\"logo\":{\"@type\":\"ImageObject\",\"inLanguage\":\"en-CA\",\"@id\":\"https:\\\/\\\/staging.espacecabdeco.ca\\\/en\\\/#\\\/schema\\\/logo\\\/image\\\/\",\"url\":\"https:\\\/\\\/staging.espacecabdeco.ca\\\/wp-content\\\/uploads\\\/2026\\\/03\\\/logo-espace-cabdeco.svg\",\"contentUrl\":\"https:\\\/\\\/staging.espacecabdeco.ca\\\/wp-content\\\/uploads\\\/2026\\\/03\\\/logo-espace-cabdeco.svg\",\"caption\":\"Espace Cabd\u00e9co\"},\"image\":{\"@id\":\"https:\\\/\\\/staging.espacecabdeco.ca\\\/en\\\/#\\\/schema\\\/logo\\\/image\\\/\"},\"sameAs\":[\"https:\\\/\\\/www.facebook.com\\\/CAB-D\u00e9co-626681560734273\\\/\",\"https:\\\/\\\/x.com\\\/cabdeco\",\"http:\\\/\\\/instagram.com\\\/cabdeco\",\"https:\\\/\\\/www.linkedin.com\\\/company\\\/c-a-b-deco\",\"https:\\\/\\\/www.pinterest.com\\\/cabdeco\\\/\"]}]}<\/script>\n<!-- \/ Yoast SEO plugin. -->","yoast_head_json":{"title":"Italia 439A - CAB D\u00e9co - Contract and Residential Furniture - Montreal","description":"Italia 439A - Wood and fabric side chair. Suitable for contract use. Hospitality, restaurant and hotel furniture.","robots":{"index":"noindex","follow":"follow"},"og_locale":"en_US","og_type":"article","og_title":"Italia 439A - CAB D\u00e9co - Contract and Residential Furniture - Montreal","og_description":"Italia 439A - Wood and fabric side chair. Suitable for contract use. Hospitality, restaurant and hotel furniture.","og_url":"https:\/\/staging.espacecabdeco.ca\/en\/product\/chairs\/chairs-without-armrests\/italia-439a\/","og_site_name":"Espace Cabd\u00e9co","article_publisher":"https:\/\/www.facebook.com\/CAB-D%c3%a9co-626681560734273\/","article_modified_time":"2023-04-19T13:53:14+00:00","og_image":[{"width":620,"height":560,"url":"https:\/\/staging.espacecabdeco.ca\/wp-content\/uploads\/2016\/01\/italia-439A-02.jpg","type":"image\/jpeg"}],"twitter_card":"summary_large_image","twitter_site":"@cabdeco","twitter_misc":{"Est. reading time":"1 minute"},"schema":{"@context":"https:\/\/schema.org","@graph":[{"@type":"WebPage","@id":"https:\/\/staging.espacecabdeco.ca\/en\/product\/chairs\/chairs-without-armrests\/italia-439a\/","url":"https:\/\/staging.espacecabdeco.ca\/en\/product\/chairs\/chairs-without-armrests\/italia-439a\/","name":"Italia 439A - CAB D\u00e9co - Contract and Residential Furniture - Montreal","isPartOf":{"@id":"https:\/\/staging.espacecabdeco.ca\/en\/#website"},"primaryImageOfPage":{"@id":"https:\/\/staging.espacecabdeco.ca\/en\/product\/chairs\/chairs-without-armrests\/italia-439a\/#primaryimage"},"image":{"@id":"https:\/\/staging.espacecabdeco.ca\/en\/product\/chairs\/chairs-without-armrests\/italia-439a\/#primaryimage"},"thumbnailUrl":"https:\/\/staging.espacecabdeco.ca\/wp-content\/uploads\/2016\/01\/italia-439A-02.jpg","datePublished":"2016-01-09T13:20:36+00:00","dateModified":"2023-04-19T13:53:14+00:00","description":"Italia 439A - Wood and fabric side chair. Suitable for contract use. Hospitality, restaurant and hotel furniture.","breadcrumb":{"@id":"https:\/\/staging.espacecabdeco.ca\/en\/product\/chairs\/chairs-without-armrests\/italia-439a\/#breadcrumb"},"inLanguage":"en-CA","potentialAction":[{"@type":"ReadAction","target":["https:\/\/staging.espacecabdeco.ca\/en\/product\/chairs\/chairs-without-armrests\/italia-439a\/"]}]},{"@type":"ImageObject","inLanguage":"en-CA","@id":"https:\/\/staging.espacecabdeco.ca\/en\/product\/chairs\/chairs-without-armrests\/italia-439a\/#primaryimage","url":"https:\/\/staging.espacecabdeco.ca\/wp-content\/uploads\/2016\/01\/italia-439A-02.jpg","contentUrl":"https:\/\/staging.espacecabdeco.ca\/wp-content\/uploads\/2016\/01\/italia-439A-02.jpg","width":620,"height":560},{"@type":"BreadcrumbList","@id":"https:\/\/staging.espacecabdeco.ca\/en\/product\/chairs\/chairs-without-armrests\/italia-439a\/#breadcrumb","itemListElement":[{"@type":"ListItem","position":1,"name":"Home","item":"https:\/\/staging.espacecabdeco.ca\/en\/"},{"@type":"ListItem","position":2,"name":"Products","item":"https:\/\/staging.espacecabdeco.ca\/en\/?page_id=4"},{"@type":"ListItem","position":3,"name":"Chairs","item":"https:\/\/staging.espacecabdeco.ca\/en\/product-category\/chairs\/"},{"@type":"ListItem","position":4,"name":"Chairs without armrests","item":"https:\/\/staging.espacecabdeco.ca\/en\/product-category\/chairs\/chairs-without-armrests\/"},{"@type":"ListItem","position":5,"name":"Italia 439A"}]},{"@type":"WebSite","@id":"https:\/\/staging.espacecabdeco.ca\/en\/#website","url":"https:\/\/staging.espacecabdeco.ca\/en\/","name":"Espace Cabd\u00e9co","description":"Mobilier Commercial et R\u00e9sidentiel \u00e0 Montr\u00e9al","publisher":{"@id":"https:\/\/staging.espacecabdeco.ca\/en\/#organization"},"potentialAction":[{"@type":"SearchAction","target":{"@type":"EntryPoint","urlTemplate":"https:\/\/staging.espacecabdeco.ca\/en\/?s={search_term_string}"},"query-input":{"@type":"PropertyValueSpecification","valueRequired":true,"valueName":"search_term_string"}}],"inLanguage":"en-CA"},{"@type":"Organization","@id":"https:\/\/staging.espacecabdeco.ca\/en\/#organization","name":"Espace Cabd\u00e9co","url":"https:\/\/staging.espacecabdeco.ca\/en\/","logo":{"@type":"ImageObject","inLanguage":"en-CA","@id":"https:\/\/staging.espacecabdeco.ca\/en\/#\/schema\/logo\/image\/","url":"https:\/\/staging.espacecabdeco.ca\/wp-content\/uploads\/2026\/03\/logo-espace-cabdeco.svg","contentUrl":"https:\/\/staging.espacecabdeco.ca\/wp-content\/uploads\/2026\/03\/logo-espace-cabdeco.svg","caption":"Espace Cabd\u00e9co"},"image":{"@id":"https:\/\/staging.espacecabdeco.ca\/en\/#\/schema\/logo\/image\/"},"sameAs":["https:\/\/www.facebook.com\/CAB-D\u00e9co-626681560734273\/","https:\/\/x.com\/cabdeco","http:\/\/instagram.com\/cabdeco","https:\/\/www.linkedin.com\/company\/c-a-b-deco","https:\/\/www.pinterest.com\/cabdeco\/"]}]}},"_links":{"self":[{"href":"https:\/\/staging.espacecabdeco.ca\/en\/wp-json\/wp\/v2\/product\/4685","targetHints":{"allow":["GET"]}}],"collection":[{"href":"https:\/\/staging.espacecabdeco.ca\/en\/wp-json\/wp\/v2\/product"}],"about":[{"href":"https:\/\/staging.espacecabdeco.ca\/en\/wp-json\/wp\/v2\/types\/product"}],"replies":[{"embeddable":true,"href":"https:\/\/staging.espacecabdeco.ca\/en\/wp-json\/wp\/v2\/comments?post=4685"}],"wp:featuredmedia":[{"embeddable":true,"href":"https:\/\/staging.espacecabdeco.ca\/en\/wp-json\/wp\/v2\/media\/5179"}],"wp:attachment":[{"href":"https:\/\/staging.espacecabdeco.ca\/en\/wp-json\/wp\/v2\/media?parent=4685"}],"wp:term":[{"taxonomy":"collection","embeddable":true,"href":"https:\/\/staging.espacecabdeco.ca\/en\/wp-json\/wp\/v2\/collection?post=4685"},{"taxonomy":"product_brand","embeddable":true,"href":"https:\/\/staging.espacecabdeco.ca\/en\/wp-json\/wp\/v2\/product_brand?post=4685"},{"taxonomy":"product_cat","embeddable":true,"href":"https:\/\/staging.espacecabdeco.ca\/en\/wp-json\/wp\/v2\/product_cat?post=4685"},{"taxonomy":"product_tag","embeddable":true,"href":"https:\/\/staging.espacecabdeco.ca\/en\/wp-json\/wp\/v2\/product_tag?post=4685"}],"curies":[{"name":"wp","href":"https:\/\/api.w.org\/{rel}","templated":true}]}}