{"id":22816,"date":"2026-03-24T21:40:34","date_gmt":"2026-03-25T02:40:34","guid":{"rendered":"https:\/\/staging.espacecabdeco.ca\/product\/uncategorized\/seau-glace-hevea-5182\/"},"modified":"2026-03-24T22:16:28","modified_gmt":"2026-03-25T03:16:28","slug":"ice-bucket-hevea-5182","status":"publish","type":"product","link":"https:\/\/staging.espacecabdeco.ca\/en\/product\/complements\/ice-bucket-hevea-5182\/","title":{"rendered":"Hevea 5182"},"content":{"rendered":"<p>Hevea Ice Bucket consists of a central ice bucket for keeping bottles cool, composed of a central steel stem to which a bucket-shaped bottle holder is hung. The Hevea Ice Bucket elements fasten mechanically and are therefore easily separable for cleaning purposes. The different components can be disposed of correctly at the end of their life cycle. An additional bucket-shaped bottle holder can be hung to the structure, sold separately.<\/p>\n","protected":false},"excerpt":{"rendered":"<p>Hevea Ice Bucket consists of a central ice bucket for keeping bottles cool, composed of a central steel stem to which a bucket-shaped bottle holder is hung. The Hevea Ice Bucket elements fasten mechanically and are therefore easily separable for cleaning purposes. The different components can be disposed of correctly at the end of their [&hellip;]<\/p>\n","protected":false},"featured_media":22819,"comment_status":"closed","ping_status":"closed","template":"","meta":{"_acf_changed":false},"collection":[3076],"product_brand":[],"product_cat":[10],"product_tag":[],"class_list":{"0":"post-22816","1":"product","2":"type-product","3":"status-publish","4":"has-post-thumbnail","6":"collection-hevea","7":"product_cat-complements","8":"frame-finishes-metal-structure","9":"frame-finishes-plastic-structure","11":"first","12":"instock","13":"shipping-taxable","14":"product-type-simple"},"acf":[],"yoast_head":"<!-- This site is optimized with the Yoast SEO plugin v27.3 - https:\/\/yoast.com\/product\/yoast-seo-wordpress\/ -->\n<title>Hevea 5182 - Espace Cabd\u00e9co \u2013 Mobilier commercial et r\u00e9sidentiel - Montr\u00e9al<\/title>\n<meta name=\"description\" content=\"Ice Bucket consists of a central ice bucket for keeping bottles cool, composed of a central steel stem to which a bucket-shaped bottle holder is hung.\" \/>\n<meta name=\"robots\" content=\"noindex, follow\" \/>\n<meta property=\"og:locale\" content=\"en_US\" \/>\n<meta property=\"og:type\" content=\"article\" \/>\n<meta property=\"og:title\" content=\"Hevea 5182 - Espace Cabd\u00e9co \u2013 Mobilier commercial et r\u00e9sidentiel - Montr\u00e9al\" \/>\n<meta property=\"og:description\" content=\"Ice Bucket consists of a central ice bucket for keeping bottles cool, composed of a central steel stem to which a bucket-shaped bottle holder is hung.\" \/>\n<meta property=\"og:url\" content=\"https:\/\/staging.espacecabdeco.ca\/en\/product\/complements\/ice-bucket-hevea-5182\/\" \/>\n<meta property=\"og:site_name\" content=\"Espace Cabd\u00e9co\" \/>\n<meta property=\"article:publisher\" content=\"https:\/\/www.facebook.com\/CAB-D%c3%a9co-626681560734273\/\" \/>\n<meta property=\"article:modified_time\" content=\"2026-03-25T03:16:28+00:00\" \/>\n<meta property=\"og:image\" content=\"https:\/\/staging.espacecabdeco.ca\/wp-content\/uploads\/2026\/03\/Hevea-5182_NE-NERO2_low-1.jpg\" \/>\n\t<meta property=\"og:image:width\" content=\"1107\" \/>\n\t<meta property=\"og:image:height\" content=\"1000\" \/>\n\t<meta property=\"og:image:type\" content=\"image\/jpeg\" \/>\n<meta name=\"twitter:card\" content=\"summary_large_image\" \/>\n<meta name=\"twitter:site\" content=\"@cabdeco\" \/>\n<meta name=\"twitter:label1\" content=\"Est. reading time\" \/>\n\t<meta name=\"twitter:data1\" content=\"1 minute\" \/>\n<script type=\"application\/ld+json\" class=\"yoast-schema-graph\">{\"@context\":\"https:\\\/\\\/schema.org\",\"@graph\":[{\"@type\":\"WebPage\",\"@id\":\"https:\\\/\\\/staging.espacecabdeco.ca\\\/en\\\/product\\\/complements\\\/ice-bucket-hevea-5182\\\/\",\"url\":\"https:\\\/\\\/staging.espacecabdeco.ca\\\/en\\\/product\\\/complements\\\/ice-bucket-hevea-5182\\\/\",\"name\":\"Hevea 5182 - Espace Cabd\u00e9co \u2013 Mobilier commercial et r\u00e9sidentiel - Montr\u00e9al\",\"isPartOf\":{\"@id\":\"https:\\\/\\\/staging.espacecabdeco.ca\\\/en\\\/#website\"},\"primaryImageOfPage\":{\"@id\":\"https:\\\/\\\/staging.espacecabdeco.ca\\\/en\\\/product\\\/complements\\\/ice-bucket-hevea-5182\\\/#primaryimage\"},\"image\":{\"@id\":\"https:\\\/\\\/staging.espacecabdeco.ca\\\/en\\\/product\\\/complements\\\/ice-bucket-hevea-5182\\\/#primaryimage\"},\"thumbnailUrl\":\"https:\\\/\\\/staging.espacecabdeco.ca\\\/wp-content\\\/uploads\\\/2026\\\/03\\\/Hevea-5182_NE-NERO2_low-1.jpg\",\"datePublished\":\"2026-03-25T02:40:34+00:00\",\"dateModified\":\"2026-03-25T03:16:28+00:00\",\"description\":\"Ice Bucket consists of a central ice bucket for keeping bottles cool, composed of a central steel stem to which a bucket-shaped bottle holder is hung.\",\"breadcrumb\":{\"@id\":\"https:\\\/\\\/staging.espacecabdeco.ca\\\/en\\\/product\\\/complements\\\/ice-bucket-hevea-5182\\\/#breadcrumb\"},\"inLanguage\":\"en-CA\",\"potentialAction\":[{\"@type\":\"ReadAction\",\"target\":[\"https:\\\/\\\/staging.espacecabdeco.ca\\\/en\\\/product\\\/complements\\\/ice-bucket-hevea-5182\\\/\"]}]},{\"@type\":\"ImageObject\",\"inLanguage\":\"en-CA\",\"@id\":\"https:\\\/\\\/staging.espacecabdeco.ca\\\/en\\\/product\\\/complements\\\/ice-bucket-hevea-5182\\\/#primaryimage\",\"url\":\"https:\\\/\\\/staging.espacecabdeco.ca\\\/wp-content\\\/uploads\\\/2026\\\/03\\\/Hevea-5182_NE-NERO2_low-1.jpg\",\"contentUrl\":\"https:\\\/\\\/staging.espacecabdeco.ca\\\/wp-content\\\/uploads\\\/2026\\\/03\\\/Hevea-5182_NE-NERO2_low-1.jpg\",\"width\":1107,\"height\":1000},{\"@type\":\"BreadcrumbList\",\"@id\":\"https:\\\/\\\/staging.espacecabdeco.ca\\\/en\\\/product\\\/complements\\\/ice-bucket-hevea-5182\\\/#breadcrumb\",\"itemListElement\":[{\"@type\":\"ListItem\",\"position\":1,\"name\":\"Home\",\"item\":\"https:\\\/\\\/staging.espacecabdeco.ca\\\/en\\\/\"},{\"@type\":\"ListItem\",\"position\":2,\"name\":\"Products\",\"item\":\"https:\\\/\\\/staging.espacecabdeco.ca\\\/en\\\/?page_id=4\"},{\"@type\":\"ListItem\",\"position\":3,\"name\":\"Complements\",\"item\":\"https:\\\/\\\/staging.espacecabdeco.ca\\\/en\\\/product-category\\\/complements\\\/\"},{\"@type\":\"ListItem\",\"position\":4,\"name\":\"Hevea 5182\"}]},{\"@type\":\"WebSite\",\"@id\":\"https:\\\/\\\/staging.espacecabdeco.ca\\\/en\\\/#website\",\"url\":\"https:\\\/\\\/staging.espacecabdeco.ca\\\/en\\\/\",\"name\":\"Espace Cabd\u00e9co\",\"description\":\"Mobilier Commercial et R\u00e9sidentiel \u00e0 Montr\u00e9al\",\"publisher\":{\"@id\":\"https:\\\/\\\/staging.espacecabdeco.ca\\\/en\\\/#organization\"},\"potentialAction\":[{\"@type\":\"SearchAction\",\"target\":{\"@type\":\"EntryPoint\",\"urlTemplate\":\"https:\\\/\\\/staging.espacecabdeco.ca\\\/en\\\/?s={search_term_string}\"},\"query-input\":{\"@type\":\"PropertyValueSpecification\",\"valueRequired\":true,\"valueName\":\"search_term_string\"}}],\"inLanguage\":\"en-CA\"},{\"@type\":\"Organization\",\"@id\":\"https:\\\/\\\/staging.espacecabdeco.ca\\\/en\\\/#organization\",\"name\":\"Espace Cabd\u00e9co\",\"url\":\"https:\\\/\\\/staging.espacecabdeco.ca\\\/en\\\/\",\"logo\":{\"@type\":\"ImageObject\",\"inLanguage\":\"en-CA\",\"@id\":\"https:\\\/\\\/staging.espacecabdeco.ca\\\/en\\\/#\\\/schema\\\/logo\\\/image\\\/\",\"url\":\"https:\\\/\\\/staging.espacecabdeco.ca\\\/wp-content\\\/uploads\\\/2026\\\/03\\\/logo-espace-cabdeco.svg\",\"contentUrl\":\"https:\\\/\\\/staging.espacecabdeco.ca\\\/wp-content\\\/uploads\\\/2026\\\/03\\\/logo-espace-cabdeco.svg\",\"caption\":\"Espace Cabd\u00e9co\"},\"image\":{\"@id\":\"https:\\\/\\\/staging.espacecabdeco.ca\\\/en\\\/#\\\/schema\\\/logo\\\/image\\\/\"},\"sameAs\":[\"https:\\\/\\\/www.facebook.com\\\/CAB-D\u00e9co-626681560734273\\\/\",\"https:\\\/\\\/x.com\\\/cabdeco\",\"http:\\\/\\\/instagram.com\\\/cabdeco\",\"https:\\\/\\\/www.linkedin.com\\\/company\\\/c-a-b-deco\",\"https:\\\/\\\/www.pinterest.com\\\/cabdeco\\\/\"]}]}<\/script>\n<!-- \/ Yoast SEO plugin. -->","yoast_head_json":{"title":"Hevea 5182 - Espace Cabd\u00e9co \u2013 Mobilier commercial et r\u00e9sidentiel - Montr\u00e9al","description":"Ice Bucket consists of a central ice bucket for keeping bottles cool, composed of a central steel stem to which a bucket-shaped bottle holder is hung.","robots":{"index":"noindex","follow":"follow"},"og_locale":"en_US","og_type":"article","og_title":"Hevea 5182 - Espace Cabd\u00e9co \u2013 Mobilier commercial et r\u00e9sidentiel - Montr\u00e9al","og_description":"Ice Bucket consists of a central ice bucket for keeping bottles cool, composed of a central steel stem to which a bucket-shaped bottle holder is hung.","og_url":"https:\/\/staging.espacecabdeco.ca\/en\/product\/complements\/ice-bucket-hevea-5182\/","og_site_name":"Espace Cabd\u00e9co","article_publisher":"https:\/\/www.facebook.com\/CAB-D%c3%a9co-626681560734273\/","article_modified_time":"2026-03-25T03:16:28+00:00","og_image":[{"width":1107,"height":1000,"url":"https:\/\/staging.espacecabdeco.ca\/wp-content\/uploads\/2026\/03\/Hevea-5182_NE-NERO2_low-1.jpg","type":"image\/jpeg"}],"twitter_card":"summary_large_image","twitter_site":"@cabdeco","twitter_misc":{"Est. reading time":"1 minute"},"schema":{"@context":"https:\/\/schema.org","@graph":[{"@type":"WebPage","@id":"https:\/\/staging.espacecabdeco.ca\/en\/product\/complements\/ice-bucket-hevea-5182\/","url":"https:\/\/staging.espacecabdeco.ca\/en\/product\/complements\/ice-bucket-hevea-5182\/","name":"Hevea 5182 - Espace Cabd\u00e9co \u2013 Mobilier commercial et r\u00e9sidentiel - Montr\u00e9al","isPartOf":{"@id":"https:\/\/staging.espacecabdeco.ca\/en\/#website"},"primaryImageOfPage":{"@id":"https:\/\/staging.espacecabdeco.ca\/en\/product\/complements\/ice-bucket-hevea-5182\/#primaryimage"},"image":{"@id":"https:\/\/staging.espacecabdeco.ca\/en\/product\/complements\/ice-bucket-hevea-5182\/#primaryimage"},"thumbnailUrl":"https:\/\/staging.espacecabdeco.ca\/wp-content\/uploads\/2026\/03\/Hevea-5182_NE-NERO2_low-1.jpg","datePublished":"2026-03-25T02:40:34+00:00","dateModified":"2026-03-25T03:16:28+00:00","description":"Ice Bucket consists of a central ice bucket for keeping bottles cool, composed of a central steel stem to which a bucket-shaped bottle holder is hung.","breadcrumb":{"@id":"https:\/\/staging.espacecabdeco.ca\/en\/product\/complements\/ice-bucket-hevea-5182\/#breadcrumb"},"inLanguage":"en-CA","potentialAction":[{"@type":"ReadAction","target":["https:\/\/staging.espacecabdeco.ca\/en\/product\/complements\/ice-bucket-hevea-5182\/"]}]},{"@type":"ImageObject","inLanguage":"en-CA","@id":"https:\/\/staging.espacecabdeco.ca\/en\/product\/complements\/ice-bucket-hevea-5182\/#primaryimage","url":"https:\/\/staging.espacecabdeco.ca\/wp-content\/uploads\/2026\/03\/Hevea-5182_NE-NERO2_low-1.jpg","contentUrl":"https:\/\/staging.espacecabdeco.ca\/wp-content\/uploads\/2026\/03\/Hevea-5182_NE-NERO2_low-1.jpg","width":1107,"height":1000},{"@type":"BreadcrumbList","@id":"https:\/\/staging.espacecabdeco.ca\/en\/product\/complements\/ice-bucket-hevea-5182\/#breadcrumb","itemListElement":[{"@type":"ListItem","position":1,"name":"Home","item":"https:\/\/staging.espacecabdeco.ca\/en\/"},{"@type":"ListItem","position":2,"name":"Products","item":"https:\/\/staging.espacecabdeco.ca\/en\/?page_id=4"},{"@type":"ListItem","position":3,"name":"Complements","item":"https:\/\/staging.espacecabdeco.ca\/en\/product-category\/complements\/"},{"@type":"ListItem","position":4,"name":"Hevea 5182"}]},{"@type":"WebSite","@id":"https:\/\/staging.espacecabdeco.ca\/en\/#website","url":"https:\/\/staging.espacecabdeco.ca\/en\/","name":"Espace Cabd\u00e9co","description":"Mobilier Commercial et R\u00e9sidentiel \u00e0 Montr\u00e9al","publisher":{"@id":"https:\/\/staging.espacecabdeco.ca\/en\/#organization"},"potentialAction":[{"@type":"SearchAction","target":{"@type":"EntryPoint","urlTemplate":"https:\/\/staging.espacecabdeco.ca\/en\/?s={search_term_string}"},"query-input":{"@type":"PropertyValueSpecification","valueRequired":true,"valueName":"search_term_string"}}],"inLanguage":"en-CA"},{"@type":"Organization","@id":"https:\/\/staging.espacecabdeco.ca\/en\/#organization","name":"Espace Cabd\u00e9co","url":"https:\/\/staging.espacecabdeco.ca\/en\/","logo":{"@type":"ImageObject","inLanguage":"en-CA","@id":"https:\/\/staging.espacecabdeco.ca\/en\/#\/schema\/logo\/image\/","url":"https:\/\/staging.espacecabdeco.ca\/wp-content\/uploads\/2026\/03\/logo-espace-cabdeco.svg","contentUrl":"https:\/\/staging.espacecabdeco.ca\/wp-content\/uploads\/2026\/03\/logo-espace-cabdeco.svg","caption":"Espace Cabd\u00e9co"},"image":{"@id":"https:\/\/staging.espacecabdeco.ca\/en\/#\/schema\/logo\/image\/"},"sameAs":["https:\/\/www.facebook.com\/CAB-D\u00e9co-626681560734273\/","https:\/\/x.com\/cabdeco","http:\/\/instagram.com\/cabdeco","https:\/\/www.linkedin.com\/company\/c-a-b-deco","https:\/\/www.pinterest.com\/cabdeco\/"]}]}},"_links":{"self":[{"href":"https:\/\/staging.espacecabdeco.ca\/en\/wp-json\/wp\/v2\/product\/22816","targetHints":{"allow":["GET"]}}],"collection":[{"href":"https:\/\/staging.espacecabdeco.ca\/en\/wp-json\/wp\/v2\/product"}],"about":[{"href":"https:\/\/staging.espacecabdeco.ca\/en\/wp-json\/wp\/v2\/types\/product"}],"replies":[{"embeddable":true,"href":"https:\/\/staging.espacecabdeco.ca\/en\/wp-json\/wp\/v2\/comments?post=22816"}],"wp:featuredmedia":[{"embeddable":true,"href":"https:\/\/staging.espacecabdeco.ca\/en\/wp-json\/wp\/v2\/media\/22819"}],"wp:attachment":[{"href":"https:\/\/staging.espacecabdeco.ca\/en\/wp-json\/wp\/v2\/media?parent=22816"}],"wp:term":[{"taxonomy":"collection","embeddable":true,"href":"https:\/\/staging.espacecabdeco.ca\/en\/wp-json\/wp\/v2\/collection?post=22816"},{"taxonomy":"product_brand","embeddable":true,"href":"https:\/\/staging.espacecabdeco.ca\/en\/wp-json\/wp\/v2\/product_brand?post=22816"},{"taxonomy":"product_cat","embeddable":true,"href":"https:\/\/staging.espacecabdeco.ca\/en\/wp-json\/wp\/v2\/product_cat?post=22816"},{"taxonomy":"product_tag","embeddable":true,"href":"https:\/\/staging.espacecabdeco.ca\/en\/wp-json\/wp\/v2\/product_tag?post=22816"}],"curies":[{"name":"wp","href":"https:\/\/api.w.org\/{rel}","templated":true}]}}