{"id":22802,"date":"2026-03-24T21:05:16","date_gmt":"2026-03-25T02:05:16","guid":{"rendered":"https:\/\/staging.espacecabdeco.ca\/product\/uncategorized\/porte-plantes-hevea-5183\/"},"modified":"2026-03-24T22:19:58","modified_gmt":"2026-03-25T03:19:58","slug":"pot-holder-hevea-5183","status":"publish","type":"product","link":"https:\/\/staging.espacecabdeco.ca\/en\/product\/complements\/pot-holder-hevea-5183\/","title":{"rendered":"Hevea 5183"},"content":{"rendered":"<p>Hevea Partition is a versatile furnishing element that creates green walls and layouts in work and hospitality spaces. This pot-holder consists of a shaped base and three steel columns to which fifteen polypropylene pots are hung. The pots are easy to attach, either opposite one another or in a spiral. The Hevea Partition elements fasten mechanically and are therefore easily separable for cleaning purposes. The different components can be disposed of correctly at the end of their life cycle. Additional pots can be hung to the structure, sold separately.<\/p>\n","protected":false},"excerpt":{"rendered":"<p>Hevea Partition is a versatile furnishing element that creates green walls and layouts in work and hospitality spaces. This pot-holder consists of a shaped base and three steel columns to which fifteen polypropylene pots are hung. The pots are easy to attach, either opposite one another or in a spiral. The Hevea Partition elements fasten [&hellip;]<\/p>\n","protected":false},"featured_media":22795,"comment_status":"closed","ping_status":"closed","template":"","meta":{"_acf_changed":false},"collection":[3076],"product_brand":[],"product_cat":[10],"product_tag":[],"class_list":{"0":"post-22802","1":"product","2":"type-product","3":"status-publish","4":"has-post-thumbnail","6":"collection-hevea","7":"product_cat-complements","8":"frame-finishes-metal-structure","9":"frame-finishes-plastic-structure","11":"first","12":"instock","13":"shipping-taxable","14":"product-type-simple"},"acf":[],"yoast_head":"<!-- This site is optimized with the Yoast SEO plugin v27.3 - https:\/\/yoast.com\/product\/yoast-seo-wordpress\/ -->\n<title>Hevea 5183 - Espace Cabd\u00e9co \u2013 Mobilier commercial et r\u00e9sidentiel - Montr\u00e9al<\/title>\n<meta name=\"description\" content=\"This pot-holder consists of a shaped base and three steel columns to which fifteen polypropylene pots are hung.\" \/>\n<meta name=\"robots\" content=\"noindex, follow\" \/>\n<meta property=\"og:locale\" content=\"en_US\" \/>\n<meta property=\"og:type\" content=\"article\" \/>\n<meta property=\"og:title\" content=\"Hevea 5183 - Espace Cabd\u00e9co \u2013 Mobilier commercial et r\u00e9sidentiel - Montr\u00e9al\" \/>\n<meta property=\"og:description\" content=\"This pot-holder consists of a shaped base and three steel columns to which fifteen polypropylene pots are hung.\" \/>\n<meta property=\"og:url\" content=\"https:\/\/staging.espacecabdeco.ca\/en\/product\/complements\/pot-holder-hevea-5183\/\" \/>\n<meta property=\"og:site_name\" content=\"Espace Cabd\u00e9co\" \/>\n<meta property=\"article:publisher\" content=\"https:\/\/www.facebook.com\/CAB-D%c3%a9co-626681560734273\/\" \/>\n<meta property=\"article:modified_time\" content=\"2026-03-25T03:19:58+00:00\" \/>\n<meta property=\"og:image\" content=\"https:\/\/staging.espacecabdeco.ca\/wp-content\/uploads\/2026\/03\/Hevea-5183_TE-TE2_low.jpg\" \/>\n\t<meta property=\"og:image:width\" content=\"1107\" \/>\n\t<meta property=\"og:image:height\" content=\"1000\" \/>\n\t<meta property=\"og:image:type\" content=\"image\/jpeg\" \/>\n<meta name=\"twitter:card\" content=\"summary_large_image\" \/>\n<meta name=\"twitter:site\" content=\"@cabdeco\" \/>\n<meta name=\"twitter:label1\" content=\"Est. reading time\" \/>\n\t<meta name=\"twitter:data1\" content=\"1 minute\" \/>\n<script type=\"application\/ld+json\" class=\"yoast-schema-graph\">{\"@context\":\"https:\\\/\\\/schema.org\",\"@graph\":[{\"@type\":\"WebPage\",\"@id\":\"https:\\\/\\\/staging.espacecabdeco.ca\\\/en\\\/product\\\/complements\\\/pot-holder-hevea-5183\\\/\",\"url\":\"https:\\\/\\\/staging.espacecabdeco.ca\\\/en\\\/product\\\/complements\\\/pot-holder-hevea-5183\\\/\",\"name\":\"Hevea 5183 - Espace Cabd\u00e9co \u2013 Mobilier commercial et r\u00e9sidentiel - Montr\u00e9al\",\"isPartOf\":{\"@id\":\"https:\\\/\\\/staging.espacecabdeco.ca\\\/en\\\/#website\"},\"primaryImageOfPage\":{\"@id\":\"https:\\\/\\\/staging.espacecabdeco.ca\\\/en\\\/product\\\/complements\\\/pot-holder-hevea-5183\\\/#primaryimage\"},\"image\":{\"@id\":\"https:\\\/\\\/staging.espacecabdeco.ca\\\/en\\\/product\\\/complements\\\/pot-holder-hevea-5183\\\/#primaryimage\"},\"thumbnailUrl\":\"https:\\\/\\\/staging.espacecabdeco.ca\\\/wp-content\\\/uploads\\\/2026\\\/03\\\/Hevea-5183_TE-TE2_low.jpg\",\"datePublished\":\"2026-03-25T02:05:16+00:00\",\"dateModified\":\"2026-03-25T03:19:58+00:00\",\"description\":\"This pot-holder consists of a shaped base and three steel columns to which fifteen polypropylene pots are hung.\",\"breadcrumb\":{\"@id\":\"https:\\\/\\\/staging.espacecabdeco.ca\\\/en\\\/product\\\/complements\\\/pot-holder-hevea-5183\\\/#breadcrumb\"},\"inLanguage\":\"en-CA\",\"potentialAction\":[{\"@type\":\"ReadAction\",\"target\":[\"https:\\\/\\\/staging.espacecabdeco.ca\\\/en\\\/product\\\/complements\\\/pot-holder-hevea-5183\\\/\"]}]},{\"@type\":\"ImageObject\",\"inLanguage\":\"en-CA\",\"@id\":\"https:\\\/\\\/staging.espacecabdeco.ca\\\/en\\\/product\\\/complements\\\/pot-holder-hevea-5183\\\/#primaryimage\",\"url\":\"https:\\\/\\\/staging.espacecabdeco.ca\\\/wp-content\\\/uploads\\\/2026\\\/03\\\/Hevea-5183_TE-TE2_low.jpg\",\"contentUrl\":\"https:\\\/\\\/staging.espacecabdeco.ca\\\/wp-content\\\/uploads\\\/2026\\\/03\\\/Hevea-5183_TE-TE2_low.jpg\",\"width\":1107,\"height\":1000,\"caption\":\"Porte-plantes PEDRALI Hevea 5183\"},{\"@type\":\"BreadcrumbList\",\"@id\":\"https:\\\/\\\/staging.espacecabdeco.ca\\\/en\\\/product\\\/complements\\\/pot-holder-hevea-5183\\\/#breadcrumb\",\"itemListElement\":[{\"@type\":\"ListItem\",\"position\":1,\"name\":\"Home\",\"item\":\"https:\\\/\\\/staging.espacecabdeco.ca\\\/en\\\/\"},{\"@type\":\"ListItem\",\"position\":2,\"name\":\"Products\",\"item\":\"https:\\\/\\\/staging.espacecabdeco.ca\\\/en\\\/?page_id=4\"},{\"@type\":\"ListItem\",\"position\":3,\"name\":\"Complements\",\"item\":\"https:\\\/\\\/staging.espacecabdeco.ca\\\/en\\\/product-category\\\/complements\\\/\"},{\"@type\":\"ListItem\",\"position\":4,\"name\":\"Hevea 5183\"}]},{\"@type\":\"WebSite\",\"@id\":\"https:\\\/\\\/staging.espacecabdeco.ca\\\/en\\\/#website\",\"url\":\"https:\\\/\\\/staging.espacecabdeco.ca\\\/en\\\/\",\"name\":\"Espace Cabd\u00e9co\",\"description\":\"Mobilier Commercial et R\u00e9sidentiel \u00e0 Montr\u00e9al\",\"publisher\":{\"@id\":\"https:\\\/\\\/staging.espacecabdeco.ca\\\/en\\\/#organization\"},\"potentialAction\":[{\"@type\":\"SearchAction\",\"target\":{\"@type\":\"EntryPoint\",\"urlTemplate\":\"https:\\\/\\\/staging.espacecabdeco.ca\\\/en\\\/?s={search_term_string}\"},\"query-input\":{\"@type\":\"PropertyValueSpecification\",\"valueRequired\":true,\"valueName\":\"search_term_string\"}}],\"inLanguage\":\"en-CA\"},{\"@type\":\"Organization\",\"@id\":\"https:\\\/\\\/staging.espacecabdeco.ca\\\/en\\\/#organization\",\"name\":\"Espace Cabd\u00e9co\",\"url\":\"https:\\\/\\\/staging.espacecabdeco.ca\\\/en\\\/\",\"logo\":{\"@type\":\"ImageObject\",\"inLanguage\":\"en-CA\",\"@id\":\"https:\\\/\\\/staging.espacecabdeco.ca\\\/en\\\/#\\\/schema\\\/logo\\\/image\\\/\",\"url\":\"https:\\\/\\\/staging.espacecabdeco.ca\\\/wp-content\\\/uploads\\\/2026\\\/03\\\/logo-espace-cabdeco.svg\",\"contentUrl\":\"https:\\\/\\\/staging.espacecabdeco.ca\\\/wp-content\\\/uploads\\\/2026\\\/03\\\/logo-espace-cabdeco.svg\",\"caption\":\"Espace Cabd\u00e9co\"},\"image\":{\"@id\":\"https:\\\/\\\/staging.espacecabdeco.ca\\\/en\\\/#\\\/schema\\\/logo\\\/image\\\/\"},\"sameAs\":[\"https:\\\/\\\/www.facebook.com\\\/CAB-D\u00e9co-626681560734273\\\/\",\"https:\\\/\\\/x.com\\\/cabdeco\",\"http:\\\/\\\/instagram.com\\\/cabdeco\",\"https:\\\/\\\/www.linkedin.com\\\/company\\\/c-a-b-deco\",\"https:\\\/\\\/www.pinterest.com\\\/cabdeco\\\/\"]}]}<\/script>\n<!-- \/ Yoast SEO plugin. -->","yoast_head_json":{"title":"Hevea 5183 - Espace Cabd\u00e9co \u2013 Mobilier commercial et r\u00e9sidentiel - Montr\u00e9al","description":"This pot-holder consists of a shaped base and three steel columns to which fifteen polypropylene pots are hung.","robots":{"index":"noindex","follow":"follow"},"og_locale":"en_US","og_type":"article","og_title":"Hevea 5183 - Espace Cabd\u00e9co \u2013 Mobilier commercial et r\u00e9sidentiel - Montr\u00e9al","og_description":"This pot-holder consists of a shaped base and three steel columns to which fifteen polypropylene pots are hung.","og_url":"https:\/\/staging.espacecabdeco.ca\/en\/product\/complements\/pot-holder-hevea-5183\/","og_site_name":"Espace Cabd\u00e9co","article_publisher":"https:\/\/www.facebook.com\/CAB-D%c3%a9co-626681560734273\/","article_modified_time":"2026-03-25T03:19:58+00:00","og_image":[{"width":1107,"height":1000,"url":"https:\/\/staging.espacecabdeco.ca\/wp-content\/uploads\/2026\/03\/Hevea-5183_TE-TE2_low.jpg","type":"image\/jpeg"}],"twitter_card":"summary_large_image","twitter_site":"@cabdeco","twitter_misc":{"Est. reading time":"1 minute"},"schema":{"@context":"https:\/\/schema.org","@graph":[{"@type":"WebPage","@id":"https:\/\/staging.espacecabdeco.ca\/en\/product\/complements\/pot-holder-hevea-5183\/","url":"https:\/\/staging.espacecabdeco.ca\/en\/product\/complements\/pot-holder-hevea-5183\/","name":"Hevea 5183 - Espace Cabd\u00e9co \u2013 Mobilier commercial et r\u00e9sidentiel - Montr\u00e9al","isPartOf":{"@id":"https:\/\/staging.espacecabdeco.ca\/en\/#website"},"primaryImageOfPage":{"@id":"https:\/\/staging.espacecabdeco.ca\/en\/product\/complements\/pot-holder-hevea-5183\/#primaryimage"},"image":{"@id":"https:\/\/staging.espacecabdeco.ca\/en\/product\/complements\/pot-holder-hevea-5183\/#primaryimage"},"thumbnailUrl":"https:\/\/staging.espacecabdeco.ca\/wp-content\/uploads\/2026\/03\/Hevea-5183_TE-TE2_low.jpg","datePublished":"2026-03-25T02:05:16+00:00","dateModified":"2026-03-25T03:19:58+00:00","description":"This pot-holder consists of a shaped base and three steel columns to which fifteen polypropylene pots are hung.","breadcrumb":{"@id":"https:\/\/staging.espacecabdeco.ca\/en\/product\/complements\/pot-holder-hevea-5183\/#breadcrumb"},"inLanguage":"en-CA","potentialAction":[{"@type":"ReadAction","target":["https:\/\/staging.espacecabdeco.ca\/en\/product\/complements\/pot-holder-hevea-5183\/"]}]},{"@type":"ImageObject","inLanguage":"en-CA","@id":"https:\/\/staging.espacecabdeco.ca\/en\/product\/complements\/pot-holder-hevea-5183\/#primaryimage","url":"https:\/\/staging.espacecabdeco.ca\/wp-content\/uploads\/2026\/03\/Hevea-5183_TE-TE2_low.jpg","contentUrl":"https:\/\/staging.espacecabdeco.ca\/wp-content\/uploads\/2026\/03\/Hevea-5183_TE-TE2_low.jpg","width":1107,"height":1000,"caption":"Porte-plantes PEDRALI Hevea 5183"},{"@type":"BreadcrumbList","@id":"https:\/\/staging.espacecabdeco.ca\/en\/product\/complements\/pot-holder-hevea-5183\/#breadcrumb","itemListElement":[{"@type":"ListItem","position":1,"name":"Home","item":"https:\/\/staging.espacecabdeco.ca\/en\/"},{"@type":"ListItem","position":2,"name":"Products","item":"https:\/\/staging.espacecabdeco.ca\/en\/?page_id=4"},{"@type":"ListItem","position":3,"name":"Complements","item":"https:\/\/staging.espacecabdeco.ca\/en\/product-category\/complements\/"},{"@type":"ListItem","position":4,"name":"Hevea 5183"}]},{"@type":"WebSite","@id":"https:\/\/staging.espacecabdeco.ca\/en\/#website","url":"https:\/\/staging.espacecabdeco.ca\/en\/","name":"Espace Cabd\u00e9co","description":"Mobilier Commercial et R\u00e9sidentiel \u00e0 Montr\u00e9al","publisher":{"@id":"https:\/\/staging.espacecabdeco.ca\/en\/#organization"},"potentialAction":[{"@type":"SearchAction","target":{"@type":"EntryPoint","urlTemplate":"https:\/\/staging.espacecabdeco.ca\/en\/?s={search_term_string}"},"query-input":{"@type":"PropertyValueSpecification","valueRequired":true,"valueName":"search_term_string"}}],"inLanguage":"en-CA"},{"@type":"Organization","@id":"https:\/\/staging.espacecabdeco.ca\/en\/#organization","name":"Espace Cabd\u00e9co","url":"https:\/\/staging.espacecabdeco.ca\/en\/","logo":{"@type":"ImageObject","inLanguage":"en-CA","@id":"https:\/\/staging.espacecabdeco.ca\/en\/#\/schema\/logo\/image\/","url":"https:\/\/staging.espacecabdeco.ca\/wp-content\/uploads\/2026\/03\/logo-espace-cabdeco.svg","contentUrl":"https:\/\/staging.espacecabdeco.ca\/wp-content\/uploads\/2026\/03\/logo-espace-cabdeco.svg","caption":"Espace Cabd\u00e9co"},"image":{"@id":"https:\/\/staging.espacecabdeco.ca\/en\/#\/schema\/logo\/image\/"},"sameAs":["https:\/\/www.facebook.com\/CAB-D\u00e9co-626681560734273\/","https:\/\/x.com\/cabdeco","http:\/\/instagram.com\/cabdeco","https:\/\/www.linkedin.com\/company\/c-a-b-deco","https:\/\/www.pinterest.com\/cabdeco\/"]}]}},"_links":{"self":[{"href":"https:\/\/staging.espacecabdeco.ca\/en\/wp-json\/wp\/v2\/product\/22802","targetHints":{"allow":["GET"]}}],"collection":[{"href":"https:\/\/staging.espacecabdeco.ca\/en\/wp-json\/wp\/v2\/product"}],"about":[{"href":"https:\/\/staging.espacecabdeco.ca\/en\/wp-json\/wp\/v2\/types\/product"}],"replies":[{"embeddable":true,"href":"https:\/\/staging.espacecabdeco.ca\/en\/wp-json\/wp\/v2\/comments?post=22802"}],"wp:featuredmedia":[{"embeddable":true,"href":"https:\/\/staging.espacecabdeco.ca\/en\/wp-json\/wp\/v2\/media\/22795"}],"wp:attachment":[{"href":"https:\/\/staging.espacecabdeco.ca\/en\/wp-json\/wp\/v2\/media?parent=22802"}],"wp:term":[{"taxonomy":"collection","embeddable":true,"href":"https:\/\/staging.espacecabdeco.ca\/en\/wp-json\/wp\/v2\/collection?post=22802"},{"taxonomy":"product_brand","embeddable":true,"href":"https:\/\/staging.espacecabdeco.ca\/en\/wp-json\/wp\/v2\/product_brand?post=22802"},{"taxonomy":"product_cat","embeddable":true,"href":"https:\/\/staging.espacecabdeco.ca\/en\/wp-json\/wp\/v2\/product_cat?post=22802"},{"taxonomy":"product_tag","embeddable":true,"href":"https:\/\/staging.espacecabdeco.ca\/en\/wp-json\/wp\/v2\/product_tag?post=22802"}],"curies":[{"name":"wp","href":"https:\/\/api.w.org\/{rel}","templated":true}]}}