{"id":16551,"date":"2020-04-14T09:22:50","date_gmt":"2020-04-14T14:22:50","guid":{"rendered":"http:\/\/espacecabdeco.ca\/product\/non%20class\u00e9\/fenix-effet-marbre\/"},"modified":"2025-03-28T14:05:28","modified_gmt":"2025-03-28T19:05:28","slug":"fenix-marble-effect","status":"publish","type":"product","link":"https:\/\/staging.espacecabdeco.ca\/en\/product\/tables\/tops\/fenix-marble-effect\/","title":{"rendered":"FENIX Marble Effect"},"content":{"rendered":"<p>Laminate table top. Marble-effect FENIX finish. Available in a variety of shapes and sizes. Black or white core, with either flat, round, or angled edge. Thickness 0.39&#8243;.<\/p>\n","protected":false},"excerpt":{"rendered":"<p>Laminate table top. Marble-effect FENIX finish. Available in a variety of shapes and sizes. Black or white core, with either flat, round, or angled edge. Thickness 0.39&#8243;.<\/p>\n","protected":false},"featured_media":16546,"comment_status":"closed","ping_status":"closed","template":"","meta":{"_acf_changed":false},"collection":[],"product_brand":[],"product_cat":[146,3013],"product_tag":[],"class_list":{"0":"post-16551","1":"product","2":"type-product","3":"status-publish","4":"has-post-thumbnail","6":"product_cat-tables","7":"product_cat-tops","8":"tables-tops-tables","9":"table-top-finishes-laminated-table-tops","11":"first","12":"instock","13":"shipping-taxable","14":"product-type-simple"},"acf":[],"yoast_head":"<!-- This site is optimized with the Yoast SEO plugin v27.3 - https:\/\/yoast.com\/product\/yoast-seo-wordpress\/ -->\n<title>FENIX Marble Effect - CAB D\u00e9co - Contract Furniture - Montreal<\/title>\n<meta name=\"description\" content=\"Laminate table top. Fenix marble-effect finish. Variety of shapes and sizes. Suitable for contract use. Hospitality, restaurant and hotel furniture.\" \/>\n<meta name=\"robots\" content=\"noindex, follow\" \/>\n<meta property=\"og:locale\" content=\"en_US\" \/>\n<meta property=\"og:type\" content=\"article\" \/>\n<meta property=\"og:title\" content=\"FENIX Marble Effect - CAB D\u00e9co - Contract Furniture - Montreal\" \/>\n<meta property=\"og:description\" content=\"Laminate table top. Fenix marble-effect finish. Variety of shapes and sizes. Suitable for contract use. Hospitality, restaurant and hotel furniture.\" \/>\n<meta property=\"og:url\" content=\"https:\/\/staging.espacecabdeco.ca\/en\/product\/tables\/tops\/fenix-marble-effect\/\" \/>\n<meta property=\"og:site_name\" content=\"Espace Cabd\u00e9co\" \/>\n<meta property=\"article:publisher\" content=\"https:\/\/www.facebook.com\/CAB-D%c3%a9co-626681560734273\/\" \/>\n<meta property=\"article:modified_time\" content=\"2025-03-28T19:05:28+00:00\" \/>\n<meta property=\"og:image\" content=\"https:\/\/staging.espacecabdeco.ca\/wp-content\/uploads\/2020\/04\/Fenix_EffettoMarmo_01_zoom.jpg\" \/>\n\t<meta property=\"og:image:width\" content=\"2000\" \/>\n\t<meta property=\"og:image:height\" content=\"1373\" \/>\n\t<meta property=\"og:image:type\" content=\"image\/jpeg\" \/>\n<meta name=\"twitter:card\" content=\"summary_large_image\" \/>\n<meta name=\"twitter:site\" content=\"@cabdeco\" \/>\n<meta name=\"twitter:label1\" content=\"Est. reading time\" \/>\n\t<meta name=\"twitter:data1\" content=\"1 minute\" \/>\n<script type=\"application\/ld+json\" class=\"yoast-schema-graph\">{\"@context\":\"https:\\\/\\\/schema.org\",\"@graph\":[{\"@type\":\"WebPage\",\"@id\":\"https:\\\/\\\/staging.espacecabdeco.ca\\\/en\\\/product\\\/tables\\\/tops\\\/fenix-marble-effect\\\/\",\"url\":\"https:\\\/\\\/staging.espacecabdeco.ca\\\/en\\\/product\\\/tables\\\/tops\\\/fenix-marble-effect\\\/\",\"name\":\"FENIX Marble Effect - CAB D\u00e9co - Contract Furniture - Montreal\",\"isPartOf\":{\"@id\":\"https:\\\/\\\/staging.espacecabdeco.ca\\\/en\\\/#website\"},\"primaryImageOfPage\":{\"@id\":\"https:\\\/\\\/staging.espacecabdeco.ca\\\/en\\\/product\\\/tables\\\/tops\\\/fenix-marble-effect\\\/#primaryimage\"},\"image\":{\"@id\":\"https:\\\/\\\/staging.espacecabdeco.ca\\\/en\\\/product\\\/tables\\\/tops\\\/fenix-marble-effect\\\/#primaryimage\"},\"thumbnailUrl\":\"https:\\\/\\\/staging.espacecabdeco.ca\\\/wp-content\\\/uploads\\\/2020\\\/04\\\/Fenix_EffettoMarmo_01_zoom.jpg\",\"datePublished\":\"2020-04-14T14:22:50+00:00\",\"dateModified\":\"2025-03-28T19:05:28+00:00\",\"description\":\"Laminate table top. Fenix marble-effect finish. Variety of shapes and sizes. Suitable for contract use. Hospitality, restaurant and hotel furniture.\",\"breadcrumb\":{\"@id\":\"https:\\\/\\\/staging.espacecabdeco.ca\\\/en\\\/product\\\/tables\\\/tops\\\/fenix-marble-effect\\\/#breadcrumb\"},\"inLanguage\":\"en-CA\",\"potentialAction\":[{\"@type\":\"ReadAction\",\"target\":[\"https:\\\/\\\/staging.espacecabdeco.ca\\\/en\\\/product\\\/tables\\\/tops\\\/fenix-marble-effect\\\/\"]}]},{\"@type\":\"ImageObject\",\"inLanguage\":\"en-CA\",\"@id\":\"https:\\\/\\\/staging.espacecabdeco.ca\\\/en\\\/product\\\/tables\\\/tops\\\/fenix-marble-effect\\\/#primaryimage\",\"url\":\"https:\\\/\\\/staging.espacecabdeco.ca\\\/wp-content\\\/uploads\\\/2020\\\/04\\\/Fenix_EffettoMarmo_01_zoom.jpg\",\"contentUrl\":\"https:\\\/\\\/staging.espacecabdeco.ca\\\/wp-content\\\/uploads\\\/2020\\\/04\\\/Fenix_EffettoMarmo_01_zoom.jpg\",\"width\":2000,\"height\":1373},{\"@type\":\"BreadcrumbList\",\"@id\":\"https:\\\/\\\/staging.espacecabdeco.ca\\\/en\\\/product\\\/tables\\\/tops\\\/fenix-marble-effect\\\/#breadcrumb\",\"itemListElement\":[{\"@type\":\"ListItem\",\"position\":1,\"name\":\"Home\",\"item\":\"https:\\\/\\\/staging.espacecabdeco.ca\\\/en\\\/\"},{\"@type\":\"ListItem\",\"position\":2,\"name\":\"Products\",\"item\":\"https:\\\/\\\/staging.espacecabdeco.ca\\\/en\\\/?page_id=4\"},{\"@type\":\"ListItem\",\"position\":3,\"name\":\"Tables\",\"item\":\"https:\\\/\\\/staging.espacecabdeco.ca\\\/en\\\/product-category\\\/tables\\\/\"},{\"@type\":\"ListItem\",\"position\":4,\"name\":\"Tops\",\"item\":\"https:\\\/\\\/staging.espacecabdeco.ca\\\/en\\\/product-category\\\/tables\\\/tops\\\/\"},{\"@type\":\"ListItem\",\"position\":5,\"name\":\"FENIX Marble Effect\"}]},{\"@type\":\"WebSite\",\"@id\":\"https:\\\/\\\/staging.espacecabdeco.ca\\\/en\\\/#website\",\"url\":\"https:\\\/\\\/staging.espacecabdeco.ca\\\/en\\\/\",\"name\":\"Espace Cabd\u00e9co\",\"description\":\"Mobilier Commercial et R\u00e9sidentiel \u00e0 Montr\u00e9al\",\"publisher\":{\"@id\":\"https:\\\/\\\/staging.espacecabdeco.ca\\\/en\\\/#organization\"},\"potentialAction\":[{\"@type\":\"SearchAction\",\"target\":{\"@type\":\"EntryPoint\",\"urlTemplate\":\"https:\\\/\\\/staging.espacecabdeco.ca\\\/en\\\/?s={search_term_string}\"},\"query-input\":{\"@type\":\"PropertyValueSpecification\",\"valueRequired\":true,\"valueName\":\"search_term_string\"}}],\"inLanguage\":\"en-CA\"},{\"@type\":\"Organization\",\"@id\":\"https:\\\/\\\/staging.espacecabdeco.ca\\\/en\\\/#organization\",\"name\":\"Espace Cabd\u00e9co\",\"url\":\"https:\\\/\\\/staging.espacecabdeco.ca\\\/en\\\/\",\"logo\":{\"@type\":\"ImageObject\",\"inLanguage\":\"en-CA\",\"@id\":\"https:\\\/\\\/staging.espacecabdeco.ca\\\/en\\\/#\\\/schema\\\/logo\\\/image\\\/\",\"url\":\"https:\\\/\\\/staging.espacecabdeco.ca\\\/wp-content\\\/uploads\\\/2026\\\/03\\\/logo-espace-cabdeco.svg\",\"contentUrl\":\"https:\\\/\\\/staging.espacecabdeco.ca\\\/wp-content\\\/uploads\\\/2026\\\/03\\\/logo-espace-cabdeco.svg\",\"caption\":\"Espace Cabd\u00e9co\"},\"image\":{\"@id\":\"https:\\\/\\\/staging.espacecabdeco.ca\\\/en\\\/#\\\/schema\\\/logo\\\/image\\\/\"},\"sameAs\":[\"https:\\\/\\\/www.facebook.com\\\/CAB-D\u00e9co-626681560734273\\\/\",\"https:\\\/\\\/x.com\\\/cabdeco\",\"http:\\\/\\\/instagram.com\\\/cabdeco\",\"https:\\\/\\\/www.linkedin.com\\\/company\\\/c-a-b-deco\",\"https:\\\/\\\/www.pinterest.com\\\/cabdeco\\\/\"]}]}<\/script>\n<!-- \/ Yoast SEO plugin. -->","yoast_head_json":{"title":"FENIX Marble Effect - CAB D\u00e9co - Contract Furniture - Montreal","description":"Laminate table top. Fenix marble-effect finish. Variety of shapes and sizes. Suitable for contract use. Hospitality, restaurant and hotel furniture.","robots":{"index":"noindex","follow":"follow"},"og_locale":"en_US","og_type":"article","og_title":"FENIX Marble Effect - CAB D\u00e9co - Contract Furniture - Montreal","og_description":"Laminate table top. Fenix marble-effect finish. Variety of shapes and sizes. Suitable for contract use. Hospitality, restaurant and hotel furniture.","og_url":"https:\/\/staging.espacecabdeco.ca\/en\/product\/tables\/tops\/fenix-marble-effect\/","og_site_name":"Espace Cabd\u00e9co","article_publisher":"https:\/\/www.facebook.com\/CAB-D%c3%a9co-626681560734273\/","article_modified_time":"2025-03-28T19:05:28+00:00","og_image":[{"width":2000,"height":1373,"url":"https:\/\/staging.espacecabdeco.ca\/wp-content\/uploads\/2020\/04\/Fenix_EffettoMarmo_01_zoom.jpg","type":"image\/jpeg"}],"twitter_card":"summary_large_image","twitter_site":"@cabdeco","twitter_misc":{"Est. reading time":"1 minute"},"schema":{"@context":"https:\/\/schema.org","@graph":[{"@type":"WebPage","@id":"https:\/\/staging.espacecabdeco.ca\/en\/product\/tables\/tops\/fenix-marble-effect\/","url":"https:\/\/staging.espacecabdeco.ca\/en\/product\/tables\/tops\/fenix-marble-effect\/","name":"FENIX Marble Effect - CAB D\u00e9co - Contract Furniture - Montreal","isPartOf":{"@id":"https:\/\/staging.espacecabdeco.ca\/en\/#website"},"primaryImageOfPage":{"@id":"https:\/\/staging.espacecabdeco.ca\/en\/product\/tables\/tops\/fenix-marble-effect\/#primaryimage"},"image":{"@id":"https:\/\/staging.espacecabdeco.ca\/en\/product\/tables\/tops\/fenix-marble-effect\/#primaryimage"},"thumbnailUrl":"https:\/\/staging.espacecabdeco.ca\/wp-content\/uploads\/2020\/04\/Fenix_EffettoMarmo_01_zoom.jpg","datePublished":"2020-04-14T14:22:50+00:00","dateModified":"2025-03-28T19:05:28+00:00","description":"Laminate table top. Fenix marble-effect finish. Variety of shapes and sizes. Suitable for contract use. Hospitality, restaurant and hotel furniture.","breadcrumb":{"@id":"https:\/\/staging.espacecabdeco.ca\/en\/product\/tables\/tops\/fenix-marble-effect\/#breadcrumb"},"inLanguage":"en-CA","potentialAction":[{"@type":"ReadAction","target":["https:\/\/staging.espacecabdeco.ca\/en\/product\/tables\/tops\/fenix-marble-effect\/"]}]},{"@type":"ImageObject","inLanguage":"en-CA","@id":"https:\/\/staging.espacecabdeco.ca\/en\/product\/tables\/tops\/fenix-marble-effect\/#primaryimage","url":"https:\/\/staging.espacecabdeco.ca\/wp-content\/uploads\/2020\/04\/Fenix_EffettoMarmo_01_zoom.jpg","contentUrl":"https:\/\/staging.espacecabdeco.ca\/wp-content\/uploads\/2020\/04\/Fenix_EffettoMarmo_01_zoom.jpg","width":2000,"height":1373},{"@type":"BreadcrumbList","@id":"https:\/\/staging.espacecabdeco.ca\/en\/product\/tables\/tops\/fenix-marble-effect\/#breadcrumb","itemListElement":[{"@type":"ListItem","position":1,"name":"Home","item":"https:\/\/staging.espacecabdeco.ca\/en\/"},{"@type":"ListItem","position":2,"name":"Products","item":"https:\/\/staging.espacecabdeco.ca\/en\/?page_id=4"},{"@type":"ListItem","position":3,"name":"Tables","item":"https:\/\/staging.espacecabdeco.ca\/en\/product-category\/tables\/"},{"@type":"ListItem","position":4,"name":"Tops","item":"https:\/\/staging.espacecabdeco.ca\/en\/product-category\/tables\/tops\/"},{"@type":"ListItem","position":5,"name":"FENIX Marble Effect"}]},{"@type":"WebSite","@id":"https:\/\/staging.espacecabdeco.ca\/en\/#website","url":"https:\/\/staging.espacecabdeco.ca\/en\/","name":"Espace Cabd\u00e9co","description":"Mobilier Commercial et R\u00e9sidentiel \u00e0 Montr\u00e9al","publisher":{"@id":"https:\/\/staging.espacecabdeco.ca\/en\/#organization"},"potentialAction":[{"@type":"SearchAction","target":{"@type":"EntryPoint","urlTemplate":"https:\/\/staging.espacecabdeco.ca\/en\/?s={search_term_string}"},"query-input":{"@type":"PropertyValueSpecification","valueRequired":true,"valueName":"search_term_string"}}],"inLanguage":"en-CA"},{"@type":"Organization","@id":"https:\/\/staging.espacecabdeco.ca\/en\/#organization","name":"Espace Cabd\u00e9co","url":"https:\/\/staging.espacecabdeco.ca\/en\/","logo":{"@type":"ImageObject","inLanguage":"en-CA","@id":"https:\/\/staging.espacecabdeco.ca\/en\/#\/schema\/logo\/image\/","url":"https:\/\/staging.espacecabdeco.ca\/wp-content\/uploads\/2026\/03\/logo-espace-cabdeco.svg","contentUrl":"https:\/\/staging.espacecabdeco.ca\/wp-content\/uploads\/2026\/03\/logo-espace-cabdeco.svg","caption":"Espace Cabd\u00e9co"},"image":{"@id":"https:\/\/staging.espacecabdeco.ca\/en\/#\/schema\/logo\/image\/"},"sameAs":["https:\/\/www.facebook.com\/CAB-D\u00e9co-626681560734273\/","https:\/\/x.com\/cabdeco","http:\/\/instagram.com\/cabdeco","https:\/\/www.linkedin.com\/company\/c-a-b-deco","https:\/\/www.pinterest.com\/cabdeco\/"]}]}},"_links":{"self":[{"href":"https:\/\/staging.espacecabdeco.ca\/en\/wp-json\/wp\/v2\/product\/16551","targetHints":{"allow":["GET"]}}],"collection":[{"href":"https:\/\/staging.espacecabdeco.ca\/en\/wp-json\/wp\/v2\/product"}],"about":[{"href":"https:\/\/staging.espacecabdeco.ca\/en\/wp-json\/wp\/v2\/types\/product"}],"replies":[{"embeddable":true,"href":"https:\/\/staging.espacecabdeco.ca\/en\/wp-json\/wp\/v2\/comments?post=16551"}],"wp:featuredmedia":[{"embeddable":true,"href":"https:\/\/staging.espacecabdeco.ca\/en\/wp-json\/wp\/v2\/media\/16546"}],"wp:attachment":[{"href":"https:\/\/staging.espacecabdeco.ca\/en\/wp-json\/wp\/v2\/media?parent=16551"}],"wp:term":[{"taxonomy":"collection","embeddable":true,"href":"https:\/\/staging.espacecabdeco.ca\/en\/wp-json\/wp\/v2\/collection?post=16551"},{"taxonomy":"product_brand","embeddable":true,"href":"https:\/\/staging.espacecabdeco.ca\/en\/wp-json\/wp\/v2\/product_brand?post=16551"},{"taxonomy":"product_cat","embeddable":true,"href":"https:\/\/staging.espacecabdeco.ca\/en\/wp-json\/wp\/v2\/product_cat?post=16551"},{"taxonomy":"product_tag","embeddable":true,"href":"https:\/\/staging.espacecabdeco.ca\/en\/wp-json\/wp\/v2\/product_tag?post=16551"}],"curies":[{"name":"wp","href":"https:\/\/api.w.org\/{rel}","templated":true}]}}