{"id":16017,"date":"2019-09-17T08:37:18","date_gmt":"2019-09-17T13:37:18","guid":{"rendered":"http:\/\/espacecabdeco.ca\/product\/non%20class\u00e9\/basket-2\/"},"modified":"2019-09-17T09:11:26","modified_gmt":"2019-09-17T14:11:26","slug":"basket-2","status":"publish","type":"product","link":"https:\/\/staging.espacecabdeco.ca\/en\/product\/lounge\/1-seater\/basket-2\/","title":{"rendered":"Basket"},"content":{"rendered":"<p>Lounge armchair.\u00a0Convertible backrest, available in two heights. Choice of fixed or\u00a0swivel base. Upholstered seat and backrest, steel frame.<\/p>\n","protected":false},"excerpt":{"rendered":"<p>Lounge armchair.\u00a0Convertible backrest, available in two heights. Choice of fixed or\u00a0swivel base. Upholstered seat and backrest, steel frame.<\/p>\n","protected":false},"featured_media":16015,"comment_status":"closed","ping_status":"closed","template":"","meta":{"_acf_changed":false},"collection":[],"product_brand":[],"product_cat":[3027,2993,147],"product_tag":[],"class_list":{"0":"post-16017","1":"product","2":"type-product","3":"status-publish","4":"has-post-thumbnail","6":"product_cat-1-seater","7":"product_cat-chairs-with-armrests","8":"product_cat-lounge","9":"chairs-armchairs","10":"specifications-rotating-specifications","11":"lounge-seating-1-seat-lounge","12":"back-finishes-upholstered-back","13":"frame-finishes-upholstered","14":"seat-finishes-upholstered-seat","16":"first","17":"instock","18":"shipping-taxable","19":"product-type-simple"},"acf":[],"yoast_head":"<!-- This site is optimized with the Yoast SEO plugin v27.3 - https:\/\/yoast.com\/product\/yoast-seo-wordpress\/ -->\n<title>Basket - CAB D\u00e9co - Contract Furniture - Montr\u00e9al<\/title>\n<meta name=\"description\" content=\"Lounge armchair. Convertible backrest. Fixed or swivel base. Suitable for commercial use. Furniture for hospitality, restaurants, and hotels. Montreal.\" \/>\n<meta name=\"robots\" content=\"noindex, follow\" \/>\n<meta property=\"og:locale\" content=\"en_US\" \/>\n<meta property=\"og:type\" content=\"article\" \/>\n<meta property=\"og:title\" content=\"Basket - CAB D\u00e9co - Contract Furniture - Montr\u00e9al\" \/>\n<meta property=\"og:description\" content=\"Lounge armchair. Convertible backrest. Fixed or swivel base. Suitable for commercial use. Furniture for hospitality, restaurants, and hotels. Montreal.\" \/>\n<meta property=\"og:url\" content=\"https:\/\/staging.espacecabdeco.ca\/en\/product\/lounge\/1-seater\/basket-2\/\" \/>\n<meta property=\"og:site_name\" content=\"Espace Cabd\u00e9co\" \/>\n<meta property=\"article:publisher\" content=\"https:\/\/www.facebook.com\/CAB-D%c3%a9co-626681560734273\/\" \/>\n<meta property=\"article:modified_time\" content=\"2019-09-17T14:11:26+00:00\" \/>\n<meta property=\"og:image\" content=\"https:\/\/staging.espacecabdeco.ca\/wp-content\/uploads\/2019\/09\/BASKET_pink.png\" \/>\n\t<meta property=\"og:image:width\" content=\"910\" \/>\n\t<meta property=\"og:image:height\" content=\"1087\" \/>\n\t<meta property=\"og:image:type\" content=\"image\/png\" \/>\n<meta name=\"twitter:card\" content=\"summary_large_image\" \/>\n<meta name=\"twitter:site\" content=\"@cabdeco\" \/>\n<script type=\"application\/ld+json\" class=\"yoast-schema-graph\">{\"@context\":\"https:\\\/\\\/schema.org\",\"@graph\":[{\"@type\":\"WebPage\",\"@id\":\"https:\\\/\\\/staging.espacecabdeco.ca\\\/en\\\/product\\\/lounge\\\/1-seater\\\/basket-2\\\/\",\"url\":\"https:\\\/\\\/staging.espacecabdeco.ca\\\/en\\\/product\\\/lounge\\\/1-seater\\\/basket-2\\\/\",\"name\":\"Basket - CAB D\u00e9co - Contract Furniture - Montr\u00e9al\",\"isPartOf\":{\"@id\":\"https:\\\/\\\/staging.espacecabdeco.ca\\\/en\\\/#website\"},\"primaryImageOfPage\":{\"@id\":\"https:\\\/\\\/staging.espacecabdeco.ca\\\/en\\\/product\\\/lounge\\\/1-seater\\\/basket-2\\\/#primaryimage\"},\"image\":{\"@id\":\"https:\\\/\\\/staging.espacecabdeco.ca\\\/en\\\/product\\\/lounge\\\/1-seater\\\/basket-2\\\/#primaryimage\"},\"thumbnailUrl\":\"https:\\\/\\\/staging.espacecabdeco.ca\\\/wp-content\\\/uploads\\\/2019\\\/09\\\/BASKET_pink.png\",\"datePublished\":\"2019-09-17T13:37:18+00:00\",\"dateModified\":\"2019-09-17T14:11:26+00:00\",\"description\":\"Lounge armchair. Convertible backrest. Fixed or swivel base. Suitable for commercial use. Furniture for hospitality, restaurants, and hotels. Montreal.\",\"breadcrumb\":{\"@id\":\"https:\\\/\\\/staging.espacecabdeco.ca\\\/en\\\/product\\\/lounge\\\/1-seater\\\/basket-2\\\/#breadcrumb\"},\"inLanguage\":\"en-CA\",\"potentialAction\":[{\"@type\":\"ReadAction\",\"target\":[\"https:\\\/\\\/staging.espacecabdeco.ca\\\/en\\\/product\\\/lounge\\\/1-seater\\\/basket-2\\\/\"]}]},{\"@type\":\"ImageObject\",\"inLanguage\":\"en-CA\",\"@id\":\"https:\\\/\\\/staging.espacecabdeco.ca\\\/en\\\/product\\\/lounge\\\/1-seater\\\/basket-2\\\/#primaryimage\",\"url\":\"https:\\\/\\\/staging.espacecabdeco.ca\\\/wp-content\\\/uploads\\\/2019\\\/09\\\/BASKET_pink.png\",\"contentUrl\":\"https:\\\/\\\/staging.espacecabdeco.ca\\\/wp-content\\\/uploads\\\/2019\\\/09\\\/BASKET_pink.png\",\"width\":910,\"height\":1087},{\"@type\":\"BreadcrumbList\",\"@id\":\"https:\\\/\\\/staging.espacecabdeco.ca\\\/en\\\/product\\\/lounge\\\/1-seater\\\/basket-2\\\/#breadcrumb\",\"itemListElement\":[{\"@type\":\"ListItem\",\"position\":1,\"name\":\"Home\",\"item\":\"https:\\\/\\\/staging.espacecabdeco.ca\\\/en\\\/\"},{\"@type\":\"ListItem\",\"position\":2,\"name\":\"Products\",\"item\":\"https:\\\/\\\/staging.espacecabdeco.ca\\\/en\\\/?page_id=4\"},{\"@type\":\"ListItem\",\"position\":3,\"name\":\"Lounge\",\"item\":\"https:\\\/\\\/staging.espacecabdeco.ca\\\/en\\\/product-category\\\/lounge\\\/\"},{\"@type\":\"ListItem\",\"position\":4,\"name\":\"1-seater\",\"item\":\"https:\\\/\\\/staging.espacecabdeco.ca\\\/en\\\/product-category\\\/lounge\\\/1-seater\\\/\"},{\"@type\":\"ListItem\",\"position\":5,\"name\":\"Basket\"}]},{\"@type\":\"WebSite\",\"@id\":\"https:\\\/\\\/staging.espacecabdeco.ca\\\/en\\\/#website\",\"url\":\"https:\\\/\\\/staging.espacecabdeco.ca\\\/en\\\/\",\"name\":\"Espace Cabd\u00e9co\",\"description\":\"Mobilier Commercial et R\u00e9sidentiel \u00e0 Montr\u00e9al\",\"publisher\":{\"@id\":\"https:\\\/\\\/staging.espacecabdeco.ca\\\/en\\\/#organization\"},\"potentialAction\":[{\"@type\":\"SearchAction\",\"target\":{\"@type\":\"EntryPoint\",\"urlTemplate\":\"https:\\\/\\\/staging.espacecabdeco.ca\\\/en\\\/?s={search_term_string}\"},\"query-input\":{\"@type\":\"PropertyValueSpecification\",\"valueRequired\":true,\"valueName\":\"search_term_string\"}}],\"inLanguage\":\"en-CA\"},{\"@type\":\"Organization\",\"@id\":\"https:\\\/\\\/staging.espacecabdeco.ca\\\/en\\\/#organization\",\"name\":\"Espace Cabd\u00e9co\",\"url\":\"https:\\\/\\\/staging.espacecabdeco.ca\\\/en\\\/\",\"logo\":{\"@type\":\"ImageObject\",\"inLanguage\":\"en-CA\",\"@id\":\"https:\\\/\\\/staging.espacecabdeco.ca\\\/en\\\/#\\\/schema\\\/logo\\\/image\\\/\",\"url\":\"https:\\\/\\\/staging.espacecabdeco.ca\\\/wp-content\\\/uploads\\\/2026\\\/03\\\/logo-espace-cabdeco.svg\",\"contentUrl\":\"https:\\\/\\\/staging.espacecabdeco.ca\\\/wp-content\\\/uploads\\\/2026\\\/03\\\/logo-espace-cabdeco.svg\",\"caption\":\"Espace Cabd\u00e9co\"},\"image\":{\"@id\":\"https:\\\/\\\/staging.espacecabdeco.ca\\\/en\\\/#\\\/schema\\\/logo\\\/image\\\/\"},\"sameAs\":[\"https:\\\/\\\/www.facebook.com\\\/CAB-D\u00e9co-626681560734273\\\/\",\"https:\\\/\\\/x.com\\\/cabdeco\",\"http:\\\/\\\/instagram.com\\\/cabdeco\",\"https:\\\/\\\/www.linkedin.com\\\/company\\\/c-a-b-deco\",\"https:\\\/\\\/www.pinterest.com\\\/cabdeco\\\/\"]}]}<\/script>\n<!-- \/ Yoast SEO plugin. -->","yoast_head_json":{"title":"Basket - CAB D\u00e9co - Contract Furniture - Montr\u00e9al","description":"Lounge armchair. Convertible backrest. Fixed or swivel base. Suitable for commercial use. Furniture for hospitality, restaurants, and hotels. Montreal.","robots":{"index":"noindex","follow":"follow"},"og_locale":"en_US","og_type":"article","og_title":"Basket - CAB D\u00e9co - Contract Furniture - Montr\u00e9al","og_description":"Lounge armchair. Convertible backrest. Fixed or swivel base. Suitable for commercial use. Furniture for hospitality, restaurants, and hotels. Montreal.","og_url":"https:\/\/staging.espacecabdeco.ca\/en\/product\/lounge\/1-seater\/basket-2\/","og_site_name":"Espace Cabd\u00e9co","article_publisher":"https:\/\/www.facebook.com\/CAB-D%c3%a9co-626681560734273\/","article_modified_time":"2019-09-17T14:11:26+00:00","og_image":[{"width":910,"height":1087,"url":"https:\/\/staging.espacecabdeco.ca\/wp-content\/uploads\/2019\/09\/BASKET_pink.png","type":"image\/png"}],"twitter_card":"summary_large_image","twitter_site":"@cabdeco","schema":{"@context":"https:\/\/schema.org","@graph":[{"@type":"WebPage","@id":"https:\/\/staging.espacecabdeco.ca\/en\/product\/lounge\/1-seater\/basket-2\/","url":"https:\/\/staging.espacecabdeco.ca\/en\/product\/lounge\/1-seater\/basket-2\/","name":"Basket - CAB D\u00e9co - Contract Furniture - Montr\u00e9al","isPartOf":{"@id":"https:\/\/staging.espacecabdeco.ca\/en\/#website"},"primaryImageOfPage":{"@id":"https:\/\/staging.espacecabdeco.ca\/en\/product\/lounge\/1-seater\/basket-2\/#primaryimage"},"image":{"@id":"https:\/\/staging.espacecabdeco.ca\/en\/product\/lounge\/1-seater\/basket-2\/#primaryimage"},"thumbnailUrl":"https:\/\/staging.espacecabdeco.ca\/wp-content\/uploads\/2019\/09\/BASKET_pink.png","datePublished":"2019-09-17T13:37:18+00:00","dateModified":"2019-09-17T14:11:26+00:00","description":"Lounge armchair. Convertible backrest. Fixed or swivel base. Suitable for commercial use. Furniture for hospitality, restaurants, and hotels. Montreal.","breadcrumb":{"@id":"https:\/\/staging.espacecabdeco.ca\/en\/product\/lounge\/1-seater\/basket-2\/#breadcrumb"},"inLanguage":"en-CA","potentialAction":[{"@type":"ReadAction","target":["https:\/\/staging.espacecabdeco.ca\/en\/product\/lounge\/1-seater\/basket-2\/"]}]},{"@type":"ImageObject","inLanguage":"en-CA","@id":"https:\/\/staging.espacecabdeco.ca\/en\/product\/lounge\/1-seater\/basket-2\/#primaryimage","url":"https:\/\/staging.espacecabdeco.ca\/wp-content\/uploads\/2019\/09\/BASKET_pink.png","contentUrl":"https:\/\/staging.espacecabdeco.ca\/wp-content\/uploads\/2019\/09\/BASKET_pink.png","width":910,"height":1087},{"@type":"BreadcrumbList","@id":"https:\/\/staging.espacecabdeco.ca\/en\/product\/lounge\/1-seater\/basket-2\/#breadcrumb","itemListElement":[{"@type":"ListItem","position":1,"name":"Home","item":"https:\/\/staging.espacecabdeco.ca\/en\/"},{"@type":"ListItem","position":2,"name":"Products","item":"https:\/\/staging.espacecabdeco.ca\/en\/?page_id=4"},{"@type":"ListItem","position":3,"name":"Lounge","item":"https:\/\/staging.espacecabdeco.ca\/en\/product-category\/lounge\/"},{"@type":"ListItem","position":4,"name":"1-seater","item":"https:\/\/staging.espacecabdeco.ca\/en\/product-category\/lounge\/1-seater\/"},{"@type":"ListItem","position":5,"name":"Basket"}]},{"@type":"WebSite","@id":"https:\/\/staging.espacecabdeco.ca\/en\/#website","url":"https:\/\/staging.espacecabdeco.ca\/en\/","name":"Espace Cabd\u00e9co","description":"Mobilier Commercial et R\u00e9sidentiel \u00e0 Montr\u00e9al","publisher":{"@id":"https:\/\/staging.espacecabdeco.ca\/en\/#organization"},"potentialAction":[{"@type":"SearchAction","target":{"@type":"EntryPoint","urlTemplate":"https:\/\/staging.espacecabdeco.ca\/en\/?s={search_term_string}"},"query-input":{"@type":"PropertyValueSpecification","valueRequired":true,"valueName":"search_term_string"}}],"inLanguage":"en-CA"},{"@type":"Organization","@id":"https:\/\/staging.espacecabdeco.ca\/en\/#organization","name":"Espace Cabd\u00e9co","url":"https:\/\/staging.espacecabdeco.ca\/en\/","logo":{"@type":"ImageObject","inLanguage":"en-CA","@id":"https:\/\/staging.espacecabdeco.ca\/en\/#\/schema\/logo\/image\/","url":"https:\/\/staging.espacecabdeco.ca\/wp-content\/uploads\/2026\/03\/logo-espace-cabdeco.svg","contentUrl":"https:\/\/staging.espacecabdeco.ca\/wp-content\/uploads\/2026\/03\/logo-espace-cabdeco.svg","caption":"Espace Cabd\u00e9co"},"image":{"@id":"https:\/\/staging.espacecabdeco.ca\/en\/#\/schema\/logo\/image\/"},"sameAs":["https:\/\/www.facebook.com\/CAB-D\u00e9co-626681560734273\/","https:\/\/x.com\/cabdeco","http:\/\/instagram.com\/cabdeco","https:\/\/www.linkedin.com\/company\/c-a-b-deco","https:\/\/www.pinterest.com\/cabdeco\/"]}]}},"_links":{"self":[{"href":"https:\/\/staging.espacecabdeco.ca\/en\/wp-json\/wp\/v2\/product\/16017","targetHints":{"allow":["GET"]}}],"collection":[{"href":"https:\/\/staging.espacecabdeco.ca\/en\/wp-json\/wp\/v2\/product"}],"about":[{"href":"https:\/\/staging.espacecabdeco.ca\/en\/wp-json\/wp\/v2\/types\/product"}],"replies":[{"embeddable":true,"href":"https:\/\/staging.espacecabdeco.ca\/en\/wp-json\/wp\/v2\/comments?post=16017"}],"wp:featuredmedia":[{"embeddable":true,"href":"https:\/\/staging.espacecabdeco.ca\/en\/wp-json\/wp\/v2\/media\/16015"}],"wp:attachment":[{"href":"https:\/\/staging.espacecabdeco.ca\/en\/wp-json\/wp\/v2\/media?parent=16017"}],"wp:term":[{"taxonomy":"collection","embeddable":true,"href":"https:\/\/staging.espacecabdeco.ca\/en\/wp-json\/wp\/v2\/collection?post=16017"},{"taxonomy":"product_brand","embeddable":true,"href":"https:\/\/staging.espacecabdeco.ca\/en\/wp-json\/wp\/v2\/product_brand?post=16017"},{"taxonomy":"product_cat","embeddable":true,"href":"https:\/\/staging.espacecabdeco.ca\/en\/wp-json\/wp\/v2\/product_cat?post=16017"},{"taxonomy":"product_tag","embeddable":true,"href":"https:\/\/staging.espacecabdeco.ca\/en\/wp-json\/wp\/v2\/product_tag?post=16017"}],"curies":[{"name":"wp","href":"https:\/\/api.w.org\/{rel}","templated":true}]}}