{"id":1559,"date":"2016-01-08T14:19:27","date_gmt":"2016-01-08T19:19:27","guid":{"rendered":"http:\/\/espacecabdeco.ca\/en\/product\/uncategorized\/host-222\/"},"modified":"2026-04-11T07:29:57","modified_gmt":"2026-04-11T12:29:57","slug":"host-222","status":"publish","type":"product","link":"https:\/\/staging.espacecabdeco.ca\/en\/product\/lounge\/1-seater\/host-222\/","title":{"rendered":"Host 222"},"content":{"rendered":"<p>Modular counter height seat. Corner element, upholstered seat and back, chromed or powder coated square steel tub frame. Couple of linking devices included.<\/p>\n<p>C.O.M. Minimum 10 units.\u00a0 2.25 yards.<\/p>\n<p><a href=\"http:\/\/espacecabdeco.ca\/en\/care-instructions-2\/\"><span style=\"text-decoration: underline;\">Care instructions &gt;<\/span><\/a><\/p>\n","protected":false},"excerpt":{"rendered":"<p>Modular counter height seat. Corner element, upholstered seat and back, chromed or powder coated square steel tub frame. Couple of linking devices included. C.O.M. Minimum 10 units.\u00a0 2.25 yards. Care instructions &gt;<\/p>\n","protected":false},"featured_media":1554,"comment_status":"open","ping_status":"closed","template":"","meta":{"_acf_changed":false},"collection":[3092],"product_brand":[],"product_cat":[3027,3002,147,3033,7],"product_tag":[],"class_list":{"0":"post-1559","1":"product","2":"type-product","3":"status-publish","4":"has-post-thumbnail","6":"collection-host","7":"product_cat-1-seater","8":"product_cat-counter-stools","9":"product_cat-lounge","10":"product_cat-sectionals","11":"product_cat-stools","12":"stools-counter-stools","13":"lounge-seating-1-seat-lounge","14":"lounge-seating-sectionnals-lounge","15":"back-finishes-upholstered-back","16":"frame-finishes-metal-structure","17":"public-seating-modular-public","18":"seat-finishes-upholstered-seat","20":"first","21":"instock","22":"shipping-taxable","23":"product-type-simple"},"acf":[],"yoast_head":"<!-- This site is optimized with the Yoast SEO plugin v27.3 - https:\/\/yoast.com\/product\/yoast-seo-wordpress\/ -->\n<title>Host 222 - CAB D\u00e9co - Contract and Residential Furniture - Montreal<\/title>\n<meta name=\"description\" content=\"Host 222 - Counter height modular sofa, metal base. Corner element. Suitable for contract use. Sofa and lounge furniture for home and public use.\" \/>\n<meta name=\"robots\" content=\"noindex, follow\" \/>\n<meta property=\"og:locale\" content=\"en_US\" \/>\n<meta property=\"og:type\" content=\"article\" \/>\n<meta property=\"og:title\" content=\"Host 222 - CAB D\u00e9co - Contract and Residential Furniture - Montreal\" \/>\n<meta property=\"og:description\" content=\"Host 222 - Counter height modular sofa, metal base. Corner element. Suitable for contract use. Sofa and lounge furniture for home and public use.\" \/>\n<meta property=\"og:url\" content=\"https:\/\/staging.espacecabdeco.ca\/en\/product\/lounge\/1-seater\/host-222\/\" \/>\n<meta property=\"og:site_name\" content=\"Espace Cabd\u00e9co\" \/>\n<meta property=\"article:publisher\" content=\"https:\/\/www.facebook.com\/CAB-D%c3%a9co-626681560734273\/\" \/>\n<meta property=\"article:modified_time\" content=\"2026-04-11T12:29:57+00:00\" \/>\n<meta property=\"og:image\" content=\"https:\/\/staging.espacecabdeco.ca\/wp-content\/uploads\/2015\/10\/host-222-h700-gray-02.jpg\" \/>\n\t<meta property=\"og:image:width\" content=\"620\" \/>\n\t<meta property=\"og:image:height\" content=\"560\" \/>\n\t<meta property=\"og:image:type\" content=\"image\/jpeg\" \/>\n<meta name=\"twitter:card\" content=\"summary_large_image\" \/>\n<meta name=\"twitter:site\" content=\"@cabdeco\" \/>\n<script type=\"application\/ld+json\" class=\"yoast-schema-graph\">{\"@context\":\"https:\\\/\\\/schema.org\",\"@graph\":[{\"@type\":\"WebPage\",\"@id\":\"https:\\\/\\\/staging.espacecabdeco.ca\\\/en\\\/product\\\/lounge\\\/1-seater\\\/host-222\\\/\",\"url\":\"https:\\\/\\\/staging.espacecabdeco.ca\\\/en\\\/product\\\/lounge\\\/1-seater\\\/host-222\\\/\",\"name\":\"Host 222 - CAB D\u00e9co - Contract and Residential Furniture - Montreal\",\"isPartOf\":{\"@id\":\"https:\\\/\\\/staging.espacecabdeco.ca\\\/en\\\/#website\"},\"primaryImageOfPage\":{\"@id\":\"https:\\\/\\\/staging.espacecabdeco.ca\\\/en\\\/product\\\/lounge\\\/1-seater\\\/host-222\\\/#primaryimage\"},\"image\":{\"@id\":\"https:\\\/\\\/staging.espacecabdeco.ca\\\/en\\\/product\\\/lounge\\\/1-seater\\\/host-222\\\/#primaryimage\"},\"thumbnailUrl\":\"https:\\\/\\\/staging.espacecabdeco.ca\\\/wp-content\\\/uploads\\\/2015\\\/10\\\/host-222-h700-gray-02.jpg\",\"datePublished\":\"2016-01-08T19:19:27+00:00\",\"dateModified\":\"2026-04-11T12:29:57+00:00\",\"description\":\"Host 222 - Counter height modular sofa, metal base. Corner element. Suitable for contract use. Sofa and lounge furniture for home and public use.\",\"breadcrumb\":{\"@id\":\"https:\\\/\\\/staging.espacecabdeco.ca\\\/en\\\/product\\\/lounge\\\/1-seater\\\/host-222\\\/#breadcrumb\"},\"inLanguage\":\"en-CA\",\"potentialAction\":[{\"@type\":\"ReadAction\",\"target\":[\"https:\\\/\\\/staging.espacecabdeco.ca\\\/en\\\/product\\\/lounge\\\/1-seater\\\/host-222\\\/\"]}]},{\"@type\":\"ImageObject\",\"inLanguage\":\"en-CA\",\"@id\":\"https:\\\/\\\/staging.espacecabdeco.ca\\\/en\\\/product\\\/lounge\\\/1-seater\\\/host-222\\\/#primaryimage\",\"url\":\"https:\\\/\\\/staging.espacecabdeco.ca\\\/wp-content\\\/uploads\\\/2015\\\/10\\\/host-222-h700-gray-02.jpg\",\"contentUrl\":\"https:\\\/\\\/staging.espacecabdeco.ca\\\/wp-content\\\/uploads\\\/2015\\\/10\\\/host-222-h700-gray-02.jpg\",\"width\":620,\"height\":560,\"caption\":\"host 222 - h700 - gray - 02\"},{\"@type\":\"BreadcrumbList\",\"@id\":\"https:\\\/\\\/staging.espacecabdeco.ca\\\/en\\\/product\\\/lounge\\\/1-seater\\\/host-222\\\/#breadcrumb\",\"itemListElement\":[{\"@type\":\"ListItem\",\"position\":1,\"name\":\"Home\",\"item\":\"https:\\\/\\\/staging.espacecabdeco.ca\\\/en\\\/\"},{\"@type\":\"ListItem\",\"position\":2,\"name\":\"Products\",\"item\":\"https:\\\/\\\/staging.espacecabdeco.ca\\\/en\\\/?page_id=4\"},{\"@type\":\"ListItem\",\"position\":3,\"name\":\"Lounge\",\"item\":\"https:\\\/\\\/staging.espacecabdeco.ca\\\/en\\\/product-category\\\/lounge\\\/\"},{\"@type\":\"ListItem\",\"position\":4,\"name\":\"1-seater\",\"item\":\"https:\\\/\\\/staging.espacecabdeco.ca\\\/en\\\/product-category\\\/lounge\\\/1-seater\\\/\"},{\"@type\":\"ListItem\",\"position\":5,\"name\":\"Host 222\"}]},{\"@type\":\"WebSite\",\"@id\":\"https:\\\/\\\/staging.espacecabdeco.ca\\\/en\\\/#website\",\"url\":\"https:\\\/\\\/staging.espacecabdeco.ca\\\/en\\\/\",\"name\":\"Espace Cabd\u00e9co\",\"description\":\"Mobilier Commercial et R\u00e9sidentiel \u00e0 Montr\u00e9al\",\"publisher\":{\"@id\":\"https:\\\/\\\/staging.espacecabdeco.ca\\\/en\\\/#organization\"},\"potentialAction\":[{\"@type\":\"SearchAction\",\"target\":{\"@type\":\"EntryPoint\",\"urlTemplate\":\"https:\\\/\\\/staging.espacecabdeco.ca\\\/en\\\/?s={search_term_string}\"},\"query-input\":{\"@type\":\"PropertyValueSpecification\",\"valueRequired\":true,\"valueName\":\"search_term_string\"}}],\"inLanguage\":\"en-CA\"},{\"@type\":\"Organization\",\"@id\":\"https:\\\/\\\/staging.espacecabdeco.ca\\\/en\\\/#organization\",\"name\":\"Espace Cabd\u00e9co\",\"url\":\"https:\\\/\\\/staging.espacecabdeco.ca\\\/en\\\/\",\"logo\":{\"@type\":\"ImageObject\",\"inLanguage\":\"en-CA\",\"@id\":\"https:\\\/\\\/staging.espacecabdeco.ca\\\/en\\\/#\\\/schema\\\/logo\\\/image\\\/\",\"url\":\"https:\\\/\\\/staging.espacecabdeco.ca\\\/wp-content\\\/uploads\\\/2026\\\/03\\\/logo-espace-cabdeco.svg\",\"contentUrl\":\"https:\\\/\\\/staging.espacecabdeco.ca\\\/wp-content\\\/uploads\\\/2026\\\/03\\\/logo-espace-cabdeco.svg\",\"caption\":\"Espace Cabd\u00e9co\"},\"image\":{\"@id\":\"https:\\\/\\\/staging.espacecabdeco.ca\\\/en\\\/#\\\/schema\\\/logo\\\/image\\\/\"},\"sameAs\":[\"https:\\\/\\\/www.facebook.com\\\/CAB-D\u00e9co-626681560734273\\\/\",\"https:\\\/\\\/x.com\\\/cabdeco\",\"http:\\\/\\\/instagram.com\\\/cabdeco\",\"https:\\\/\\\/www.linkedin.com\\\/company\\\/c-a-b-deco\",\"https:\\\/\\\/www.pinterest.com\\\/cabdeco\\\/\"]}]}<\/script>\n<!-- \/ Yoast SEO plugin. -->","yoast_head_json":{"title":"Host 222 - CAB D\u00e9co - Contract and Residential Furniture - Montreal","description":"Host 222 - Counter height modular sofa, metal base. Corner element. Suitable for contract use. Sofa and lounge furniture for home and public use.","robots":{"index":"noindex","follow":"follow"},"og_locale":"en_US","og_type":"article","og_title":"Host 222 - CAB D\u00e9co - Contract and Residential Furniture - Montreal","og_description":"Host 222 - Counter height modular sofa, metal base. Corner element. Suitable for contract use. Sofa and lounge furniture for home and public use.","og_url":"https:\/\/staging.espacecabdeco.ca\/en\/product\/lounge\/1-seater\/host-222\/","og_site_name":"Espace Cabd\u00e9co","article_publisher":"https:\/\/www.facebook.com\/CAB-D%c3%a9co-626681560734273\/","article_modified_time":"2026-04-11T12:29:57+00:00","og_image":[{"width":620,"height":560,"url":"https:\/\/staging.espacecabdeco.ca\/wp-content\/uploads\/2015\/10\/host-222-h700-gray-02.jpg","type":"image\/jpeg"}],"twitter_card":"summary_large_image","twitter_site":"@cabdeco","schema":{"@context":"https:\/\/schema.org","@graph":[{"@type":"WebPage","@id":"https:\/\/staging.espacecabdeco.ca\/en\/product\/lounge\/1-seater\/host-222\/","url":"https:\/\/staging.espacecabdeco.ca\/en\/product\/lounge\/1-seater\/host-222\/","name":"Host 222 - CAB D\u00e9co - Contract and Residential Furniture - Montreal","isPartOf":{"@id":"https:\/\/staging.espacecabdeco.ca\/en\/#website"},"primaryImageOfPage":{"@id":"https:\/\/staging.espacecabdeco.ca\/en\/product\/lounge\/1-seater\/host-222\/#primaryimage"},"image":{"@id":"https:\/\/staging.espacecabdeco.ca\/en\/product\/lounge\/1-seater\/host-222\/#primaryimage"},"thumbnailUrl":"https:\/\/staging.espacecabdeco.ca\/wp-content\/uploads\/2015\/10\/host-222-h700-gray-02.jpg","datePublished":"2016-01-08T19:19:27+00:00","dateModified":"2026-04-11T12:29:57+00:00","description":"Host 222 - Counter height modular sofa, metal base. Corner element. Suitable for contract use. Sofa and lounge furniture for home and public use.","breadcrumb":{"@id":"https:\/\/staging.espacecabdeco.ca\/en\/product\/lounge\/1-seater\/host-222\/#breadcrumb"},"inLanguage":"en-CA","potentialAction":[{"@type":"ReadAction","target":["https:\/\/staging.espacecabdeco.ca\/en\/product\/lounge\/1-seater\/host-222\/"]}]},{"@type":"ImageObject","inLanguage":"en-CA","@id":"https:\/\/staging.espacecabdeco.ca\/en\/product\/lounge\/1-seater\/host-222\/#primaryimage","url":"https:\/\/staging.espacecabdeco.ca\/wp-content\/uploads\/2015\/10\/host-222-h700-gray-02.jpg","contentUrl":"https:\/\/staging.espacecabdeco.ca\/wp-content\/uploads\/2015\/10\/host-222-h700-gray-02.jpg","width":620,"height":560,"caption":"host 222 - h700 - gray - 02"},{"@type":"BreadcrumbList","@id":"https:\/\/staging.espacecabdeco.ca\/en\/product\/lounge\/1-seater\/host-222\/#breadcrumb","itemListElement":[{"@type":"ListItem","position":1,"name":"Home","item":"https:\/\/staging.espacecabdeco.ca\/en\/"},{"@type":"ListItem","position":2,"name":"Products","item":"https:\/\/staging.espacecabdeco.ca\/en\/?page_id=4"},{"@type":"ListItem","position":3,"name":"Lounge","item":"https:\/\/staging.espacecabdeco.ca\/en\/product-category\/lounge\/"},{"@type":"ListItem","position":4,"name":"1-seater","item":"https:\/\/staging.espacecabdeco.ca\/en\/product-category\/lounge\/1-seater\/"},{"@type":"ListItem","position":5,"name":"Host 222"}]},{"@type":"WebSite","@id":"https:\/\/staging.espacecabdeco.ca\/en\/#website","url":"https:\/\/staging.espacecabdeco.ca\/en\/","name":"Espace Cabd\u00e9co","description":"Mobilier Commercial et R\u00e9sidentiel \u00e0 Montr\u00e9al","publisher":{"@id":"https:\/\/staging.espacecabdeco.ca\/en\/#organization"},"potentialAction":[{"@type":"SearchAction","target":{"@type":"EntryPoint","urlTemplate":"https:\/\/staging.espacecabdeco.ca\/en\/?s={search_term_string}"},"query-input":{"@type":"PropertyValueSpecification","valueRequired":true,"valueName":"search_term_string"}}],"inLanguage":"en-CA"},{"@type":"Organization","@id":"https:\/\/staging.espacecabdeco.ca\/en\/#organization","name":"Espace Cabd\u00e9co","url":"https:\/\/staging.espacecabdeco.ca\/en\/","logo":{"@type":"ImageObject","inLanguage":"en-CA","@id":"https:\/\/staging.espacecabdeco.ca\/en\/#\/schema\/logo\/image\/","url":"https:\/\/staging.espacecabdeco.ca\/wp-content\/uploads\/2026\/03\/logo-espace-cabdeco.svg","contentUrl":"https:\/\/staging.espacecabdeco.ca\/wp-content\/uploads\/2026\/03\/logo-espace-cabdeco.svg","caption":"Espace Cabd\u00e9co"},"image":{"@id":"https:\/\/staging.espacecabdeco.ca\/en\/#\/schema\/logo\/image\/"},"sameAs":["https:\/\/www.facebook.com\/CAB-D\u00e9co-626681560734273\/","https:\/\/x.com\/cabdeco","http:\/\/instagram.com\/cabdeco","https:\/\/www.linkedin.com\/company\/c-a-b-deco","https:\/\/www.pinterest.com\/cabdeco\/"]}]}},"_links":{"self":[{"href":"https:\/\/staging.espacecabdeco.ca\/en\/wp-json\/wp\/v2\/product\/1559","targetHints":{"allow":["GET"]}}],"collection":[{"href":"https:\/\/staging.espacecabdeco.ca\/en\/wp-json\/wp\/v2\/product"}],"about":[{"href":"https:\/\/staging.espacecabdeco.ca\/en\/wp-json\/wp\/v2\/types\/product"}],"replies":[{"embeddable":true,"href":"https:\/\/staging.espacecabdeco.ca\/en\/wp-json\/wp\/v2\/comments?post=1559"}],"wp:featuredmedia":[{"embeddable":true,"href":"https:\/\/staging.espacecabdeco.ca\/en\/wp-json\/wp\/v2\/media\/1554"}],"wp:attachment":[{"href":"https:\/\/staging.espacecabdeco.ca\/en\/wp-json\/wp\/v2\/media?parent=1559"}],"wp:term":[{"taxonomy":"collection","embeddable":true,"href":"https:\/\/staging.espacecabdeco.ca\/en\/wp-json\/wp\/v2\/collection?post=1559"},{"taxonomy":"product_brand","embeddable":true,"href":"https:\/\/staging.espacecabdeco.ca\/en\/wp-json\/wp\/v2\/product_brand?post=1559"},{"taxonomy":"product_cat","embeddable":true,"href":"https:\/\/staging.espacecabdeco.ca\/en\/wp-json\/wp\/v2\/product_cat?post=1559"},{"taxonomy":"product_tag","embeddable":true,"href":"https:\/\/staging.espacecabdeco.ca\/en\/wp-json\/wp\/v2\/product_tag?post=1559"}],"curies":[{"name":"wp","href":"https:\/\/api.w.org\/{rel}","templated":true}]}}