{"id":15206,"date":"2018-09-19T13:39:37","date_gmt":"2018-09-19T18:39:37","guid":{"rendered":"http:\/\/espacecabdeco.ca\/product\/non%20class\u00e9\/arki\/"},"modified":"2026-03-28T16:00:09","modified_gmt":"2026-03-28T21:00:09","slug":"en-arki","status":"publish","type":"product","link":"https:\/\/staging.espacecabdeco.ca\/en\/product\/tables\/standard-tables\/en-arki\/","title":{"rendered":"Arki"},"content":{"rendered":"<p>Table with a laminate top, aluminium frame and steel legs. Suitable for office and workspace environments.\u00a0Also available in the CC60 option, which includes a slit for cable management.<\/p>\n<p>*Some colors are suitable for outdoor use.<\/p>\n<p>*Other available sizes\u00a0:\u00a039.25&#8221; x 78.75&#8221; x 29.25&#8221;H \/\u00a039.25&#8221; x 94.50&#8221; x 29.25&#8221;H \/ 47.25&#8221; x\u00a078.75&#8221; x 29.25&#8221;H \/ 47.25&#8221; x 94.50&#8221; x 29.25&#8221;H\u00a0\/ 47.25&#8221; x 141.75&#8221; x 29.25&#8221;H<\/p>\n","protected":false},"excerpt":{"rendered":"<p>Table with a laminate top, aluminium frame and steel legs. Suitable for office and workspace environments.\u00a0Also available in the CC60 option, which includes a slit for cable management. *Some colors are suitable for outdoor use. *Other available sizes\u00a0:\u00a039.25&#8221; x 78.75&#8221; x 29.25&#8221;H \/\u00a039.25&#8221; x 94.50&#8221; x 29.25&#8221;H \/ 47.25&#8221; x\u00a078.75&#8221; x 29.25&#8221;H \/ 47.25&#8221; x [&hellip;]<\/p>\n","protected":false},"featured_media":15192,"comment_status":"open","ping_status":"closed","template":"","meta":{"_acf_changed":false},"collection":[3079],"product_brand":[],"product_cat":[3021,2906,3017,146],"product_tag":[],"class_list":{"0":"post-15206","1":"product","2":"type-product","3":"status-publish","4":"has-post-thumbnail","6":"collection-arki","7":"product_cat-conference-tables","8":"product_cat-outdoor","9":"product_cat-standard-tables","10":"product_cat-tables","11":"tables-full-tables","12":"tables-standard-tables","13":"table-top-finishes-laminated-table-tops","15":"first","16":"instock","17":"shipping-taxable","18":"product-type-simple"},"acf":[],"yoast_head":"<!-- This site is optimized with the Yoast SEO plugin v27.3 - https:\/\/yoast.com\/product\/yoast-seo-wordpress\/ -->\n<title>Arki - CAB Deco - Contract furniture - Montr\u00e9al<\/title>\n<meta name=\"description\" content=\"Arki - Table with a laminate top. Suitable for office and workspace environments. Furniture for restaurants, workplace or hospitality.\" \/>\n<meta name=\"robots\" content=\"noindex, follow\" \/>\n<meta property=\"og:locale\" content=\"en_US\" \/>\n<meta property=\"og:type\" content=\"article\" \/>\n<meta property=\"og:title\" content=\"Arki - CAB Deco - Contract furniture - Montr\u00e9al\" \/>\n<meta property=\"og:description\" content=\"Arki - Table with a laminate top. Suitable for office and workspace environments. Furniture for restaurants, workplace or hospitality.\" \/>\n<meta property=\"og:url\" content=\"https:\/\/staging.espacecabdeco.ca\/en\/product\/tables\/standard-tables\/en-arki\/\" \/>\n<meta property=\"og:site_name\" content=\"Espace Cabd\u00e9co\" \/>\n<meta property=\"article:publisher\" content=\"https:\/\/www.facebook.com\/CAB-D%c3%a9co-626681560734273\/\" \/>\n<meta property=\"article:modified_time\" content=\"2026-03-28T21:00:09+00:00\" \/>\n<meta property=\"og:image\" content=\"https:\/\/staging.espacecabdeco.ca\/wp-content\/uploads\/2018\/09\/Pedrali_Arki-Table_ARK_slider_01.jpg\" \/>\n\t<meta property=\"og:image:width\" content=\"1776\" \/>\n\t<meta property=\"og:image:height\" content=\"1800\" \/>\n\t<meta property=\"og:image:type\" content=\"image\/jpeg\" \/>\n<meta name=\"twitter:card\" content=\"summary_large_image\" \/>\n<meta name=\"twitter:site\" content=\"@cabdeco\" \/>\n<script type=\"application\/ld+json\" class=\"yoast-schema-graph\">{\"@context\":\"https:\\\/\\\/schema.org\",\"@graph\":[{\"@type\":\"WebPage\",\"@id\":\"https:\\\/\\\/staging.espacecabdeco.ca\\\/en\\\/product\\\/tables\\\/standard-tables\\\/en-arki\\\/\",\"url\":\"https:\\\/\\\/staging.espacecabdeco.ca\\\/en\\\/product\\\/tables\\\/standard-tables\\\/en-arki\\\/\",\"name\":\"Arki - CAB Deco - Contract furniture - Montr\u00e9al\",\"isPartOf\":{\"@id\":\"https:\\\/\\\/staging.espacecabdeco.ca\\\/en\\\/#website\"},\"primaryImageOfPage\":{\"@id\":\"https:\\\/\\\/staging.espacecabdeco.ca\\\/en\\\/product\\\/tables\\\/standard-tables\\\/en-arki\\\/#primaryimage\"},\"image\":{\"@id\":\"https:\\\/\\\/staging.espacecabdeco.ca\\\/en\\\/product\\\/tables\\\/standard-tables\\\/en-arki\\\/#primaryimage\"},\"thumbnailUrl\":\"https:\\\/\\\/staging.espacecabdeco.ca\\\/wp-content\\\/uploads\\\/2018\\\/09\\\/Pedrali_Arki-Table_ARK_slider_01.jpg\",\"datePublished\":\"2018-09-19T18:39:37+00:00\",\"dateModified\":\"2026-03-28T21:00:09+00:00\",\"description\":\"Arki - Table with a laminate top. Suitable for office and workspace environments. Furniture for restaurants, workplace or hospitality.\",\"breadcrumb\":{\"@id\":\"https:\\\/\\\/staging.espacecabdeco.ca\\\/en\\\/product\\\/tables\\\/standard-tables\\\/en-arki\\\/#breadcrumb\"},\"inLanguage\":\"en-CA\",\"potentialAction\":[{\"@type\":\"ReadAction\",\"target\":[\"https:\\\/\\\/staging.espacecabdeco.ca\\\/en\\\/product\\\/tables\\\/standard-tables\\\/en-arki\\\/\"]}]},{\"@type\":\"ImageObject\",\"inLanguage\":\"en-CA\",\"@id\":\"https:\\\/\\\/staging.espacecabdeco.ca\\\/en\\\/product\\\/tables\\\/standard-tables\\\/en-arki\\\/#primaryimage\",\"url\":\"https:\\\/\\\/staging.espacecabdeco.ca\\\/wp-content\\\/uploads\\\/2018\\\/09\\\/Pedrali_Arki-Table_ARK_slider_01.jpg\",\"contentUrl\":\"https:\\\/\\\/staging.espacecabdeco.ca\\\/wp-content\\\/uploads\\\/2018\\\/09\\\/Pedrali_Arki-Table_ARK_slider_01.jpg\",\"width\":1776,\"height\":1800},{\"@type\":\"BreadcrumbList\",\"@id\":\"https:\\\/\\\/staging.espacecabdeco.ca\\\/en\\\/product\\\/tables\\\/standard-tables\\\/en-arki\\\/#breadcrumb\",\"itemListElement\":[{\"@type\":\"ListItem\",\"position\":1,\"name\":\"Home\",\"item\":\"https:\\\/\\\/staging.espacecabdeco.ca\\\/en\\\/\"},{\"@type\":\"ListItem\",\"position\":2,\"name\":\"Products\",\"item\":\"https:\\\/\\\/staging.espacecabdeco.ca\\\/en\\\/?page_id=4\"},{\"@type\":\"ListItem\",\"position\":3,\"name\":\"Tables\",\"item\":\"https:\\\/\\\/staging.espacecabdeco.ca\\\/en\\\/product-category\\\/tables\\\/\"},{\"@type\":\"ListItem\",\"position\":4,\"name\":\"Standard tables\",\"item\":\"https:\\\/\\\/staging.espacecabdeco.ca\\\/en\\\/product-category\\\/tables\\\/standard-tables\\\/\"},{\"@type\":\"ListItem\",\"position\":5,\"name\":\"Arki\"}]},{\"@type\":\"WebSite\",\"@id\":\"https:\\\/\\\/staging.espacecabdeco.ca\\\/en\\\/#website\",\"url\":\"https:\\\/\\\/staging.espacecabdeco.ca\\\/en\\\/\",\"name\":\"Espace Cabd\u00e9co\",\"description\":\"Mobilier Commercial et R\u00e9sidentiel \u00e0 Montr\u00e9al\",\"publisher\":{\"@id\":\"https:\\\/\\\/staging.espacecabdeco.ca\\\/en\\\/#organization\"},\"potentialAction\":[{\"@type\":\"SearchAction\",\"target\":{\"@type\":\"EntryPoint\",\"urlTemplate\":\"https:\\\/\\\/staging.espacecabdeco.ca\\\/en\\\/?s={search_term_string}\"},\"query-input\":{\"@type\":\"PropertyValueSpecification\",\"valueRequired\":true,\"valueName\":\"search_term_string\"}}],\"inLanguage\":\"en-CA\"},{\"@type\":\"Organization\",\"@id\":\"https:\\\/\\\/staging.espacecabdeco.ca\\\/en\\\/#organization\",\"name\":\"Espace Cabd\u00e9co\",\"url\":\"https:\\\/\\\/staging.espacecabdeco.ca\\\/en\\\/\",\"logo\":{\"@type\":\"ImageObject\",\"inLanguage\":\"en-CA\",\"@id\":\"https:\\\/\\\/staging.espacecabdeco.ca\\\/en\\\/#\\\/schema\\\/logo\\\/image\\\/\",\"url\":\"https:\\\/\\\/staging.espacecabdeco.ca\\\/wp-content\\\/uploads\\\/2026\\\/03\\\/logo-espace-cabdeco.svg\",\"contentUrl\":\"https:\\\/\\\/staging.espacecabdeco.ca\\\/wp-content\\\/uploads\\\/2026\\\/03\\\/logo-espace-cabdeco.svg\",\"caption\":\"Espace Cabd\u00e9co\"},\"image\":{\"@id\":\"https:\\\/\\\/staging.espacecabdeco.ca\\\/en\\\/#\\\/schema\\\/logo\\\/image\\\/\"},\"sameAs\":[\"https:\\\/\\\/www.facebook.com\\\/CAB-D\u00e9co-626681560734273\\\/\",\"https:\\\/\\\/x.com\\\/cabdeco\",\"http:\\\/\\\/instagram.com\\\/cabdeco\",\"https:\\\/\\\/www.linkedin.com\\\/company\\\/c-a-b-deco\",\"https:\\\/\\\/www.pinterest.com\\\/cabdeco\\\/\"]}]}<\/script>\n<!-- \/ Yoast SEO plugin. -->","yoast_head_json":{"title":"Arki - CAB Deco - Contract furniture - Montr\u00e9al","description":"Arki - Table with a laminate top. Suitable for office and workspace environments. Furniture for restaurants, workplace or hospitality.","robots":{"index":"noindex","follow":"follow"},"og_locale":"en_US","og_type":"article","og_title":"Arki - CAB Deco - Contract furniture - Montr\u00e9al","og_description":"Arki - Table with a laminate top. Suitable for office and workspace environments. Furniture for restaurants, workplace or hospitality.","og_url":"https:\/\/staging.espacecabdeco.ca\/en\/product\/tables\/standard-tables\/en-arki\/","og_site_name":"Espace Cabd\u00e9co","article_publisher":"https:\/\/www.facebook.com\/CAB-D%c3%a9co-626681560734273\/","article_modified_time":"2026-03-28T21:00:09+00:00","og_image":[{"width":1776,"height":1800,"url":"https:\/\/staging.espacecabdeco.ca\/wp-content\/uploads\/2018\/09\/Pedrali_Arki-Table_ARK_slider_01.jpg","type":"image\/jpeg"}],"twitter_card":"summary_large_image","twitter_site":"@cabdeco","schema":{"@context":"https:\/\/schema.org","@graph":[{"@type":"WebPage","@id":"https:\/\/staging.espacecabdeco.ca\/en\/product\/tables\/standard-tables\/en-arki\/","url":"https:\/\/staging.espacecabdeco.ca\/en\/product\/tables\/standard-tables\/en-arki\/","name":"Arki - CAB Deco - Contract furniture - Montr\u00e9al","isPartOf":{"@id":"https:\/\/staging.espacecabdeco.ca\/en\/#website"},"primaryImageOfPage":{"@id":"https:\/\/staging.espacecabdeco.ca\/en\/product\/tables\/standard-tables\/en-arki\/#primaryimage"},"image":{"@id":"https:\/\/staging.espacecabdeco.ca\/en\/product\/tables\/standard-tables\/en-arki\/#primaryimage"},"thumbnailUrl":"https:\/\/staging.espacecabdeco.ca\/wp-content\/uploads\/2018\/09\/Pedrali_Arki-Table_ARK_slider_01.jpg","datePublished":"2018-09-19T18:39:37+00:00","dateModified":"2026-03-28T21:00:09+00:00","description":"Arki - Table with a laminate top. Suitable for office and workspace environments. Furniture for restaurants, workplace or hospitality.","breadcrumb":{"@id":"https:\/\/staging.espacecabdeco.ca\/en\/product\/tables\/standard-tables\/en-arki\/#breadcrumb"},"inLanguage":"en-CA","potentialAction":[{"@type":"ReadAction","target":["https:\/\/staging.espacecabdeco.ca\/en\/product\/tables\/standard-tables\/en-arki\/"]}]},{"@type":"ImageObject","inLanguage":"en-CA","@id":"https:\/\/staging.espacecabdeco.ca\/en\/product\/tables\/standard-tables\/en-arki\/#primaryimage","url":"https:\/\/staging.espacecabdeco.ca\/wp-content\/uploads\/2018\/09\/Pedrali_Arki-Table_ARK_slider_01.jpg","contentUrl":"https:\/\/staging.espacecabdeco.ca\/wp-content\/uploads\/2018\/09\/Pedrali_Arki-Table_ARK_slider_01.jpg","width":1776,"height":1800},{"@type":"BreadcrumbList","@id":"https:\/\/staging.espacecabdeco.ca\/en\/product\/tables\/standard-tables\/en-arki\/#breadcrumb","itemListElement":[{"@type":"ListItem","position":1,"name":"Home","item":"https:\/\/staging.espacecabdeco.ca\/en\/"},{"@type":"ListItem","position":2,"name":"Products","item":"https:\/\/staging.espacecabdeco.ca\/en\/?page_id=4"},{"@type":"ListItem","position":3,"name":"Tables","item":"https:\/\/staging.espacecabdeco.ca\/en\/product-category\/tables\/"},{"@type":"ListItem","position":4,"name":"Standard tables","item":"https:\/\/staging.espacecabdeco.ca\/en\/product-category\/tables\/standard-tables\/"},{"@type":"ListItem","position":5,"name":"Arki"}]},{"@type":"WebSite","@id":"https:\/\/staging.espacecabdeco.ca\/en\/#website","url":"https:\/\/staging.espacecabdeco.ca\/en\/","name":"Espace Cabd\u00e9co","description":"Mobilier Commercial et R\u00e9sidentiel \u00e0 Montr\u00e9al","publisher":{"@id":"https:\/\/staging.espacecabdeco.ca\/en\/#organization"},"potentialAction":[{"@type":"SearchAction","target":{"@type":"EntryPoint","urlTemplate":"https:\/\/staging.espacecabdeco.ca\/en\/?s={search_term_string}"},"query-input":{"@type":"PropertyValueSpecification","valueRequired":true,"valueName":"search_term_string"}}],"inLanguage":"en-CA"},{"@type":"Organization","@id":"https:\/\/staging.espacecabdeco.ca\/en\/#organization","name":"Espace Cabd\u00e9co","url":"https:\/\/staging.espacecabdeco.ca\/en\/","logo":{"@type":"ImageObject","inLanguage":"en-CA","@id":"https:\/\/staging.espacecabdeco.ca\/en\/#\/schema\/logo\/image\/","url":"https:\/\/staging.espacecabdeco.ca\/wp-content\/uploads\/2026\/03\/logo-espace-cabdeco.svg","contentUrl":"https:\/\/staging.espacecabdeco.ca\/wp-content\/uploads\/2026\/03\/logo-espace-cabdeco.svg","caption":"Espace Cabd\u00e9co"},"image":{"@id":"https:\/\/staging.espacecabdeco.ca\/en\/#\/schema\/logo\/image\/"},"sameAs":["https:\/\/www.facebook.com\/CAB-D\u00e9co-626681560734273\/","https:\/\/x.com\/cabdeco","http:\/\/instagram.com\/cabdeco","https:\/\/www.linkedin.com\/company\/c-a-b-deco","https:\/\/www.pinterest.com\/cabdeco\/"]}]}},"_links":{"self":[{"href":"https:\/\/staging.espacecabdeco.ca\/en\/wp-json\/wp\/v2\/product\/15206","targetHints":{"allow":["GET"]}}],"collection":[{"href":"https:\/\/staging.espacecabdeco.ca\/en\/wp-json\/wp\/v2\/product"}],"about":[{"href":"https:\/\/staging.espacecabdeco.ca\/en\/wp-json\/wp\/v2\/types\/product"}],"replies":[{"embeddable":true,"href":"https:\/\/staging.espacecabdeco.ca\/en\/wp-json\/wp\/v2\/comments?post=15206"}],"wp:featuredmedia":[{"embeddable":true,"href":"https:\/\/staging.espacecabdeco.ca\/en\/wp-json\/wp\/v2\/media\/15192"}],"wp:attachment":[{"href":"https:\/\/staging.espacecabdeco.ca\/en\/wp-json\/wp\/v2\/media?parent=15206"}],"wp:term":[{"taxonomy":"collection","embeddable":true,"href":"https:\/\/staging.espacecabdeco.ca\/en\/wp-json\/wp\/v2\/collection?post=15206"},{"taxonomy":"product_brand","embeddable":true,"href":"https:\/\/staging.espacecabdeco.ca\/en\/wp-json\/wp\/v2\/product_brand?post=15206"},{"taxonomy":"product_cat","embeddable":true,"href":"https:\/\/staging.espacecabdeco.ca\/en\/wp-json\/wp\/v2\/product_cat?post=15206"},{"taxonomy":"product_tag","embeddable":true,"href":"https:\/\/staging.espacecabdeco.ca\/en\/wp-json\/wp\/v2\/product_tag?post=15206"}],"curies":[{"name":"wp","href":"https:\/\/api.w.org\/{rel}","templated":true}]}}