{"id":11297,"date":"2016-12-02T15:39:39","date_gmt":"2016-12-02T19:39:39","guid":{"rendered":"http:\/\/espacecabdeco.ca\/en\/product\/non%20class\u00e9\/malmo-mltd-h36\/"},"modified":"2026-04-11T08:06:09","modified_gmt":"2026-04-11T13:06:09","slug":"malmo-mltd-h36","status":"publish","type":"product","link":"https:\/\/staging.espacecabdeco.ca\/en\/product\/tables\/low-tables\/malmo-mltd-h36\/","title":{"rendered":"Malmo MLTD H36"},"content":{"rendered":"<p>Side table. Lacquered MDF, ash veneered or compact laminate round top. Solid ash wood frame with 3 tapered legs. Low height.<\/p>\n<p>Different dimensions available.<\/p>\n","protected":false},"excerpt":{"rendered":"<p>Side table. Lacquered MDF, ash veneered or compact laminate round top. Solid ash wood frame with 3 tapered legs. Low height. Different dimensions available.<\/p>\n","protected":false},"featured_media":11110,"comment_status":"open","ping_status":"closed","template":"","meta":{"_acf_changed":false},"collection":[3101],"product_brand":[],"product_cat":[3015,146],"product_tag":[],"class_list":{"0":"post-11297","1":"product","2":"type-product","3":"status-publish","4":"has-post-thumbnail","6":"collection-malmo","7":"product_cat-low-tables","8":"product_cat-tables","9":"tables-full-tables","10":"tables-occasional-tables","11":"frame-finishes-wood-structure","12":"table-top-finishes-compact-table-tops","13":"table-top-finishes-laminated-table-tops","15":"first","16":"instock","17":"shipping-taxable","18":"product-type-simple"},"acf":[],"yoast_head":"<!-- This site is optimized with the Yoast SEO plugin v27.3 - https:\/\/yoast.com\/product\/yoast-seo-wordpress\/ -->\n<title>Malmo MLTD h36 - CAB D\u00e9co - Contract and Residential Furniture<\/title>\n<meta name=\"description\" content=\"Malmo MLTD h36 - Wooden coffee table. Standard height. Suitable for contract use. Home, hospitality, restaurant and hotel furniture.\" \/>\n<meta name=\"robots\" content=\"noindex, follow\" \/>\n<meta property=\"og:locale\" content=\"en_US\" \/>\n<meta property=\"og:type\" content=\"article\" \/>\n<meta property=\"og:title\" content=\"Malmo MLTD h36 - CAB D\u00e9co - Contract and Residential Furniture\" \/>\n<meta property=\"og:description\" content=\"Malmo MLTD h36 - Wooden coffee table. Standard height. Suitable for contract use. Home, hospitality, restaurant and hotel furniture.\" \/>\n<meta property=\"og:url\" content=\"https:\/\/staging.espacecabdeco.ca\/en\/product\/tables\/low-tables\/malmo-mltd-h36\/\" \/>\n<meta property=\"og:site_name\" content=\"Espace Cabd\u00e9co\" \/>\n<meta property=\"article:publisher\" content=\"https:\/\/www.facebook.com\/CAB-D%c3%a9co-626681560734273\/\" \/>\n<meta property=\"article:modified_time\" content=\"2026-04-11T13:06:09+00:00\" \/>\n<meta property=\"og:image\" content=\"https:\/\/staging.espacecabdeco.ca\/wp-content\/uploads\/2016\/11\/malmo-mltd-100x36.jpg\" \/>\n\t<meta property=\"og:image:width\" content=\"620\" \/>\n\t<meta property=\"og:image:height\" content=\"560\" \/>\n\t<meta property=\"og:image:type\" content=\"image\/jpeg\" \/>\n<meta name=\"twitter:card\" content=\"summary_large_image\" \/>\n<meta name=\"twitter:site\" content=\"@cabdeco\" \/>\n<script type=\"application\/ld+json\" class=\"yoast-schema-graph\">{\"@context\":\"https:\\\/\\\/schema.org\",\"@graph\":[{\"@type\":\"WebPage\",\"@id\":\"https:\\\/\\\/staging.espacecabdeco.ca\\\/en\\\/product\\\/tables\\\/low-tables\\\/malmo-mltd-h36\\\/\",\"url\":\"https:\\\/\\\/staging.espacecabdeco.ca\\\/en\\\/product\\\/tables\\\/low-tables\\\/malmo-mltd-h36\\\/\",\"name\":\"Malmo MLTD h36 - CAB D\u00e9co - Contract and Residential Furniture\",\"isPartOf\":{\"@id\":\"https:\\\/\\\/staging.espacecabdeco.ca\\\/en\\\/#website\"},\"primaryImageOfPage\":{\"@id\":\"https:\\\/\\\/staging.espacecabdeco.ca\\\/en\\\/product\\\/tables\\\/low-tables\\\/malmo-mltd-h36\\\/#primaryimage\"},\"image\":{\"@id\":\"https:\\\/\\\/staging.espacecabdeco.ca\\\/en\\\/product\\\/tables\\\/low-tables\\\/malmo-mltd-h36\\\/#primaryimage\"},\"thumbnailUrl\":\"https:\\\/\\\/staging.espacecabdeco.ca\\\/wp-content\\\/uploads\\\/2016\\\/11\\\/malmo-mltd-100x36.jpg\",\"datePublished\":\"2016-12-02T19:39:39+00:00\",\"dateModified\":\"2026-04-11T13:06:09+00:00\",\"description\":\"Malmo MLTD h36 - Wooden coffee table. Standard height. Suitable for contract use. Home, hospitality, restaurant and hotel furniture.\",\"breadcrumb\":{\"@id\":\"https:\\\/\\\/staging.espacecabdeco.ca\\\/en\\\/product\\\/tables\\\/low-tables\\\/malmo-mltd-h36\\\/#breadcrumb\"},\"inLanguage\":\"en-CA\",\"potentialAction\":[{\"@type\":\"ReadAction\",\"target\":[\"https:\\\/\\\/staging.espacecabdeco.ca\\\/en\\\/product\\\/tables\\\/low-tables\\\/malmo-mltd-h36\\\/\"]}]},{\"@type\":\"ImageObject\",\"inLanguage\":\"en-CA\",\"@id\":\"https:\\\/\\\/staging.espacecabdeco.ca\\\/en\\\/product\\\/tables\\\/low-tables\\\/malmo-mltd-h36\\\/#primaryimage\",\"url\":\"https:\\\/\\\/staging.espacecabdeco.ca\\\/wp-content\\\/uploads\\\/2016\\\/11\\\/malmo-mltd-100x36.jpg\",\"contentUrl\":\"https:\\\/\\\/staging.espacecabdeco.ca\\\/wp-content\\\/uploads\\\/2016\\\/11\\\/malmo-mltd-100x36.jpg\",\"width\":620,\"height\":560},{\"@type\":\"BreadcrumbList\",\"@id\":\"https:\\\/\\\/staging.espacecabdeco.ca\\\/en\\\/product\\\/tables\\\/low-tables\\\/malmo-mltd-h36\\\/#breadcrumb\",\"itemListElement\":[{\"@type\":\"ListItem\",\"position\":1,\"name\":\"Home\",\"item\":\"https:\\\/\\\/staging.espacecabdeco.ca\\\/en\\\/\"},{\"@type\":\"ListItem\",\"position\":2,\"name\":\"Products\",\"item\":\"https:\\\/\\\/staging.espacecabdeco.ca\\\/en\\\/?page_id=4\"},{\"@type\":\"ListItem\",\"position\":3,\"name\":\"Tables\",\"item\":\"https:\\\/\\\/staging.espacecabdeco.ca\\\/en\\\/product-category\\\/tables\\\/\"},{\"@type\":\"ListItem\",\"position\":4,\"name\":\"Low tables\",\"item\":\"https:\\\/\\\/staging.espacecabdeco.ca\\\/en\\\/product-category\\\/tables\\\/low-tables\\\/\"},{\"@type\":\"ListItem\",\"position\":5,\"name\":\"Malmo MLTD H36\"}]},{\"@type\":\"WebSite\",\"@id\":\"https:\\\/\\\/staging.espacecabdeco.ca\\\/en\\\/#website\",\"url\":\"https:\\\/\\\/staging.espacecabdeco.ca\\\/en\\\/\",\"name\":\"Espace Cabd\u00e9co\",\"description\":\"Mobilier Commercial et R\u00e9sidentiel \u00e0 Montr\u00e9al\",\"publisher\":{\"@id\":\"https:\\\/\\\/staging.espacecabdeco.ca\\\/en\\\/#organization\"},\"potentialAction\":[{\"@type\":\"SearchAction\",\"target\":{\"@type\":\"EntryPoint\",\"urlTemplate\":\"https:\\\/\\\/staging.espacecabdeco.ca\\\/en\\\/?s={search_term_string}\"},\"query-input\":{\"@type\":\"PropertyValueSpecification\",\"valueRequired\":true,\"valueName\":\"search_term_string\"}}],\"inLanguage\":\"en-CA\"},{\"@type\":\"Organization\",\"@id\":\"https:\\\/\\\/staging.espacecabdeco.ca\\\/en\\\/#organization\",\"name\":\"Espace Cabd\u00e9co\",\"url\":\"https:\\\/\\\/staging.espacecabdeco.ca\\\/en\\\/\",\"logo\":{\"@type\":\"ImageObject\",\"inLanguage\":\"en-CA\",\"@id\":\"https:\\\/\\\/staging.espacecabdeco.ca\\\/en\\\/#\\\/schema\\\/logo\\\/image\\\/\",\"url\":\"https:\\\/\\\/staging.espacecabdeco.ca\\\/wp-content\\\/uploads\\\/2026\\\/03\\\/logo-espace-cabdeco.svg\",\"contentUrl\":\"https:\\\/\\\/staging.espacecabdeco.ca\\\/wp-content\\\/uploads\\\/2026\\\/03\\\/logo-espace-cabdeco.svg\",\"caption\":\"Espace Cabd\u00e9co\"},\"image\":{\"@id\":\"https:\\\/\\\/staging.espacecabdeco.ca\\\/en\\\/#\\\/schema\\\/logo\\\/image\\\/\"},\"sameAs\":[\"https:\\\/\\\/www.facebook.com\\\/CAB-D\u00e9co-626681560734273\\\/\",\"https:\\\/\\\/x.com\\\/cabdeco\",\"http:\\\/\\\/instagram.com\\\/cabdeco\",\"https:\\\/\\\/www.linkedin.com\\\/company\\\/c-a-b-deco\",\"https:\\\/\\\/www.pinterest.com\\\/cabdeco\\\/\"]}]}<\/script>\n<!-- \/ Yoast SEO plugin. -->","yoast_head_json":{"title":"Malmo MLTD h36 - CAB D\u00e9co - Contract and Residential Furniture","description":"Malmo MLTD h36 - Wooden coffee table. Standard height. Suitable for contract use. Home, hospitality, restaurant and hotel furniture.","robots":{"index":"noindex","follow":"follow"},"og_locale":"en_US","og_type":"article","og_title":"Malmo MLTD h36 - CAB D\u00e9co - Contract and Residential Furniture","og_description":"Malmo MLTD h36 - Wooden coffee table. Standard height. Suitable for contract use. Home, hospitality, restaurant and hotel furniture.","og_url":"https:\/\/staging.espacecabdeco.ca\/en\/product\/tables\/low-tables\/malmo-mltd-h36\/","og_site_name":"Espace Cabd\u00e9co","article_publisher":"https:\/\/www.facebook.com\/CAB-D%c3%a9co-626681560734273\/","article_modified_time":"2026-04-11T13:06:09+00:00","og_image":[{"width":620,"height":560,"url":"https:\/\/staging.espacecabdeco.ca\/wp-content\/uploads\/2016\/11\/malmo-mltd-100x36.jpg","type":"image\/jpeg"}],"twitter_card":"summary_large_image","twitter_site":"@cabdeco","schema":{"@context":"https:\/\/schema.org","@graph":[{"@type":"WebPage","@id":"https:\/\/staging.espacecabdeco.ca\/en\/product\/tables\/low-tables\/malmo-mltd-h36\/","url":"https:\/\/staging.espacecabdeco.ca\/en\/product\/tables\/low-tables\/malmo-mltd-h36\/","name":"Malmo MLTD h36 - CAB D\u00e9co - Contract and Residential Furniture","isPartOf":{"@id":"https:\/\/staging.espacecabdeco.ca\/en\/#website"},"primaryImageOfPage":{"@id":"https:\/\/staging.espacecabdeco.ca\/en\/product\/tables\/low-tables\/malmo-mltd-h36\/#primaryimage"},"image":{"@id":"https:\/\/staging.espacecabdeco.ca\/en\/product\/tables\/low-tables\/malmo-mltd-h36\/#primaryimage"},"thumbnailUrl":"https:\/\/staging.espacecabdeco.ca\/wp-content\/uploads\/2016\/11\/malmo-mltd-100x36.jpg","datePublished":"2016-12-02T19:39:39+00:00","dateModified":"2026-04-11T13:06:09+00:00","description":"Malmo MLTD h36 - Wooden coffee table. Standard height. Suitable for contract use. Home, hospitality, restaurant and hotel furniture.","breadcrumb":{"@id":"https:\/\/staging.espacecabdeco.ca\/en\/product\/tables\/low-tables\/malmo-mltd-h36\/#breadcrumb"},"inLanguage":"en-CA","potentialAction":[{"@type":"ReadAction","target":["https:\/\/staging.espacecabdeco.ca\/en\/product\/tables\/low-tables\/malmo-mltd-h36\/"]}]},{"@type":"ImageObject","inLanguage":"en-CA","@id":"https:\/\/staging.espacecabdeco.ca\/en\/product\/tables\/low-tables\/malmo-mltd-h36\/#primaryimage","url":"https:\/\/staging.espacecabdeco.ca\/wp-content\/uploads\/2016\/11\/malmo-mltd-100x36.jpg","contentUrl":"https:\/\/staging.espacecabdeco.ca\/wp-content\/uploads\/2016\/11\/malmo-mltd-100x36.jpg","width":620,"height":560},{"@type":"BreadcrumbList","@id":"https:\/\/staging.espacecabdeco.ca\/en\/product\/tables\/low-tables\/malmo-mltd-h36\/#breadcrumb","itemListElement":[{"@type":"ListItem","position":1,"name":"Home","item":"https:\/\/staging.espacecabdeco.ca\/en\/"},{"@type":"ListItem","position":2,"name":"Products","item":"https:\/\/staging.espacecabdeco.ca\/en\/?page_id=4"},{"@type":"ListItem","position":3,"name":"Tables","item":"https:\/\/staging.espacecabdeco.ca\/en\/product-category\/tables\/"},{"@type":"ListItem","position":4,"name":"Low tables","item":"https:\/\/staging.espacecabdeco.ca\/en\/product-category\/tables\/low-tables\/"},{"@type":"ListItem","position":5,"name":"Malmo MLTD H36"}]},{"@type":"WebSite","@id":"https:\/\/staging.espacecabdeco.ca\/en\/#website","url":"https:\/\/staging.espacecabdeco.ca\/en\/","name":"Espace Cabd\u00e9co","description":"Mobilier Commercial et R\u00e9sidentiel \u00e0 Montr\u00e9al","publisher":{"@id":"https:\/\/staging.espacecabdeco.ca\/en\/#organization"},"potentialAction":[{"@type":"SearchAction","target":{"@type":"EntryPoint","urlTemplate":"https:\/\/staging.espacecabdeco.ca\/en\/?s={search_term_string}"},"query-input":{"@type":"PropertyValueSpecification","valueRequired":true,"valueName":"search_term_string"}}],"inLanguage":"en-CA"},{"@type":"Organization","@id":"https:\/\/staging.espacecabdeco.ca\/en\/#organization","name":"Espace Cabd\u00e9co","url":"https:\/\/staging.espacecabdeco.ca\/en\/","logo":{"@type":"ImageObject","inLanguage":"en-CA","@id":"https:\/\/staging.espacecabdeco.ca\/en\/#\/schema\/logo\/image\/","url":"https:\/\/staging.espacecabdeco.ca\/wp-content\/uploads\/2026\/03\/logo-espace-cabdeco.svg","contentUrl":"https:\/\/staging.espacecabdeco.ca\/wp-content\/uploads\/2026\/03\/logo-espace-cabdeco.svg","caption":"Espace Cabd\u00e9co"},"image":{"@id":"https:\/\/staging.espacecabdeco.ca\/en\/#\/schema\/logo\/image\/"},"sameAs":["https:\/\/www.facebook.com\/CAB-D\u00e9co-626681560734273\/","https:\/\/x.com\/cabdeco","http:\/\/instagram.com\/cabdeco","https:\/\/www.linkedin.com\/company\/c-a-b-deco","https:\/\/www.pinterest.com\/cabdeco\/"]}]}},"_links":{"self":[{"href":"https:\/\/staging.espacecabdeco.ca\/en\/wp-json\/wp\/v2\/product\/11297","targetHints":{"allow":["GET"]}}],"collection":[{"href":"https:\/\/staging.espacecabdeco.ca\/en\/wp-json\/wp\/v2\/product"}],"about":[{"href":"https:\/\/staging.espacecabdeco.ca\/en\/wp-json\/wp\/v2\/types\/product"}],"replies":[{"embeddable":true,"href":"https:\/\/staging.espacecabdeco.ca\/en\/wp-json\/wp\/v2\/comments?post=11297"}],"wp:featuredmedia":[{"embeddable":true,"href":"https:\/\/staging.espacecabdeco.ca\/en\/wp-json\/wp\/v2\/media\/11110"}],"wp:attachment":[{"href":"https:\/\/staging.espacecabdeco.ca\/en\/wp-json\/wp\/v2\/media?parent=11297"}],"wp:term":[{"taxonomy":"collection","embeddable":true,"href":"https:\/\/staging.espacecabdeco.ca\/en\/wp-json\/wp\/v2\/collection?post=11297"},{"taxonomy":"product_brand","embeddable":true,"href":"https:\/\/staging.espacecabdeco.ca\/en\/wp-json\/wp\/v2\/product_brand?post=11297"},{"taxonomy":"product_cat","embeddable":true,"href":"https:\/\/staging.espacecabdeco.ca\/en\/wp-json\/wp\/v2\/product_cat?post=11297"},{"taxonomy":"product_tag","embeddable":true,"href":"https:\/\/staging.espacecabdeco.ca\/en\/wp-json\/wp\/v2\/product_tag?post=11297"}],"curies":[{"name":"wp","href":"https:\/\/api.w.org\/{rel}","templated":true}]}}