{"id":10437,"date":"2016-01-02T00:02:03","date_gmt":"2016-01-02T05:02:03","guid":{"rendered":"http:\/\/espacecabdeco.ca\/en\/?post_type=product&#038;p=10437"},"modified":"2026-03-28T15:43:25","modified_gmt":"2026-03-28T20:43:25","slug":"babila-2755","status":"publish","type":"product","link":"https:\/\/staging.espacecabdeco.ca\/en\/product\/chairs\/chairs-with-armrests\/babila-2755\/","title":{"rendered":"Babila 2755"},"content":{"rendered":"<p>Armchair. Technopolymer seat and back, 4-leg solid ash wood frame.<\/p>\n<p><a href=\"http:\/\/espacecabdeco.ca\/en\/care-instructions-2\/\"><span style=\"text-decoration: underline;\">Care instructions &gt;<\/span><\/a><\/p>\n","protected":false},"excerpt":{"rendered":"<p>Armchair. Technopolymer seat and back, 4-leg solid ash wood frame. Care instructions &gt;<\/p>\n","protected":false},"featured_media":10582,"comment_status":"open","ping_status":"closed","template":"","meta":{"_acf_changed":false},"collection":[3077],"product_brand":[],"product_cat":[6,2993],"product_tag":[],"class_list":{"0":"post-10437","1":"product","2":"type-product","3":"status-publish","4":"has-post-thumbnail","6":"collection-babila","7":"product_cat-chairs","8":"product_cat-chairs-with-armrests","9":"chairs-armchairs","10":"back-finishes-plastic-back","11":"frame-finishes-wood-structure","12":"seat-finishes-plastic-seat","14":"first","15":"instock","16":"shipping-taxable","17":"product-type-simple"},"acf":[],"yoast_head":"<!-- This site is optimized with the Yoast SEO plugin v27.3 - https:\/\/yoast.com\/product\/yoast-seo-wordpress\/ -->\n<title>Babila 2755 - CAB D\u00e9co - Contract and Residentiel Furniture<\/title>\n<meta name=\"description\" content=\"Babila 2755 - Armchair with plastic seat shell andsolid ash wood frame. Suitable for contract use. Restaurant hospitality and hotel furniture.\" \/>\n<meta name=\"robots\" content=\"noindex, follow\" \/>\n<meta property=\"og:locale\" content=\"en_US\" \/>\n<meta property=\"og:type\" content=\"article\" \/>\n<meta property=\"og:title\" content=\"Babila 2755 - CAB D\u00e9co - Contract and Residentiel Furniture\" \/>\n<meta property=\"og:description\" content=\"Babila 2755 - Armchair with plastic seat shell andsolid ash wood frame. Suitable for contract use. Restaurant hospitality and hotel furniture.\" \/>\n<meta property=\"og:url\" content=\"https:\/\/staging.espacecabdeco.ca\/en\/product\/chairs\/chairs-with-armrests\/babila-2755\/\" \/>\n<meta property=\"og:site_name\" content=\"Espace Cabd\u00e9co\" \/>\n<meta property=\"article:publisher\" content=\"https:\/\/www.facebook.com\/CAB-D%c3%a9co-626681560734273\/\" \/>\n<meta property=\"article:modified_time\" content=\"2026-03-28T20:43:25+00:00\" \/>\n<meta property=\"og:image\" content=\"https:\/\/staging.espacecabdeco.ca\/wp-content\/uploads\/2016\/11\/babila-2755-BE-02.jpg\" \/>\n\t<meta property=\"og:image:width\" content=\"620\" \/>\n\t<meta property=\"og:image:height\" content=\"560\" \/>\n\t<meta property=\"og:image:type\" content=\"image\/jpeg\" \/>\n<meta name=\"twitter:card\" content=\"summary_large_image\" \/>\n<meta name=\"twitter:site\" content=\"@cabdeco\" \/>\n<script type=\"application\/ld+json\" class=\"yoast-schema-graph\">{\"@context\":\"https:\\\/\\\/schema.org\",\"@graph\":[{\"@type\":\"WebPage\",\"@id\":\"https:\\\/\\\/staging.espacecabdeco.ca\\\/en\\\/product\\\/chairs\\\/chairs-with-armrests\\\/babila-2755\\\/\",\"url\":\"https:\\\/\\\/staging.espacecabdeco.ca\\\/en\\\/product\\\/chairs\\\/chairs-with-armrests\\\/babila-2755\\\/\",\"name\":\"Babila 2755 - CAB D\u00e9co - Contract and Residentiel Furniture\",\"isPartOf\":{\"@id\":\"https:\\\/\\\/staging.espacecabdeco.ca\\\/en\\\/#website\"},\"primaryImageOfPage\":{\"@id\":\"https:\\\/\\\/staging.espacecabdeco.ca\\\/en\\\/product\\\/chairs\\\/chairs-with-armrests\\\/babila-2755\\\/#primaryimage\"},\"image\":{\"@id\":\"https:\\\/\\\/staging.espacecabdeco.ca\\\/en\\\/product\\\/chairs\\\/chairs-with-armrests\\\/babila-2755\\\/#primaryimage\"},\"thumbnailUrl\":\"https:\\\/\\\/staging.espacecabdeco.ca\\\/wp-content\\\/uploads\\\/2016\\\/11\\\/babila-2755-BE-02.jpg\",\"datePublished\":\"2016-01-02T05:02:03+00:00\",\"dateModified\":\"2026-03-28T20:43:25+00:00\",\"description\":\"Babila 2755 - Armchair with plastic seat shell andsolid ash wood frame. Suitable for contract use. Restaurant hospitality and hotel furniture.\",\"breadcrumb\":{\"@id\":\"https:\\\/\\\/staging.espacecabdeco.ca\\\/en\\\/product\\\/chairs\\\/chairs-with-armrests\\\/babila-2755\\\/#breadcrumb\"},\"inLanguage\":\"en-CA\",\"potentialAction\":[{\"@type\":\"ReadAction\",\"target\":[\"https:\\\/\\\/staging.espacecabdeco.ca\\\/en\\\/product\\\/chairs\\\/chairs-with-armrests\\\/babila-2755\\\/\"]}]},{\"@type\":\"ImageObject\",\"inLanguage\":\"en-CA\",\"@id\":\"https:\\\/\\\/staging.espacecabdeco.ca\\\/en\\\/product\\\/chairs\\\/chairs-with-armrests\\\/babila-2755\\\/#primaryimage\",\"url\":\"https:\\\/\\\/staging.espacecabdeco.ca\\\/wp-content\\\/uploads\\\/2016\\\/11\\\/babila-2755-BE-02.jpg\",\"contentUrl\":\"https:\\\/\\\/staging.espacecabdeco.ca\\\/wp-content\\\/uploads\\\/2016\\\/11\\\/babila-2755-BE-02.jpg\",\"width\":620,\"height\":560,\"caption\":\"babila 2755 - BE - 02\"},{\"@type\":\"BreadcrumbList\",\"@id\":\"https:\\\/\\\/staging.espacecabdeco.ca\\\/en\\\/product\\\/chairs\\\/chairs-with-armrests\\\/babila-2755\\\/#breadcrumb\",\"itemListElement\":[{\"@type\":\"ListItem\",\"position\":1,\"name\":\"Home\",\"item\":\"https:\\\/\\\/staging.espacecabdeco.ca\\\/en\\\/\"},{\"@type\":\"ListItem\",\"position\":2,\"name\":\"Products\",\"item\":\"https:\\\/\\\/staging.espacecabdeco.ca\\\/en\\\/?page_id=4\"},{\"@type\":\"ListItem\",\"position\":3,\"name\":\"Chairs\",\"item\":\"https:\\\/\\\/staging.espacecabdeco.ca\\\/en\\\/product-category\\\/chairs\\\/\"},{\"@type\":\"ListItem\",\"position\":4,\"name\":\"Chairs with armrests\",\"item\":\"https:\\\/\\\/staging.espacecabdeco.ca\\\/en\\\/product-category\\\/chairs\\\/chairs-with-armrests\\\/\"},{\"@type\":\"ListItem\",\"position\":5,\"name\":\"Babila 2755\"}]},{\"@type\":\"WebSite\",\"@id\":\"https:\\\/\\\/staging.espacecabdeco.ca\\\/en\\\/#website\",\"url\":\"https:\\\/\\\/staging.espacecabdeco.ca\\\/en\\\/\",\"name\":\"Espace Cabd\u00e9co\",\"description\":\"Mobilier Commercial et R\u00e9sidentiel \u00e0 Montr\u00e9al\",\"publisher\":{\"@id\":\"https:\\\/\\\/staging.espacecabdeco.ca\\\/en\\\/#organization\"},\"potentialAction\":[{\"@type\":\"SearchAction\",\"target\":{\"@type\":\"EntryPoint\",\"urlTemplate\":\"https:\\\/\\\/staging.espacecabdeco.ca\\\/en\\\/?s={search_term_string}\"},\"query-input\":{\"@type\":\"PropertyValueSpecification\",\"valueRequired\":true,\"valueName\":\"search_term_string\"}}],\"inLanguage\":\"en-CA\"},{\"@type\":\"Organization\",\"@id\":\"https:\\\/\\\/staging.espacecabdeco.ca\\\/en\\\/#organization\",\"name\":\"Espace Cabd\u00e9co\",\"url\":\"https:\\\/\\\/staging.espacecabdeco.ca\\\/en\\\/\",\"logo\":{\"@type\":\"ImageObject\",\"inLanguage\":\"en-CA\",\"@id\":\"https:\\\/\\\/staging.espacecabdeco.ca\\\/en\\\/#\\\/schema\\\/logo\\\/image\\\/\",\"url\":\"https:\\\/\\\/staging.espacecabdeco.ca\\\/wp-content\\\/uploads\\\/2026\\\/03\\\/logo-espace-cabdeco.svg\",\"contentUrl\":\"https:\\\/\\\/staging.espacecabdeco.ca\\\/wp-content\\\/uploads\\\/2026\\\/03\\\/logo-espace-cabdeco.svg\",\"caption\":\"Espace Cabd\u00e9co\"},\"image\":{\"@id\":\"https:\\\/\\\/staging.espacecabdeco.ca\\\/en\\\/#\\\/schema\\\/logo\\\/image\\\/\"},\"sameAs\":[\"https:\\\/\\\/www.facebook.com\\\/CAB-D\u00e9co-626681560734273\\\/\",\"https:\\\/\\\/x.com\\\/cabdeco\",\"http:\\\/\\\/instagram.com\\\/cabdeco\",\"https:\\\/\\\/www.linkedin.com\\\/company\\\/c-a-b-deco\",\"https:\\\/\\\/www.pinterest.com\\\/cabdeco\\\/\"]}]}<\/script>\n<!-- \/ Yoast SEO plugin. -->","yoast_head_json":{"title":"Babila 2755 - CAB D\u00e9co - Contract and Residentiel Furniture","description":"Babila 2755 - Armchair with plastic seat shell andsolid ash wood frame. Suitable for contract use. Restaurant hospitality and hotel furniture.","robots":{"index":"noindex","follow":"follow"},"og_locale":"en_US","og_type":"article","og_title":"Babila 2755 - CAB D\u00e9co - Contract and Residentiel Furniture","og_description":"Babila 2755 - Armchair with plastic seat shell andsolid ash wood frame. Suitable for contract use. Restaurant hospitality and hotel furniture.","og_url":"https:\/\/staging.espacecabdeco.ca\/en\/product\/chairs\/chairs-with-armrests\/babila-2755\/","og_site_name":"Espace Cabd\u00e9co","article_publisher":"https:\/\/www.facebook.com\/CAB-D%c3%a9co-626681560734273\/","article_modified_time":"2026-03-28T20:43:25+00:00","og_image":[{"width":620,"height":560,"url":"https:\/\/staging.espacecabdeco.ca\/wp-content\/uploads\/2016\/11\/babila-2755-BE-02.jpg","type":"image\/jpeg"}],"twitter_card":"summary_large_image","twitter_site":"@cabdeco","schema":{"@context":"https:\/\/schema.org","@graph":[{"@type":"WebPage","@id":"https:\/\/staging.espacecabdeco.ca\/en\/product\/chairs\/chairs-with-armrests\/babila-2755\/","url":"https:\/\/staging.espacecabdeco.ca\/en\/product\/chairs\/chairs-with-armrests\/babila-2755\/","name":"Babila 2755 - CAB D\u00e9co - Contract and Residentiel Furniture","isPartOf":{"@id":"https:\/\/staging.espacecabdeco.ca\/en\/#website"},"primaryImageOfPage":{"@id":"https:\/\/staging.espacecabdeco.ca\/en\/product\/chairs\/chairs-with-armrests\/babila-2755\/#primaryimage"},"image":{"@id":"https:\/\/staging.espacecabdeco.ca\/en\/product\/chairs\/chairs-with-armrests\/babila-2755\/#primaryimage"},"thumbnailUrl":"https:\/\/staging.espacecabdeco.ca\/wp-content\/uploads\/2016\/11\/babila-2755-BE-02.jpg","datePublished":"2016-01-02T05:02:03+00:00","dateModified":"2026-03-28T20:43:25+00:00","description":"Babila 2755 - Armchair with plastic seat shell andsolid ash wood frame. Suitable for contract use. Restaurant hospitality and hotel furniture.","breadcrumb":{"@id":"https:\/\/staging.espacecabdeco.ca\/en\/product\/chairs\/chairs-with-armrests\/babila-2755\/#breadcrumb"},"inLanguage":"en-CA","potentialAction":[{"@type":"ReadAction","target":["https:\/\/staging.espacecabdeco.ca\/en\/product\/chairs\/chairs-with-armrests\/babila-2755\/"]}]},{"@type":"ImageObject","inLanguage":"en-CA","@id":"https:\/\/staging.espacecabdeco.ca\/en\/product\/chairs\/chairs-with-armrests\/babila-2755\/#primaryimage","url":"https:\/\/staging.espacecabdeco.ca\/wp-content\/uploads\/2016\/11\/babila-2755-BE-02.jpg","contentUrl":"https:\/\/staging.espacecabdeco.ca\/wp-content\/uploads\/2016\/11\/babila-2755-BE-02.jpg","width":620,"height":560,"caption":"babila 2755 - BE - 02"},{"@type":"BreadcrumbList","@id":"https:\/\/staging.espacecabdeco.ca\/en\/product\/chairs\/chairs-with-armrests\/babila-2755\/#breadcrumb","itemListElement":[{"@type":"ListItem","position":1,"name":"Home","item":"https:\/\/staging.espacecabdeco.ca\/en\/"},{"@type":"ListItem","position":2,"name":"Products","item":"https:\/\/staging.espacecabdeco.ca\/en\/?page_id=4"},{"@type":"ListItem","position":3,"name":"Chairs","item":"https:\/\/staging.espacecabdeco.ca\/en\/product-category\/chairs\/"},{"@type":"ListItem","position":4,"name":"Chairs with armrests","item":"https:\/\/staging.espacecabdeco.ca\/en\/product-category\/chairs\/chairs-with-armrests\/"},{"@type":"ListItem","position":5,"name":"Babila 2755"}]},{"@type":"WebSite","@id":"https:\/\/staging.espacecabdeco.ca\/en\/#website","url":"https:\/\/staging.espacecabdeco.ca\/en\/","name":"Espace Cabd\u00e9co","description":"Mobilier Commercial et R\u00e9sidentiel \u00e0 Montr\u00e9al","publisher":{"@id":"https:\/\/staging.espacecabdeco.ca\/en\/#organization"},"potentialAction":[{"@type":"SearchAction","target":{"@type":"EntryPoint","urlTemplate":"https:\/\/staging.espacecabdeco.ca\/en\/?s={search_term_string}"},"query-input":{"@type":"PropertyValueSpecification","valueRequired":true,"valueName":"search_term_string"}}],"inLanguage":"en-CA"},{"@type":"Organization","@id":"https:\/\/staging.espacecabdeco.ca\/en\/#organization","name":"Espace Cabd\u00e9co","url":"https:\/\/staging.espacecabdeco.ca\/en\/","logo":{"@type":"ImageObject","inLanguage":"en-CA","@id":"https:\/\/staging.espacecabdeco.ca\/en\/#\/schema\/logo\/image\/","url":"https:\/\/staging.espacecabdeco.ca\/wp-content\/uploads\/2026\/03\/logo-espace-cabdeco.svg","contentUrl":"https:\/\/staging.espacecabdeco.ca\/wp-content\/uploads\/2026\/03\/logo-espace-cabdeco.svg","caption":"Espace Cabd\u00e9co"},"image":{"@id":"https:\/\/staging.espacecabdeco.ca\/en\/#\/schema\/logo\/image\/"},"sameAs":["https:\/\/www.facebook.com\/CAB-D\u00e9co-626681560734273\/","https:\/\/x.com\/cabdeco","http:\/\/instagram.com\/cabdeco","https:\/\/www.linkedin.com\/company\/c-a-b-deco","https:\/\/www.pinterest.com\/cabdeco\/"]}]}},"_links":{"self":[{"href":"https:\/\/staging.espacecabdeco.ca\/en\/wp-json\/wp\/v2\/product\/10437","targetHints":{"allow":["GET"]}}],"collection":[{"href":"https:\/\/staging.espacecabdeco.ca\/en\/wp-json\/wp\/v2\/product"}],"about":[{"href":"https:\/\/staging.espacecabdeco.ca\/en\/wp-json\/wp\/v2\/types\/product"}],"replies":[{"embeddable":true,"href":"https:\/\/staging.espacecabdeco.ca\/en\/wp-json\/wp\/v2\/comments?post=10437"}],"wp:featuredmedia":[{"embeddable":true,"href":"https:\/\/staging.espacecabdeco.ca\/en\/wp-json\/wp\/v2\/media\/10582"}],"wp:attachment":[{"href":"https:\/\/staging.espacecabdeco.ca\/en\/wp-json\/wp\/v2\/media?parent=10437"}],"wp:term":[{"taxonomy":"collection","embeddable":true,"href":"https:\/\/staging.espacecabdeco.ca\/en\/wp-json\/wp\/v2\/collection?post=10437"},{"taxonomy":"product_brand","embeddable":true,"href":"https:\/\/staging.espacecabdeco.ca\/en\/wp-json\/wp\/v2\/product_brand?post=10437"},{"taxonomy":"product_cat","embeddable":true,"href":"https:\/\/staging.espacecabdeco.ca\/en\/wp-json\/wp\/v2\/product_cat?post=10437"},{"taxonomy":"product_tag","embeddable":true,"href":"https:\/\/staging.espacecabdeco.ca\/en\/wp-json\/wp\/v2\/product_tag?post=10437"}],"curies":[{"name":"wp","href":"https:\/\/api.w.org\/{rel}","templated":true}]}}