{"id":462,"date":"2015-08-28T21:45:11","date_gmt":"2015-08-28T21:45:11","guid":{"rendered":"http:\/\/espacecabdeco.ca\/en\/?page_id=462"},"modified":"2026-04-13T09:25:41","modified_gmt":"2026-04-13T14:25:41","slug":"about-us","status":"publish","type":"page","link":"https:\/\/staging.espacecabdeco.ca\/en\/about-us\/","title":{"rendered":"About Us"},"content":{"rendered":"\n<section class=\"wp-block-group alignfull has-background has-global-padding is-layout-constrained wp-container-core-group-is-layout-31283f10 wp-block-group-is-layout-constrained\" style=\"background-color:#e2d1bf;margin-bottom:0;padding-top:var(--wp--preset--spacing--50);padding-bottom:var(--wp--preset--spacing--80)\">\n<h1 class=\"wp-block-heading has-text-align-center\" style=\"padding-top:var(--wp--preset--spacing--60)\">About Us<\/h1>\n\n\n\n<div style=\"height:var(--wp--preset--spacing--70)\" aria-hidden=\"true\" class=\"wp-block-spacer\"><\/div>\n\n\n\n<div class=\"wp-block-media-text alignfull is-stacked-on-mobile is-vertically-aligned-top is-style-no-padding is-style-no-padding--1\" style=\"grid-template-columns:38% auto\"><figure class=\"wp-block-media-text__media\"><img loading=\"lazy\" decoding=\"async\" width=\"520\" height=\"578\" src=\"https:\/\/staging.espacecabdeco.ca\/wp-content\/uploads\/2026\/03\/a-propos-espace-cabdeco-1.webp\" alt=\"\" class=\"wp-image-23217 size-full\" srcset=\"https:\/\/staging.espacecabdeco.ca\/wp-content\/uploads\/2026\/03\/a-propos-espace-cabdeco-1.webp 520w, https:\/\/staging.espacecabdeco.ca\/wp-content\/uploads\/2026\/03\/a-propos-espace-cabdeco-1-270x300.webp 270w\" sizes=\"auto, (max-width: 520px) 100vw, 520px\" \/><\/figure><div class=\"wp-block-media-text__content\">\n<div class=\"wp-block-group has-global-padding is-content-justification-left is-layout-constrained wp-container-core-group-is-layout-39a3c9c4 wp-block-group-is-layout-constrained\" style=\"padding-right:var(--wp--preset--spacing--60);padding-bottom:var(--wp--preset--spacing--50);padding-left:var(--wp--preset--spacing--60)\">\n<p class=\"has-32-font-size\" style=\"margin-top:0;font-style:normal;font-weight:300\">Espace Cabd\u00e9co est une entreprise qu\u00e9b\u00e9coise fi\u00e8rement implant\u00e9e au Canada. Chez nous, le design est bien plus qu\u2019une affaire de mobilier, c\u2019est une passion qui nous anime depuis plus de 30 ans. <\/p>\n<\/div>\n<\/div><\/div>\n\n\n\n<div class=\"wp-block-media-text alignfull has-media-on-the-right is-stacked-on-mobile section-about-media-text-2\" style=\"grid-template-columns:auto 38%\"><div class=\"wp-block-media-text__content\">\n<div class=\"wp-block-group has-global-padding is-layout-constrained wp-container-core-group-is-layout-e4eaaeb1 wp-block-group-is-layout-constrained\">\n<p class=\"has-24-font-size\">Gr\u00e2ce \u00e0 notre expertise et \u00e0 notre s\u00e9lection de mobilier commercial, nous cr\u00e9ons avec vous des environnements uniques, pens\u00e9s pour durer et refl\u00e9ter votre identit\u00e9.<\/p>\n\n\n\n<p class=\"has-24-font-size\">Que ce soit pour un bureau, un h\u00f4tel, un restaurant ou tout autre projet commercial, institutionnel ou r\u00e9sidentiel, nous vous accompagnons dans la r\u00e9alisation d\u2019espaces durables, fonctionnels et inspirants.<\/p>\n<\/div>\n<\/div><figure class=\"wp-block-media-text__media\"><img loading=\"lazy\" decoding=\"async\" width=\"520\" height=\"578\" src=\"https:\/\/staging.espacecabdeco.ca\/wp-content\/uploads\/2026\/03\/a-propos-espace-cabdeco-2.webp\" alt=\"\" class=\"wp-image-23219 size-full\" srcset=\"https:\/\/staging.espacecabdeco.ca\/wp-content\/uploads\/2026\/03\/a-propos-espace-cabdeco-2.webp 520w, https:\/\/staging.espacecabdeco.ca\/wp-content\/uploads\/2026\/03\/a-propos-espace-cabdeco-2-270x300.webp 270w\" sizes=\"auto, (max-width: 520px) 100vw, 520px\" \/><\/figure><\/div>\n\n\n\n<div style=\"height:var(--wp--preset--spacing--80)\" aria-hidden=\"true\" class=\"wp-block-spacer\"><\/div>\n\n\n\n<h2 class=\"wp-block-heading has-40-font-size\" style=\"font-style:normal;font-weight:300\">L\u2019\u00e9quipe Espace Cabd\u00e9co<\/h2>\n\n\n\n<div style=\"height:var(--wp--preset--spacing--80)\" aria-hidden=\"true\" class=\"wp-block-spacer\"><\/div>\n\n\n\n<div class=\"wp-block-columns is-layout-flex wp-container-core-columns-is-layout-658170e2 wp-block-columns-is-layout-flex\">\n<div class=\"wp-block-column is-layout-flow wp-block-column-is-layout-flow\" style=\"flex-basis:316px\">\n<h3 class=\"wp-block-heading has-28-font-size\">Nadine Chelbot<\/h3>\n<\/div>\n\n\n\n<div class=\"wp-block-column is-layout-flow wp-block-column-is-layout-flow\" style=\"flex-basis:32%\">\n<figure class=\"wp-block-image size-full\"><img loading=\"lazy\" decoding=\"async\" width=\"960\" height=\"1200\" src=\"https:\/\/staging.espacecabdeco.ca\/wp-content\/uploads\/2026\/04\/nadine-chelbot.jpg\" alt=\"\" class=\"wp-image-23991\" srcset=\"https:\/\/staging.espacecabdeco.ca\/wp-content\/uploads\/2026\/04\/nadine-chelbot.jpg 960w, https:\/\/staging.espacecabdeco.ca\/wp-content\/uploads\/2026\/04\/nadine-chelbot-240x300.jpg 240w, https:\/\/staging.espacecabdeco.ca\/wp-content\/uploads\/2026\/04\/nadine-chelbot-819x1024.jpg 819w\" sizes=\"auto, (max-width: 960px) 100vw, 960px\" \/><\/figure>\n<\/div>\n\n\n\n<div class=\"wp-block-column is-layout-flow wp-block-column-is-layout-flow\">\n<p class=\"has-18-font-size\">Dipl\u00f4m\u00e9e d\u2019un baccalaur\u00e9at en design d\u2019int\u00e9rieur, Nadine \u00e9volue dans le milieu du design et du mobilier depuis plus de 20 ans. Son parcours est guid\u00e9 par une passion authentique pour le choix du mobilier et la cr\u00e9ation d\u2019espaces \u00e0 la fois esth\u00e9tiques, fonctionnels et inspirants. Apr\u00e8s plusieurs ann\u00e9es \u00e0 titre de directrice des ventes chez CAB D\u00e9co, elle s\u2019associe en juillet 2024 \u00e0 Guylaine L\u00e9vesque pour fonder Espace Cabd\u00e9co. Ensemble, elles mettent en commun leur expertise du design, leur sens du d\u00e9tail et leur approche humaine pour offrir une exp\u00e9rience personnalis\u00e9e visant \u00e0 accompagner chaque client avec sensibilit\u00e9 et justesse dans la r\u00e9alisation de son espace.<\/p>\n<\/div>\n<\/div>\n\n\n\n<div style=\"height:var(--wp--preset--spacing--80)\" aria-hidden=\"true\" class=\"wp-block-spacer\"><\/div>\n\n\n\n<div class=\"wp-block-columns is-layout-flex wp-container-core-columns-is-layout-658170e2 wp-block-columns-is-layout-flex\">\n<div class=\"wp-block-column is-layout-flow wp-block-column-is-layout-flow\" style=\"flex-basis:316px\">\n<h3 class=\"wp-block-heading has-28-font-size\">Guylaine L\u00e9vesque<\/h3>\n<\/div>\n\n\n\n<div class=\"wp-block-column is-layout-flow wp-block-column-is-layout-flow\" style=\"flex-basis:32%\">\n<figure class=\"wp-block-image size-full\"><img loading=\"lazy\" decoding=\"async\" width=\"960\" height=\"1200\" src=\"https:\/\/staging.espacecabdeco.ca\/wp-content\/uploads\/2026\/04\/guylaine-levesque.jpg\" alt=\"\" class=\"wp-image-23993\" srcset=\"https:\/\/staging.espacecabdeco.ca\/wp-content\/uploads\/2026\/04\/guylaine-levesque.jpg 960w, https:\/\/staging.espacecabdeco.ca\/wp-content\/uploads\/2026\/04\/guylaine-levesque-240x300.jpg 240w, https:\/\/staging.espacecabdeco.ca\/wp-content\/uploads\/2026\/04\/guylaine-levesque-819x1024.jpg 819w\" sizes=\"auto, (max-width: 960px) 100vw, 960px\" \/><\/figure>\n<\/div>\n\n\n\n<div class=\"wp-block-column is-layout-flow wp-block-column-is-layout-flow\">\n<p class=\"has-18-font-size\">Guylaine L\u00e9vesque a fait partie de l\u2019\u00e9quipe de CAB D\u00e9co pendant 35 ans, o\u00f9 elle a assur\u00e9 avec d\u00e9vouement la gestion administrative et logistique de l\u2019entreprise. En juillet 2024, Guylaine s\u2019est associ\u00e9e \u00e0 Nadine Chelhot pour devenir copropri\u00e9taire d\u2019Espace Cabd\u00e9co, une entreprise qu\u2019elles dirigent d\u00e9sormais avec passion et compl\u00e9mentarit\u00e9. <\/p>\n<\/div>\n<\/div>\n<\/section>\n\n<div class=\"wp-block-cover alignfull is-light wp-block-cover-612\" style=\"min-height:350px;aspect-ratio:unset;\"><img loading=\"lazy\" decoding=\"async\" width=\"1024\" height=\"459\" class=\"wp-block-cover__image-background wp-image-23221 size-large\" alt=\"\" src=\"https:\/\/staging.espacecabdeco.ca\/wp-content\/uploads\/2026\/03\/espace-cabdeco-1024x459.webp\" data-object-fit=\"cover\" srcset=\"https:\/\/staging.espacecabdeco.ca\/wp-content\/uploads\/2026\/03\/espace-cabdeco-1024x459.webp 1024w, https:\/\/staging.espacecabdeco.ca\/wp-content\/uploads\/2026\/03\/espace-cabdeco-300x134.webp 300w, https:\/\/staging.espacecabdeco.ca\/wp-content\/uploads\/2026\/03\/espace-cabdeco.webp 1366w\" sizes=\"auto, (max-width: 1024px) 100vw, 1024px\" \/><span aria-hidden=\"true\" class=\"wp-block-cover__background has-background-dim\" style=\"background-color:#b7aca9\"><\/span><div class=\"wp-block-cover__inner-container has-global-padding is-layout-constrained wp-block-cover-is-layout-constrained\">\n<p class=\"has-text-align-center has-large-font-size\"><\/p>\n<\/div><\/div>\n\n<div style=\"height:var(--wp--preset--spacing--70)\" aria-hidden=\"true\" class=\"wp-block-spacer\"><\/div>\n\n<section class=\"wp-block-group alignfull has-blanc-casse-chaud-background-color has-background has-global-padding is-layout-constrained wp-container-core-group-is-layout-a6e38955 wp-block-group-is-layout-constrained\" style=\"border-top-left-radius:12px;border-top-right-radius:12px;border-bottom-left-radius:0px;border-bottom-right-radius:0px;margin-top:0px\">\n<div class=\"wp-block-columns has-gris-sauge-pale-background-color has-background is-layout-flex wp-container-core-columns-is-layout-f65187a8 wp-block-columns-is-layout-flex\" style=\"border-top-left-radius:12px;border-top-right-radius:12px;padding-top:var(--wp--preset--spacing--60);padding-right:var(--wp--preset--spacing--60);padding-bottom:var(--wp--preset--spacing--60);padding-left:var(--wp--preset--spacing--60)\">\n<div class=\"wp-block-column is-layout-flow wp-block-column-is-layout-flow\">\n<h2 class=\"wp-block-heading\" style=\"font-style:normal;font-weight:300\">Our showroom is open <strong>by appointment only<\/strong>, from Monday to Friday, 9 a.m. to 5 p.m.<\/h2>\n<\/div>\n\n\n\n<div class=\"wp-block-column is-layout-flow wp-block-column-is-layout-flow\">\n<p class=\"has-20-font-size\">If you would like to discover, try and select furniture in our showroom, we would be happy to welcome you by appointment.<\/p>\n\n\n\n<div class=\"wp-block-buttons is-layout-flex wp-block-buttons-is-layout-flex\" style=\"margin-top:var(--wp--preset--spacing--40)\">\n<div class=\"wp-block-button is-style-fill\"><a class=\"wp-block-button__link wp-element-button\" href=\"https:\/\/staging.espacecabdeco.ca\/en\/contact-us\/\">Book an appointment<\/a><\/div>\n<\/div>\n<\/div>\n<\/div>\n\n\n\n<figure class=\"wp-block-image alignwide size-full has-custom-border\" style=\"margin-top:0px\"><img loading=\"lazy\" decoding=\"async\" width=\"1600\" height=\"812\" src=\"https:\/\/staging.espacecabdeco.ca\/wp-content\/uploads\/2026\/03\/showroom-2.jpg\" alt=\"\" class=\"wp-image-23895\" style=\"border-bottom-left-radius:12px;border-bottom-right-radius:12px\" srcset=\"https:\/\/staging.espacecabdeco.ca\/wp-content\/uploads\/2026\/03\/showroom-2.jpg 1600w, https:\/\/staging.espacecabdeco.ca\/wp-content\/uploads\/2026\/03\/showroom-2-300x152.jpg 300w, https:\/\/staging.espacecabdeco.ca\/wp-content\/uploads\/2026\/03\/showroom-2-1024x520.jpg 1024w\" sizes=\"auto, (max-width: 1600px) 100vw, 1600px\" \/><\/figure>\n<\/section>\n","protected":false},"excerpt":{"rendered":"<p>About Us Espace Cabd\u00e9co est une entreprise qu\u00e9b\u00e9coise fi\u00e8rement implant\u00e9e au Canada. Chez nous, le design est bien plus qu\u2019une affaire de mobilier, c\u2019est une passion qui nous anime depuis plus de 30 ans. Gr\u00e2ce \u00e0 notre expertise et \u00e0 notre s\u00e9lection de mobilier commercial, nous cr\u00e9ons avec vous des environnements uniques, pens\u00e9s pour durer [&hellip;]<\/p>\n","protected":false},"author":2,"featured_media":23904,"parent":0,"menu_order":8,"comment_status":"open","ping_status":"closed","template":"","meta":{"_acf_changed":false,"footnotes":""},"class_list":["post-462","page","type-page","status-publish","has-post-thumbnail","hentry"],"acf":[],"yoast_head":"<!-- This site is optimized with the Yoast SEO plugin v27.3 - https:\/\/yoast.com\/product\/yoast-seo-wordpress\/ -->\n<title>Espace Cabd\u00e9co - \u00c0 propos de nous<\/title>\n<meta name=\"description\" content=\"Espace Cabd\u00e9co - Avec plus de trois d\u00e9cennies d\u2019exp\u00e9rience, notre passion pour le design et notre expertise nous permettent de vous guider dans le choix de mobilier adapt\u00e9 \u00e0 vos projets qu\u2019il s\u2019agisse d\u2019h\u00f4tels, de restaurants, de bureaux, d\u2019espaces commerciaux ou r\u00e9sidentiels.\" \/>\n<meta name=\"robots\" content=\"noindex, follow, max-snippet:-1, max-image-preview:large, max-video-preview:-1\" \/>\n<meta property=\"og:locale\" content=\"en_US\" \/>\n<meta property=\"og:type\" content=\"article\" \/>\n<meta property=\"og:title\" content=\"Espace Cabd\u00e9co - \u00c0 propos de nous\" \/>\n<meta property=\"og:description\" content=\"Espace Cabd\u00e9co - Avec plus de trois d\u00e9cennies d\u2019exp\u00e9rience, notre passion pour le design et notre expertise nous permettent de vous guider dans le choix de mobilier adapt\u00e9 \u00e0 vos projets qu\u2019il s\u2019agisse d\u2019h\u00f4tels, de restaurants, de bureaux, d\u2019espaces commerciaux ou r\u00e9sidentiels.\" \/>\n<meta property=\"og:url\" content=\"https:\/\/staging.espacecabdeco.ca\/en\/about-us\/\" \/>\n<meta property=\"og:site_name\" content=\"Espace Cabd\u00e9co\" \/>\n<meta property=\"article:publisher\" content=\"https:\/\/www.facebook.com\/CAB-D%c3%a9co-626681560734273\/\" \/>\n<meta property=\"article:modified_time\" content=\"2026-04-13T14:25:41+00:00\" \/>\n<meta property=\"og:image\" content=\"https:\/\/staging.espacecabdeco.ca\/wp-content\/uploads\/2026\/04\/showroom-nous-joindre.jpg\" \/>\n\t<meta property=\"og:image:width\" content=\"1440\" \/>\n\t<meta property=\"og:image:height\" content=\"785\" \/>\n\t<meta property=\"og:image:type\" content=\"image\/jpeg\" \/>\n<meta name=\"twitter:card\" content=\"summary_large_image\" \/>\n<meta name=\"twitter:site\" content=\"@cabdeco\" \/>\n<meta name=\"twitter:label1\" content=\"Est. reading time\" \/>\n\t<meta name=\"twitter:data1\" content=\"2 minutes\" \/>\n<script type=\"application\/ld+json\" class=\"yoast-schema-graph\">{\"@context\":\"https:\\\/\\\/schema.org\",\"@graph\":[{\"@type\":\"WebPage\",\"@id\":\"https:\\\/\\\/staging.espacecabdeco.ca\\\/en\\\/about-us\\\/\",\"url\":\"https:\\\/\\\/staging.espacecabdeco.ca\\\/en\\\/about-us\\\/\",\"name\":\"Espace Cabd\u00e9co - \u00c0 propos de nous\",\"isPartOf\":{\"@id\":\"https:\\\/\\\/staging.espacecabdeco.ca\\\/en\\\/#website\"},\"primaryImageOfPage\":{\"@id\":\"https:\\\/\\\/staging.espacecabdeco.ca\\\/en\\\/about-us\\\/#primaryimage\"},\"image\":{\"@id\":\"https:\\\/\\\/staging.espacecabdeco.ca\\\/en\\\/about-us\\\/#primaryimage\"},\"thumbnailUrl\":\"https:\\\/\\\/staging.espacecabdeco.ca\\\/wp-content\\\/uploads\\\/2026\\\/04\\\/showroom-nous-joindre.jpg\",\"datePublished\":\"2015-08-28T21:45:11+00:00\",\"dateModified\":\"2026-04-13T14:25:41+00:00\",\"description\":\"Espace Cabd\u00e9co - Avec plus de trois d\u00e9cennies d\u2019exp\u00e9rience, notre passion pour le design et notre expertise nous permettent de vous guider dans le choix de mobilier adapt\u00e9 \u00e0 vos projets qu\u2019il s\u2019agisse d\u2019h\u00f4tels, de restaurants, de bureaux, d\u2019espaces commerciaux ou r\u00e9sidentiels.\",\"breadcrumb\":{\"@id\":\"https:\\\/\\\/staging.espacecabdeco.ca\\\/en\\\/about-us\\\/#breadcrumb\"},\"inLanguage\":\"en-CA\",\"potentialAction\":[{\"@type\":\"ReadAction\",\"target\":[\"https:\\\/\\\/staging.espacecabdeco.ca\\\/en\\\/about-us\\\/\"]}]},{\"@type\":\"ImageObject\",\"inLanguage\":\"en-CA\",\"@id\":\"https:\\\/\\\/staging.espacecabdeco.ca\\\/en\\\/about-us\\\/#primaryimage\",\"url\":\"https:\\\/\\\/staging.espacecabdeco.ca\\\/wp-content\\\/uploads\\\/2026\\\/04\\\/showroom-nous-joindre.jpg\",\"contentUrl\":\"https:\\\/\\\/staging.espacecabdeco.ca\\\/wp-content\\\/uploads\\\/2026\\\/04\\\/showroom-nous-joindre.jpg\",\"width\":1440,\"height\":785},{\"@type\":\"BreadcrumbList\",\"@id\":\"https:\\\/\\\/staging.espacecabdeco.ca\\\/en\\\/about-us\\\/#breadcrumb\",\"itemListElement\":[{\"@type\":\"ListItem\",\"position\":1,\"name\":\"Home\",\"item\":\"https:\\\/\\\/staging.espacecabdeco.ca\\\/en\\\/\"},{\"@type\":\"ListItem\",\"position\":2,\"name\":\"About Us\"}]},{\"@type\":\"WebSite\",\"@id\":\"https:\\\/\\\/staging.espacecabdeco.ca\\\/en\\\/#website\",\"url\":\"https:\\\/\\\/staging.espacecabdeco.ca\\\/en\\\/\",\"name\":\"Espace Cabd\u00e9co\",\"description\":\"Mobilier Commercial et R\u00e9sidentiel \u00e0 Montr\u00e9al\",\"publisher\":{\"@id\":\"https:\\\/\\\/staging.espacecabdeco.ca\\\/en\\\/#organization\"},\"potentialAction\":[{\"@type\":\"SearchAction\",\"target\":{\"@type\":\"EntryPoint\",\"urlTemplate\":\"https:\\\/\\\/staging.espacecabdeco.ca\\\/en\\\/?s={search_term_string}\"},\"query-input\":{\"@type\":\"PropertyValueSpecification\",\"valueRequired\":true,\"valueName\":\"search_term_string\"}}],\"inLanguage\":\"en-CA\"},{\"@type\":\"Organization\",\"@id\":\"https:\\\/\\\/staging.espacecabdeco.ca\\\/en\\\/#organization\",\"name\":\"Espace Cabd\u00e9co\",\"url\":\"https:\\\/\\\/staging.espacecabdeco.ca\\\/en\\\/\",\"logo\":{\"@type\":\"ImageObject\",\"inLanguage\":\"en-CA\",\"@id\":\"https:\\\/\\\/staging.espacecabdeco.ca\\\/en\\\/#\\\/schema\\\/logo\\\/image\\\/\",\"url\":\"https:\\\/\\\/staging.espacecabdeco.ca\\\/wp-content\\\/uploads\\\/2026\\\/03\\\/logo-espace-cabdeco.svg\",\"contentUrl\":\"https:\\\/\\\/staging.espacecabdeco.ca\\\/wp-content\\\/uploads\\\/2026\\\/03\\\/logo-espace-cabdeco.svg\",\"caption\":\"Espace Cabd\u00e9co\"},\"image\":{\"@id\":\"https:\\\/\\\/staging.espacecabdeco.ca\\\/en\\\/#\\\/schema\\\/logo\\\/image\\\/\"},\"sameAs\":[\"https:\\\/\\\/www.facebook.com\\\/CAB-D\u00e9co-626681560734273\\\/\",\"https:\\\/\\\/x.com\\\/cabdeco\",\"http:\\\/\\\/instagram.com\\\/cabdeco\",\"https:\\\/\\\/www.linkedin.com\\\/company\\\/c-a-b-deco\",\"https:\\\/\\\/www.pinterest.com\\\/cabdeco\\\/\"]}]}<\/script>\n<!-- \/ Yoast SEO plugin. -->","yoast_head_json":{"title":"Espace Cabd\u00e9co - \u00c0 propos de nous","description":"Espace Cabd\u00e9co - Avec plus de trois d\u00e9cennies d\u2019exp\u00e9rience, notre passion pour le design et notre expertise nous permettent de vous guider dans le choix de mobilier adapt\u00e9 \u00e0 vos projets qu\u2019il s\u2019agisse d\u2019h\u00f4tels, de restaurants, de bureaux, d\u2019espaces commerciaux ou r\u00e9sidentiels.","robots":{"index":"noindex","follow":"follow","max-snippet":"max-snippet:-1","max-image-preview":"max-image-preview:large","max-video-preview":"max-video-preview:-1"},"og_locale":"en_US","og_type":"article","og_title":"Espace Cabd\u00e9co - \u00c0 propos de nous","og_description":"Espace Cabd\u00e9co - Avec plus de trois d\u00e9cennies d\u2019exp\u00e9rience, notre passion pour le design et notre expertise nous permettent de vous guider dans le choix de mobilier adapt\u00e9 \u00e0 vos projets qu\u2019il s\u2019agisse d\u2019h\u00f4tels, de restaurants, de bureaux, d\u2019espaces commerciaux ou r\u00e9sidentiels.","og_url":"https:\/\/staging.espacecabdeco.ca\/en\/about-us\/","og_site_name":"Espace Cabd\u00e9co","article_publisher":"https:\/\/www.facebook.com\/CAB-D%c3%a9co-626681560734273\/","article_modified_time":"2026-04-13T14:25:41+00:00","og_image":[{"width":1440,"height":785,"url":"https:\/\/staging.espacecabdeco.ca\/wp-content\/uploads\/2026\/04\/showroom-nous-joindre.jpg","type":"image\/jpeg"}],"twitter_card":"summary_large_image","twitter_site":"@cabdeco","twitter_misc":{"Est. reading time":"2 minutes"},"schema":{"@context":"https:\/\/schema.org","@graph":[{"@type":"WebPage","@id":"https:\/\/staging.espacecabdeco.ca\/en\/about-us\/","url":"https:\/\/staging.espacecabdeco.ca\/en\/about-us\/","name":"Espace Cabd\u00e9co - \u00c0 propos de nous","isPartOf":{"@id":"https:\/\/staging.espacecabdeco.ca\/en\/#website"},"primaryImageOfPage":{"@id":"https:\/\/staging.espacecabdeco.ca\/en\/about-us\/#primaryimage"},"image":{"@id":"https:\/\/staging.espacecabdeco.ca\/en\/about-us\/#primaryimage"},"thumbnailUrl":"https:\/\/staging.espacecabdeco.ca\/wp-content\/uploads\/2026\/04\/showroom-nous-joindre.jpg","datePublished":"2015-08-28T21:45:11+00:00","dateModified":"2026-04-13T14:25:41+00:00","description":"Espace Cabd\u00e9co - Avec plus de trois d\u00e9cennies d\u2019exp\u00e9rience, notre passion pour le design et notre expertise nous permettent de vous guider dans le choix de mobilier adapt\u00e9 \u00e0 vos projets qu\u2019il s\u2019agisse d\u2019h\u00f4tels, de restaurants, de bureaux, d\u2019espaces commerciaux ou r\u00e9sidentiels.","breadcrumb":{"@id":"https:\/\/staging.espacecabdeco.ca\/en\/about-us\/#breadcrumb"},"inLanguage":"en-CA","potentialAction":[{"@type":"ReadAction","target":["https:\/\/staging.espacecabdeco.ca\/en\/about-us\/"]}]},{"@type":"ImageObject","inLanguage":"en-CA","@id":"https:\/\/staging.espacecabdeco.ca\/en\/about-us\/#primaryimage","url":"https:\/\/staging.espacecabdeco.ca\/wp-content\/uploads\/2026\/04\/showroom-nous-joindre.jpg","contentUrl":"https:\/\/staging.espacecabdeco.ca\/wp-content\/uploads\/2026\/04\/showroom-nous-joindre.jpg","width":1440,"height":785},{"@type":"BreadcrumbList","@id":"https:\/\/staging.espacecabdeco.ca\/en\/about-us\/#breadcrumb","itemListElement":[{"@type":"ListItem","position":1,"name":"Home","item":"https:\/\/staging.espacecabdeco.ca\/en\/"},{"@type":"ListItem","position":2,"name":"About Us"}]},{"@type":"WebSite","@id":"https:\/\/staging.espacecabdeco.ca\/en\/#website","url":"https:\/\/staging.espacecabdeco.ca\/en\/","name":"Espace Cabd\u00e9co","description":"Mobilier Commercial et R\u00e9sidentiel \u00e0 Montr\u00e9al","publisher":{"@id":"https:\/\/staging.espacecabdeco.ca\/en\/#organization"},"potentialAction":[{"@type":"SearchAction","target":{"@type":"EntryPoint","urlTemplate":"https:\/\/staging.espacecabdeco.ca\/en\/?s={search_term_string}"},"query-input":{"@type":"PropertyValueSpecification","valueRequired":true,"valueName":"search_term_string"}}],"inLanguage":"en-CA"},{"@type":"Organization","@id":"https:\/\/staging.espacecabdeco.ca\/en\/#organization","name":"Espace Cabd\u00e9co","url":"https:\/\/staging.espacecabdeco.ca\/en\/","logo":{"@type":"ImageObject","inLanguage":"en-CA","@id":"https:\/\/staging.espacecabdeco.ca\/en\/#\/schema\/logo\/image\/","url":"https:\/\/staging.espacecabdeco.ca\/wp-content\/uploads\/2026\/03\/logo-espace-cabdeco.svg","contentUrl":"https:\/\/staging.espacecabdeco.ca\/wp-content\/uploads\/2026\/03\/logo-espace-cabdeco.svg","caption":"Espace Cabd\u00e9co"},"image":{"@id":"https:\/\/staging.espacecabdeco.ca\/en\/#\/schema\/logo\/image\/"},"sameAs":["https:\/\/www.facebook.com\/CAB-D\u00e9co-626681560734273\/","https:\/\/x.com\/cabdeco","http:\/\/instagram.com\/cabdeco","https:\/\/www.linkedin.com\/company\/c-a-b-deco","https:\/\/www.pinterest.com\/cabdeco\/"]}]}},"_links":{"self":[{"href":"https:\/\/staging.espacecabdeco.ca\/en\/wp-json\/wp\/v2\/pages\/462","targetHints":{"allow":["GET"]}}],"collection":[{"href":"https:\/\/staging.espacecabdeco.ca\/en\/wp-json\/wp\/v2\/pages"}],"about":[{"href":"https:\/\/staging.espacecabdeco.ca\/en\/wp-json\/wp\/v2\/types\/page"}],"author":[{"embeddable":true,"href":"https:\/\/staging.espacecabdeco.ca\/en\/wp-json\/wp\/v2\/users\/2"}],"replies":[{"embeddable":true,"href":"https:\/\/staging.espacecabdeco.ca\/en\/wp-json\/wp\/v2\/comments?post=462"}],"version-history":[{"count":5,"href":"https:\/\/staging.espacecabdeco.ca\/en\/wp-json\/wp\/v2\/pages\/462\/revisions"}],"predecessor-version":[{"id":23998,"href":"https:\/\/staging.espacecabdeco.ca\/en\/wp-json\/wp\/v2\/pages\/462\/revisions\/23998"}],"wp:featuredmedia":[{"embeddable":true,"href":"https:\/\/staging.espacecabdeco.ca\/en\/wp-json\/wp\/v2\/media\/23904"}],"wp:attachment":[{"href":"https:\/\/staging.espacecabdeco.ca\/en\/wp-json\/wp\/v2\/media?parent=462"}],"curies":[{"name":"wp","href":"https:\/\/api.w.org\/{rel}","templated":true}]}}