{"id":23000,"date":"2026-03-26T15:00:22","date_gmt":"2026-03-26T20:00:22","guid":{"rendered":"https:\/\/staging.espacecabdeco.ca\/projects\/restaurants\/"},"modified":"2026-03-26T15:18:45","modified_gmt":"2026-03-26T20:18:45","slug":"restaurants","status":"publish","type":"page","link":"https:\/\/staging.espacecabdeco.ca\/en\/spaces\/restaurants\/","title":{"rendered":"Restaurants"},"content":{"rendered":"\n<section class=\"wp-block-group alignfull has-background has-global-padding is-layout-constrained wp-container-core-group-is-layout-9a2497d0 wp-block-group-is-layout-constrained\" style=\"background-color:#e2d1bf80;padding-top:var(--wp--preset--spacing--60);padding-bottom:var(--wp--preset--spacing--60)\"><div class=\"yoast-breadcrumbs\"><span><span><a href=\"https:\/\/staging.espacecabdeco.ca\/en\/\">Home<\/a><\/span> &gt; <span><a href=\"https:\/\/staging.espacecabdeco.ca\/en\/spaces\/\">Spaces<\/a><\/span> &gt; <span class=\"breadcrumb_last\" aria-current=\"page\">Restaurants<\/span><\/span><\/div>\n\n\n\n\n<h1 class=\"wp-block-heading has-text-align-center\">Restaurant Spaces<\/h1>\n\n\n\n<div style=\"height:var(--wp--preset--spacing--50)\" aria-hidden=\"true\" class=\"wp-block-spacer\"><\/div>\n\n\n\n<div class=\"wp-block-group has-global-padding is-layout-constrained wp-container-core-group-is-layout-70f4fdbb wp-block-group-is-layout-constrained\">\n<p class=\"has-text-align-center has-20-font-size\">Our furniture helps create memorable experiences while enhancing comfort and the unique identity of each venue.<\/p>\n<\/div>\n<\/section>\n\n<section class=\"wp-block-group alignfull has-background has-global-padding is-layout-constrained wp-container-core-group-is-layout-cbbd133a wp-block-group-is-layout-constrained\" style=\"background-color:#e2d1bf80;padding-top:var(--wp--preset--spacing--60);padding-bottom:var(--wp--preset--spacing--80)\">\n<div class=\"wp-block-query is-layout-flow wp-block-query-is-layout-flow\"><\/div>\n\n\n\n<div style=\"height:var(--wp--preset--spacing--70)\" aria-hidden=\"true\" class=\"wp-block-spacer\"><\/div>\n\n\n\n<div class=\"wp-block-group has-blanc-casse-chaud-background-color has-background is-layout-flow wp-block-group-is-layout-flow\" style=\"border-top-left-radius:12px;border-top-right-radius:12px;border-bottom-left-radius:12px;border-bottom-right-radius:12px;padding-top:var(--wp--preset--spacing--60);padding-right:var(--wp--preset--spacing--60);padding-bottom:var(--wp--preset--spacing--60);padding-left:var(--wp--preset--spacing--60)\">\n<h2 class=\"wp-block-heading has-24-font-size\" style=\"margin-bottom:var(--wp--preset--spacing--40)\">Restaurants furnished by Espace CAB D\u00e9co<\/h2>\n\n\n\n<div class=\"wp-block-columns is-layout-flex wp-container-core-columns-is-layout-28f84493 wp-block-columns-is-layout-flex\">\n<div class=\"wp-block-column is-layout-flow wp-block-column-is-layout-flow\">\n<ul class=\"wp-block-list is-style-no-bullets has-18-font-size is-style-no-bullets--1\">\n<li>Lem\u00e9ac Terrasse<\/li>\n\n\n\n<li>Le Polisson<\/li>\n\n\n\n<li>Place Carmin Terrasse<\/li>\n\n\n\n<li>La boulette<\/li>\n\n\n\n<li>Joyo Verdun<\/li>\n\n\n\n<li>Joyo Beaubien<\/li>\n\n\n\n<li>La Barberie Terrasse<\/li>\n\n\n\n<li>Eggspertise<\/li>\n\n\n\n<li>L\u2019\u0153ufrier Solar<\/li>\n\n\n\n<li>L\u2019\u0153ufrier Sherbrooke<\/li>\n\n\n\n<li>L\u2019\u0153ufrier Charlesbourg<\/li>\n\n\n\n<li>L\u2019\u0153ufrier Saint-Hyacinthe<\/li>\n\n\n\n<li>Ben &amp; Florentine +++<\/li>\n<\/ul>\n<\/div>\n\n\n\n<div class=\"wp-block-column is-layout-flow wp-block-column-is-layout-flow\">\n<ul class=\"wp-block-list is-style-no-bullets has-18-font-size is-style-no-bullets--2\">\n<li>Chez Victor<\/li>\n\n\n\n<li>Foire alimentaire du Centre Rockland<\/li>\n\n\n\n<li>Foire alimentaire de Place Fleur de Lys<\/li>\n\n\n\n<li>Foire alimentaire de place Longueuil<\/li>\n\n\n\n<li>Foire alimentaire Coquitlam<\/li>\n\n\n\n<li>Place Versaille<\/li>\n\n\n\n<li>Myers<\/li>\n\n\n\n<li>Avril Sant\u00e9 Griffintown<\/li>\n\n\n\n<li>Avril Montr\u00e9al Humaniti<\/li>\n\n\n\n<li>Avril sant\u00e9 Saint-Bruno<\/li>\n\n\n\n<li>La Meunerie Urbaine<\/li>\n\n\n\n<li>Les Berges<\/li>\n\n\n\n<li>Casa Kaisen<\/li>\n<\/ul>\n<\/div>\n\n\n\n<div class=\"wp-block-column is-layout-flow wp-block-column-is-layout-flow\">\n<ul class=\"wp-block-list is-style-no-bullets has-18-font-size is-style-no-bullets--3\">\n<li>Vburger<\/li>\n\n\n\n<li>Cassis Mona et filles<\/li>\n\n\n\n<li>Louis Luncheonette<\/li>\n\n\n\n<li>Mavii<\/li>\n\n\n\n<li>Motel Ontario<\/li>\n\n\n\n<li>Les Conserveries<\/li>\n\n\n\n<li>Quattro<\/li>\n\n\n\n<li>Le Mitoyen<\/li>\n\n\n\n<li>Bloom Sushi<\/li>\n\n\n\n<li>Veganessa<\/li>\n\n\n\n<li>Le bateau mouche<\/li>\n<\/ul>\n<\/div>\n<\/div>\n<\/div>\n<\/section>\n","protected":false},"excerpt":{"rendered":"<p>Restaurant Spaces Our furniture helps create memorable experiences while enhancing comfort and the unique identity of each venue. Restaurants furnished by Espace CAB D\u00e9co<\/p>\n","protected":false},"author":2,"featured_media":0,"parent":52,"menu_order":0,"comment_status":"closed","ping_status":"closed","template":"","meta":{"_acf_changed":false,"footnotes":""},"class_list":["post-23000","page","type-page","status-publish","hentry"],"acf":[],"yoast_head":"<!-- This site is optimized with the Yoast SEO plugin v27.3 - https:\/\/yoast.com\/product\/yoast-seo-wordpress\/ -->\n<title>Restaurants - Espace Cabd\u00e9co - CAB D\u00e9co - Mobilier commecial et r\u00e9sidentiel - Montreal<\/title>\n<meta name=\"description\" content=\"Chaises et mobilier design de qualit\u00e9 contrat \u00e0 Montr\u00e9al\" \/>\n<meta name=\"robots\" content=\"noindex, follow, max-snippet:-1, max-image-preview:large, max-video-preview:-1\" \/>\n<meta property=\"og:locale\" content=\"en_US\" \/>\n<meta property=\"og:type\" content=\"article\" \/>\n<meta property=\"og:title\" content=\"Restaurants - Espace Cabd\u00e9co - CAB D\u00e9co - Mobilier commecial et r\u00e9sidentiel - Montreal\" \/>\n<meta property=\"og:description\" content=\"Chaises et mobilier design de qualit\u00e9 contrat \u00e0 Montr\u00e9al\" \/>\n<meta property=\"og:url\" content=\"https:\/\/staging.espacecabdeco.ca\/en\/spaces\/restaurants\/\" \/>\n<meta property=\"og:site_name\" content=\"Espace Cabd\u00e9co\" \/>\n<meta property=\"article:publisher\" content=\"https:\/\/www.facebook.com\/CAB-D%c3%a9co-626681560734273\/\" \/>\n<meta property=\"article:modified_time\" content=\"2026-03-26T20:18:45+00:00\" \/>\n<meta property=\"og:image\" content=\"http:\/\/espacecabdeco.ca\/wp-content\/uploads\/2016\/03\/social-card.png\" \/>\n<meta name=\"twitter:card\" content=\"summary_large_image\" \/>\n<meta name=\"twitter:site\" content=\"@cabdeco\" \/>\n<meta name=\"twitter:label1\" content=\"Est. reading time\" \/>\n\t<meta name=\"twitter:data1\" content=\"1 minute\" \/>\n<script type=\"application\/ld+json\" class=\"yoast-schema-graph\">{\"@context\":\"https:\\\/\\\/schema.org\",\"@graph\":[{\"@type\":\"WebPage\",\"@id\":\"https:\\\/\\\/staging.espacecabdeco.ca\\\/en\\\/spaces\\\/restaurants\\\/\",\"url\":\"https:\\\/\\\/staging.espacecabdeco.ca\\\/en\\\/spaces\\\/restaurants\\\/\",\"name\":\"Restaurants - Espace Cabd\u00e9co - CAB D\u00e9co - Mobilier commecial et r\u00e9sidentiel - Montreal\",\"isPartOf\":{\"@id\":\"https:\\\/\\\/staging.espacecabdeco.ca\\\/en\\\/#website\"},\"datePublished\":\"2026-03-26T20:00:22+00:00\",\"dateModified\":\"2026-03-26T20:18:45+00:00\",\"description\":\"Chaises et mobilier design de qualit\u00e9 contrat \u00e0 Montr\u00e9al\",\"breadcrumb\":{\"@id\":\"https:\\\/\\\/staging.espacecabdeco.ca\\\/en\\\/spaces\\\/restaurants\\\/#breadcrumb\"},\"inLanguage\":\"en-CA\",\"potentialAction\":[{\"@type\":\"ReadAction\",\"target\":[\"https:\\\/\\\/staging.espacecabdeco.ca\\\/en\\\/spaces\\\/restaurants\\\/\"]}]},{\"@type\":\"BreadcrumbList\",\"@id\":\"https:\\\/\\\/staging.espacecabdeco.ca\\\/en\\\/spaces\\\/restaurants\\\/#breadcrumb\",\"itemListElement\":[{\"@type\":\"ListItem\",\"position\":1,\"name\":\"Home\",\"item\":\"https:\\\/\\\/staging.espacecabdeco.ca\\\/en\\\/\"},{\"@type\":\"ListItem\",\"position\":2,\"name\":\"Spaces\",\"item\":\"https:\\\/\\\/staging.espacecabdeco.ca\\\/en\\\/spaces\\\/\"},{\"@type\":\"ListItem\",\"position\":3,\"name\":\"Restaurants\"}]},{\"@type\":\"WebSite\",\"@id\":\"https:\\\/\\\/staging.espacecabdeco.ca\\\/en\\\/#website\",\"url\":\"https:\\\/\\\/staging.espacecabdeco.ca\\\/en\\\/\",\"name\":\"Espace Cabd\u00e9co\",\"description\":\"Mobilier Commercial et R\u00e9sidentiel \u00e0 Montr\u00e9al\",\"publisher\":{\"@id\":\"https:\\\/\\\/staging.espacecabdeco.ca\\\/en\\\/#organization\"},\"potentialAction\":[{\"@type\":\"SearchAction\",\"target\":{\"@type\":\"EntryPoint\",\"urlTemplate\":\"https:\\\/\\\/staging.espacecabdeco.ca\\\/en\\\/?s={search_term_string}\"},\"query-input\":{\"@type\":\"PropertyValueSpecification\",\"valueRequired\":true,\"valueName\":\"search_term_string\"}}],\"inLanguage\":\"en-CA\"},{\"@type\":\"Organization\",\"@id\":\"https:\\\/\\\/staging.espacecabdeco.ca\\\/en\\\/#organization\",\"name\":\"Espace Cabd\u00e9co\",\"url\":\"https:\\\/\\\/staging.espacecabdeco.ca\\\/en\\\/\",\"logo\":{\"@type\":\"ImageObject\",\"inLanguage\":\"en-CA\",\"@id\":\"https:\\\/\\\/staging.espacecabdeco.ca\\\/en\\\/#\\\/schema\\\/logo\\\/image\\\/\",\"url\":\"https:\\\/\\\/staging.espacecabdeco.ca\\\/wp-content\\\/uploads\\\/2026\\\/03\\\/logo-espace-cabdeco.svg\",\"contentUrl\":\"https:\\\/\\\/staging.espacecabdeco.ca\\\/wp-content\\\/uploads\\\/2026\\\/03\\\/logo-espace-cabdeco.svg\",\"caption\":\"Espace Cabd\u00e9co\"},\"image\":{\"@id\":\"https:\\\/\\\/staging.espacecabdeco.ca\\\/en\\\/#\\\/schema\\\/logo\\\/image\\\/\"},\"sameAs\":[\"https:\\\/\\\/www.facebook.com\\\/CAB-D\u00e9co-626681560734273\\\/\",\"https:\\\/\\\/x.com\\\/cabdeco\",\"http:\\\/\\\/instagram.com\\\/cabdeco\",\"https:\\\/\\\/www.linkedin.com\\\/company\\\/c-a-b-deco\",\"https:\\\/\\\/www.pinterest.com\\\/cabdeco\\\/\"]}]}<\/script>\n<!-- \/ Yoast SEO plugin. -->","yoast_head_json":{"title":"Restaurants - Espace Cabd\u00e9co - CAB D\u00e9co - Mobilier commecial et r\u00e9sidentiel - Montreal","description":"Chaises et mobilier design de qualit\u00e9 contrat \u00e0 Montr\u00e9al","robots":{"index":"noindex","follow":"follow","max-snippet":"max-snippet:-1","max-image-preview":"max-image-preview:large","max-video-preview":"max-video-preview:-1"},"og_locale":"en_US","og_type":"article","og_title":"Restaurants - Espace Cabd\u00e9co - CAB D\u00e9co - Mobilier commecial et r\u00e9sidentiel - Montreal","og_description":"Chaises et mobilier design de qualit\u00e9 contrat \u00e0 Montr\u00e9al","og_url":"https:\/\/staging.espacecabdeco.ca\/en\/spaces\/restaurants\/","og_site_name":"Espace Cabd\u00e9co","article_publisher":"https:\/\/www.facebook.com\/CAB-D%c3%a9co-626681560734273\/","article_modified_time":"2026-03-26T20:18:45+00:00","og_image":[{"url":"http:\/\/espacecabdeco.ca\/wp-content\/uploads\/2016\/03\/social-card.png","type":"","width":"","height":""}],"twitter_card":"summary_large_image","twitter_site":"@cabdeco","twitter_misc":{"Est. reading time":"1 minute"},"schema":{"@context":"https:\/\/schema.org","@graph":[{"@type":"WebPage","@id":"https:\/\/staging.espacecabdeco.ca\/en\/spaces\/restaurants\/","url":"https:\/\/staging.espacecabdeco.ca\/en\/spaces\/restaurants\/","name":"Restaurants - Espace Cabd\u00e9co - CAB D\u00e9co - Mobilier commecial et r\u00e9sidentiel - Montreal","isPartOf":{"@id":"https:\/\/staging.espacecabdeco.ca\/en\/#website"},"datePublished":"2026-03-26T20:00:22+00:00","dateModified":"2026-03-26T20:18:45+00:00","description":"Chaises et mobilier design de qualit\u00e9 contrat \u00e0 Montr\u00e9al","breadcrumb":{"@id":"https:\/\/staging.espacecabdeco.ca\/en\/spaces\/restaurants\/#breadcrumb"},"inLanguage":"en-CA","potentialAction":[{"@type":"ReadAction","target":["https:\/\/staging.espacecabdeco.ca\/en\/spaces\/restaurants\/"]}]},{"@type":"BreadcrumbList","@id":"https:\/\/staging.espacecabdeco.ca\/en\/spaces\/restaurants\/#breadcrumb","itemListElement":[{"@type":"ListItem","position":1,"name":"Home","item":"https:\/\/staging.espacecabdeco.ca\/en\/"},{"@type":"ListItem","position":2,"name":"Spaces","item":"https:\/\/staging.espacecabdeco.ca\/en\/spaces\/"},{"@type":"ListItem","position":3,"name":"Restaurants"}]},{"@type":"WebSite","@id":"https:\/\/staging.espacecabdeco.ca\/en\/#website","url":"https:\/\/staging.espacecabdeco.ca\/en\/","name":"Espace Cabd\u00e9co","description":"Mobilier Commercial et R\u00e9sidentiel \u00e0 Montr\u00e9al","publisher":{"@id":"https:\/\/staging.espacecabdeco.ca\/en\/#organization"},"potentialAction":[{"@type":"SearchAction","target":{"@type":"EntryPoint","urlTemplate":"https:\/\/staging.espacecabdeco.ca\/en\/?s={search_term_string}"},"query-input":{"@type":"PropertyValueSpecification","valueRequired":true,"valueName":"search_term_string"}}],"inLanguage":"en-CA"},{"@type":"Organization","@id":"https:\/\/staging.espacecabdeco.ca\/en\/#organization","name":"Espace Cabd\u00e9co","url":"https:\/\/staging.espacecabdeco.ca\/en\/","logo":{"@type":"ImageObject","inLanguage":"en-CA","@id":"https:\/\/staging.espacecabdeco.ca\/en\/#\/schema\/logo\/image\/","url":"https:\/\/staging.espacecabdeco.ca\/wp-content\/uploads\/2026\/03\/logo-espace-cabdeco.svg","contentUrl":"https:\/\/staging.espacecabdeco.ca\/wp-content\/uploads\/2026\/03\/logo-espace-cabdeco.svg","caption":"Espace Cabd\u00e9co"},"image":{"@id":"https:\/\/staging.espacecabdeco.ca\/en\/#\/schema\/logo\/image\/"},"sameAs":["https:\/\/www.facebook.com\/CAB-D\u00e9co-626681560734273\/","https:\/\/x.com\/cabdeco","http:\/\/instagram.com\/cabdeco","https:\/\/www.linkedin.com\/company\/c-a-b-deco","https:\/\/www.pinterest.com\/cabdeco\/"]}]}},"_links":{"self":[{"href":"https:\/\/staging.espacecabdeco.ca\/en\/wp-json\/wp\/v2\/pages\/23000","targetHints":{"allow":["GET"]}}],"collection":[{"href":"https:\/\/staging.espacecabdeco.ca\/en\/wp-json\/wp\/v2\/pages"}],"about":[{"href":"https:\/\/staging.espacecabdeco.ca\/en\/wp-json\/wp\/v2\/types\/page"}],"author":[{"embeddable":true,"href":"https:\/\/staging.espacecabdeco.ca\/en\/wp-json\/wp\/v2\/users\/2"}],"replies":[{"embeddable":true,"href":"https:\/\/staging.espacecabdeco.ca\/en\/wp-json\/wp\/v2\/comments?post=23000"}],"version-history":[{"count":0,"href":"https:\/\/staging.espacecabdeco.ca\/en\/wp-json\/wp\/v2\/pages\/23000\/revisions"}],"up":[{"embeddable":true,"href":"https:\/\/staging.espacecabdeco.ca\/en\/wp-json\/wp\/v2\/pages\/52"}],"wp:attachment":[{"href":"https:\/\/staging.espacecabdeco.ca\/en\/wp-json\/wp\/v2\/media?parent=23000"}],"curies":[{"name":"wp","href":"https:\/\/api.w.org\/{rel}","templated":true}]}}