{"id":21791,"date":"2024-11-15T10:48:21","date_gmt":"2024-11-15T15:48:21","guid":{"rendered":"https:\/\/staging.espacecabdeco.ca\/?page_id=21791"},"modified":"2026-04-13T10:48:32","modified_gmt":"2026-04-13T15:48:32","slug":"privacy-policy","status":"publish","type":"page","link":"https:\/\/staging.espacecabdeco.ca\/en\/privacy-policy\/","title":{"rendered":"Privacy Policy"},"content":{"rendered":"\n<section class=\"wp-block-group alignfull has-beige-pierre-background-color has-background has-global-padding is-layout-constrained wp-container-core-group-is-layout-3a515d29 wp-block-group-is-layout-constrained\" style=\"margin-bottom:var(--wp--preset--spacing--70);padding-top:var(--wp--preset--spacing--50);padding-bottom:var(--wp--preset--spacing--80)\">\n<h1 class=\"wp-block-heading has-text-align-center\" style=\"margin-top:var(--wp--preset--spacing--60);margin-bottom:var(--wp--preset--spacing--50)\">Privacy Policy<\/h1>\n\n\n\n<h2 class=\"wp-block-heading has-28-font-size\" style=\"margin-top:var(--wp--preset--spacing--70);margin-bottom:var(--wp--preset--spacing--30);font-style:normal;font-weight:400\">Terms and conditions of use<\/h2>\n\n\n\n<p class=\"has-18-font-size\">This website is owned and operated by <strong>Espace Cabd\u00e9co<\/strong>. By accessing or using this website, you acknowledge that you have read and agree to the following terms of use. If you do not accept these terms of use, please do not use this website.   <\/p>\n\n\n\n<p class=\"has-18-font-size\"><strong>Espace Cabd\u00e9co<\/strong> reserves the right to modify the present legal notice and disclaimer at any time and without prior written notice, by publishing such modifications on its website.<\/p>\n\n\n\n<p class=\"has-18-font-size\">Unless expressly authorized by Espace Cabd\u00e9co, any reproduction, modification or distribution of the material or content of this site, in whole or in part, is strictly prohibited.<\/p>\n\n\n\n<h2 class=\"wp-block-heading has-28-font-size\" style=\"margin-top:var(--wp--preset--spacing--60);margin-bottom:var(--wp--preset--spacing--20);font-style:normal;font-weight:400\">Compliance with laws<\/h2>\n\n\n\n<p>In addition to complying with this legal notice and disclaimer, you agree to use the site only for lawful purposes and in a manner that complies with local, national and international laws and regulations.<\/p>\n\n\n\n<h2 class=\"wp-block-heading has-28-font-size\" style=\"margin-top:var(--wp--preset--spacing--60);margin-right:0;margin-bottom:var(--wp--preset--spacing--20);margin-left:0;font-style:normal;font-weight:400\">Links to third party sites<\/h2>\n\n\n\n<p class=\"has-18-font-size\">This site may contain links to third-party sites that are not created, maintained, owned or controlled by <strong>Espace Cabd\u00e9co<\/strong>. Espace Cabd\u00e9co has no control over, and assumes no responsibility for, the information, data, opinions, advice, statements, content, privacy policies or practices of any third party site. A link to a third-party site is provided as a convenience to users of this site, and the inclusion of any link does not imply affiliation with or endorsement of the third-party site by <strong>Espace Cabd\u00e9co<\/strong>, and Espace Cabd\u00e9co disclaims any responsibility for such third-party sites. Please be aware that if you follow a link or go to a third-party site, you will leave the <strong>Espace Cabd\u00e9co <\/strong>site.    <\/p>\n\n\n\n<h2 class=\"wp-block-heading has-28-font-size\" style=\"margin-top:var(--wp--preset--spacing--60);margin-bottom:var(--wp--preset--spacing--20);font-style:normal;font-weight:400\">Access to your personal information<\/h2>\n\n\n\n<p class=\"has-18-font-size\">Once we have properly identified you, you may request access to the personal information we hold about you, as permitted or required by law. A written request from you is required. <\/p>\n\n\n\n<p class=\"has-18-font-size\">The right of withdrawal is understood to be the possibility offered to Internet users to request that their personal information no longer appears, for example, on a mailing list.<\/p>\n\n\n\n<h3 class=\"wp-block-heading\" style=\"margin-top:var(--wp--preset--spacing--20);margin-bottom:var(--wp--preset--spacing--20)\">Privacy Officer<\/h3>\n\n\n\n<p class=\"has-18-font-size\">If you have any questions or concerns about our handling or updating of your personal information, <a href=\"mailto:nadine@cabdeco.ca?subject=personal%20information\">please contact us by e-mail<\/a>. Nadine Chelhot, Privacy Officer, will contact you within thirty (30) days of receiving your message. <\/p>\n\n\n\n<h3 class=\"wp-block-heading\" style=\"margin-top:var(--wp--preset--spacing--20);margin-bottom:var(--wp--preset--spacing--20)\">Privacy notice<\/h3>\n\n\n\n<p class=\"has-18-font-size\"><strong>Espace Cabd\u00e9co<\/strong> does not collect any personal information about visitors to this site other than that which is specifically and knowingly provided by such visitors. This personal information will not be transferred to a third party, except (i) if indicated at the time of collection, (ii) if required by law. <strong>Espace Cabd\u00e9co<\/strong> collects and keeps statistics on the number of visits to the site and the types of browsers used for internal purposes only.   <\/p>\n\n\n\n<h2 class=\"wp-block-heading has-28-font-size\" style=\"margin-top:var(--wp--preset--spacing--60);margin-bottom:var(--wp--preset--spacing--20);font-style:normal;font-weight:400\">Intellectual property and property rights<\/h2>\n\n\n\n<p class=\"has-18-font-size\">This site is owned and operated by <strong>Espace Cabd\u00e9co<\/strong>. All material on this site, including but not limited to all content, data, files, text, graphics, icons, site design, company names, trademarks and logos are and shall remain the exclusive property of the company. Any unauthorized use or any reproduction, modification or distribution of material is strictly prohibited. All information contained on this site is protected by the copyright laws of Canada and other countries.   <\/p>\n\n\n\n<h2 class=\"wp-block-heading has-28-font-size\" style=\"margin-top:var(--wp--preset--spacing--60);margin-bottom:var(--wp--preset--spacing--20);font-style:normal;font-weight:400\">Use of technology on the site<\/h2>\n\n\n\n<p class=\"has-18-font-size\">The site uses <em>cookies<\/em> to make your visit more user-friendly.<\/p>\n\n\n\n<h3 class=\"wp-block-heading\" style=\"padding-top:var(--wp--preset--spacing--20);padding-bottom:var(--wp--preset--spacing--20)\">What are cookies?<\/h3>\n\n\n\n<p class=\"has-18-font-size\">A cookie is a string of information that a Web site stores on a visitor\u2019s computer and that the visitor\u2019s browser provides to the site each time the visitor accesses the site. Most major sites use cookies. Since the browser provides this information to the Web site on each visit, cookies serve as a kind of tag that identifies a visitor when he or she visits the site again. The domain name of <strong>Espace Cabd\u00e9co<\/strong>&#8216;s cookies will clearly identify their affiliation with <strong>Espace Cabd\u00e9co<\/strong> and, where applicable, its third-party service provider.<br\/> <br\/>   <\/p>\n\n\n\n<h3 class=\"wp-block-heading\" style=\"margin-top:var(--wp--preset--spacing--20);margin-bottom:var(--wp--preset--spacing--20)\">What are web beacons?<\/h3>\n\n\n\n<p class=\"has-18-font-size\">Web beacons work in tandem with cookies to help website operators understand how visitors interact with their sites. They generally consist of a transparent graphic image (usually 1 pixel x 1 pixel) that is placed on a site. A spy pixel enables the site to measure the actions of the visitor who opens the page containing the spy pixel. It makes it easier to track and record the activities of a recognized browser, such as the path of pages visited on a site.   <\/p>\n\n\n\n<h3 class=\"wp-block-heading\" style=\"padding-top:var(--wp--preset--spacing--20);padding-bottom:var(--wp--preset--spacing--20)\">How do we use cookies and web beacons?<\/h3>\n\n\n\n<p class=\"has-18-font-size\">The website uses cookies to help the company identify and track visitors, their use of its site and their site access preferences across multiple requests and visits to the <strong>Espace Cabd\u00e9co<\/strong> site. The site, as well as advertisements that <strong>Espace Cabd\u00e9co<\/strong> may occasionally run on third-party ad networks, may also use web beacons for these purposes. The basic idea is to collect aggregate data about how people use the <strong>Espace Cabd\u00e9co<\/strong> site. This strategy is usually referred to as \u201cWeb analytics,\u201d and cookies and web beacons are the tools by which a site owner collects this analytical data.   <\/p>\n\n\n\n<p class=\"has-18-font-size\"><strong>Espace Cabd\u00e9co<\/strong> will use web analytics data only to determine trends in the overall use of its website, as set out above. To do this, the Website uses its own internal analytics software or sends this information to a third-party service provider that assists the Company in analyzing this data. <strong>Espace Cabd\u00e9co<\/strong> has entered into agreements with its third-party service providers under which they will maintain the confidentiality of the information and will not use this information for any purpose other than to maintain the services they provide. Cookies and web beacons may be linked to personally identifiable information, allowing website operators, including our third-party analytics providers, to track the online activities of certain individuals. <strong>Espace Cabd\u00e9co<\/strong> does not do this and its third-party service providers are not authorized to correlate <strong>Espace Cabd\u00e9co<\/strong> data with other data.  <\/p>\n\n\n\n<p class=\"has-18-font-size\"><strong>Espace Cabd\u00e9co<\/strong> uses the information provided by cookies and web beacons to better understand how visitors use the website and to improve those visitors\u2019 interactions with the website. <strong>Espace Cabd\u00e9co<\/strong> may make aggregate data obtained through web analytics (including through our third-party analytics providers, where applicable) available to the public. If such data is made available, it will first be rendered anonymous. <\/p>\n\n\n\n<h3 class=\"wp-block-heading\" style=\"padding-top:var(--wp--preset--spacing--20);padding-bottom:var(--wp--preset--spacing--20)\">How can I control the use of cookies?<\/h3>\n\n\n\n<p class=\"has-18-font-size\">You have the option of accepting or rejecting cookies. Website visitors who do not wish cookies to be placed on their computer by<strong> Espace Cabd\u00e9co<\/strong> or its third-party service providers should set their browser to refuse cookies before visiting the website. <\/p>\n\n\n\n<p class=\"has-18-font-size\">Certain Web site functions may not function properly without the aid of cookies.<\/p>\n\n\n\n<h2 class=\"wp-block-heading has-28-font-size\" style=\"margin-top:var(--wp--preset--spacing--60);margin-bottom:var(--wp--preset--spacing--20);font-style:normal;font-weight:400\">Refusal of access<\/h2>\n\n\n\n<p class=\"has-18-font-size\"><strong>Espace Cabd\u00e9co<\/strong> reserves the right, at its sole discretion, to terminate your access to the site, in whole or in part, with or without notice, for any or no reason, including, but not limited to, breach of the terms of use. If you have any questions regarding this legal notice and disclaimer, please contact us by e-mail at <strong><a href=\"mailto:info@cabdeco.ca?subject=Privacy%20Policy\">info@cabdeco.ca<\/a><\/strong>. <\/p>\n<\/section>\n\n<section class=\"wp-block-group alignfull has-blanc-casse-chaud-background-color has-background has-global-padding is-layout-constrained wp-container-core-group-is-layout-a6e38955 wp-block-group-is-layout-constrained\" style=\"border-top-left-radius:12px;border-top-right-radius:12px;border-bottom-left-radius:0px;border-bottom-right-radius:0px;margin-top:0px\">\n<div class=\"wp-block-columns has-gris-sauge-pale-background-color has-background is-layout-flex wp-container-core-columns-is-layout-f65187a8 wp-block-columns-is-layout-flex\" style=\"border-top-left-radius:12px;border-top-right-radius:12px;padding-top:var(--wp--preset--spacing--60);padding-right:var(--wp--preset--spacing--60);padding-bottom:var(--wp--preset--spacing--60);padding-left:var(--wp--preset--spacing--60)\">\n<div class=\"wp-block-column is-layout-flow wp-block-column-is-layout-flow\">\n<h2 class=\"wp-block-heading\" style=\"font-style:normal;font-weight:300\">Our showroom is open <strong>by appointment only<\/strong>, from Monday to Friday, 9 a.m. to 5 p.m.<\/h2>\n<\/div>\n\n\n\n<div class=\"wp-block-column is-layout-flow wp-block-column-is-layout-flow\">\n<p class=\"has-20-font-size\">If you would like to discover, try and select furniture in our showroom, we would be happy to welcome you by appointment.<\/p>\n\n\n\n<div class=\"wp-block-buttons is-layout-flex wp-block-buttons-is-layout-flex\" style=\"margin-top:var(--wp--preset--spacing--40)\">\n<div class=\"wp-block-button is-style-fill\"><a class=\"wp-block-button__link wp-element-button\" href=\"https:\/\/staging.espacecabdeco.ca\/en\/contact-us\/\">Book an appointment<\/a><\/div>\n<\/div>\n<\/div>\n<\/div>\n\n\n\n<figure class=\"wp-block-image alignwide size-full has-custom-border\" style=\"margin-top:0px\"><img loading=\"lazy\" decoding=\"async\" width=\"1600\" height=\"812\" src=\"https:\/\/staging.espacecabdeco.ca\/wp-content\/uploads\/2026\/03\/showroom-2.jpg\" alt=\"\" class=\"wp-image-23895\" style=\"border-bottom-left-radius:12px;border-bottom-right-radius:12px\" srcset=\"https:\/\/staging.espacecabdeco.ca\/wp-content\/uploads\/2026\/03\/showroom-2.jpg 1600w, https:\/\/staging.espacecabdeco.ca\/wp-content\/uploads\/2026\/03\/showroom-2-300x152.jpg 300w, https:\/\/staging.espacecabdeco.ca\/wp-content\/uploads\/2026\/03\/showroom-2-1024x520.jpg 1024w\" sizes=\"auto, (max-width: 1600px) 100vw, 1600px\" \/><\/figure>\n<\/section>\n","protected":false},"excerpt":{"rendered":"<p>Privacy Policy Terms and conditions of use This website is owned and operated by Espace Cabd\u00e9co. By accessing or using this website, you acknowledge that you have read and agree to the following terms of use. If you do not accept these terms of use, please do not use this website. Espace Cabd\u00e9co reserves the [&hellip;]<\/p>\n","protected":false},"author":2,"featured_media":0,"parent":0,"menu_order":0,"comment_status":"closed","ping_status":"closed","template":"","meta":{"_acf_changed":false,"footnotes":""},"class_list":["post-21791","page","type-page","status-publish","hentry"],"acf":[],"yoast_head":"<!-- This site is optimized with the Yoast SEO plugin v27.3 - https:\/\/yoast.com\/product\/yoast-seo-wordpress\/ -->\n<title>Privacy Policy - Espace Cabd\u00e9co<\/title>\n<meta name=\"description\" content=\"This website is owned and operated by Espace Cabd\u00e9co. By accessing it, you acknowledge that you have read and agree to the Terms of Use.\" \/>\n<meta name=\"robots\" content=\"noindex, follow, max-snippet:-1, max-image-preview:large, max-video-preview:-1\" \/>\n<meta property=\"og:locale\" content=\"en_US\" \/>\n<meta property=\"og:type\" content=\"article\" \/>\n<meta property=\"og:title\" content=\"Privacy Policy - Espace Cabd\u00e9co\" \/>\n<meta property=\"og:description\" content=\"This website is owned and operated by Espace Cabd\u00e9co. By accessing it, you acknowledge that you have read and agree to the Terms of Use.\" \/>\n<meta property=\"og:url\" content=\"https:\/\/staging.espacecabdeco.ca\/en\/privacy-policy\/\" \/>\n<meta property=\"og:site_name\" content=\"Espace Cabd\u00e9co\" \/>\n<meta property=\"article:publisher\" content=\"https:\/\/www.facebook.com\/CAB-D%c3%a9co-626681560734273\/\" \/>\n<meta property=\"article:modified_time\" content=\"2026-04-13T15:48:32+00:00\" \/>\n<meta property=\"og:image\" content=\"https:\/\/staging.espacecabdeco.ca\/wp-content\/uploads\/2024\/11\/Logo_Espace_Cabdeco_fond_blanc-1024x388.png\" \/>\n<meta name=\"twitter:card\" content=\"summary_large_image\" \/>\n<meta name=\"twitter:site\" content=\"@cabdeco\" \/>\n<meta name=\"twitter:label1\" content=\"Est. reading time\" \/>\n\t<meta name=\"twitter:data1\" content=\"5 minutes\" \/>\n<script type=\"application\/ld+json\" class=\"yoast-schema-graph\">{\"@context\":\"https:\\\/\\\/schema.org\",\"@graph\":[{\"@type\":\"WebPage\",\"@id\":\"https:\\\/\\\/staging.espacecabdeco.ca\\\/en\\\/privacy-policy\\\/\",\"url\":\"https:\\\/\\\/staging.espacecabdeco.ca\\\/en\\\/privacy-policy\\\/\",\"name\":\"Privacy Policy - Espace Cabd\u00e9co\",\"isPartOf\":{\"@id\":\"https:\\\/\\\/staging.espacecabdeco.ca\\\/en\\\/#website\"},\"datePublished\":\"2024-11-15T15:48:21+00:00\",\"dateModified\":\"2026-04-13T15:48:32+00:00\",\"description\":\"This website is owned and operated by Espace Cabd\u00e9co. By accessing it, you acknowledge that you have read and agree to the Terms of Use.\",\"breadcrumb\":{\"@id\":\"https:\\\/\\\/staging.espacecabdeco.ca\\\/en\\\/privacy-policy\\\/#breadcrumb\"},\"inLanguage\":\"en-CA\",\"potentialAction\":[{\"@type\":\"ReadAction\",\"target\":[\"https:\\\/\\\/staging.espacecabdeco.ca\\\/en\\\/privacy-policy\\\/\"]}]},{\"@type\":\"BreadcrumbList\",\"@id\":\"https:\\\/\\\/staging.espacecabdeco.ca\\\/en\\\/privacy-policy\\\/#breadcrumb\",\"itemListElement\":[{\"@type\":\"ListItem\",\"position\":1,\"name\":\"Home\",\"item\":\"https:\\\/\\\/staging.espacecabdeco.ca\\\/en\\\/\"},{\"@type\":\"ListItem\",\"position\":2,\"name\":\"Privacy Policy\"}]},{\"@type\":\"WebSite\",\"@id\":\"https:\\\/\\\/staging.espacecabdeco.ca\\\/en\\\/#website\",\"url\":\"https:\\\/\\\/staging.espacecabdeco.ca\\\/en\\\/\",\"name\":\"Espace Cabd\u00e9co\",\"description\":\"Mobilier Commercial et R\u00e9sidentiel \u00e0 Montr\u00e9al\",\"publisher\":{\"@id\":\"https:\\\/\\\/staging.espacecabdeco.ca\\\/en\\\/#organization\"},\"potentialAction\":[{\"@type\":\"SearchAction\",\"target\":{\"@type\":\"EntryPoint\",\"urlTemplate\":\"https:\\\/\\\/staging.espacecabdeco.ca\\\/en\\\/?s={search_term_string}\"},\"query-input\":{\"@type\":\"PropertyValueSpecification\",\"valueRequired\":true,\"valueName\":\"search_term_string\"}}],\"inLanguage\":\"en-CA\"},{\"@type\":\"Organization\",\"@id\":\"https:\\\/\\\/staging.espacecabdeco.ca\\\/en\\\/#organization\",\"name\":\"Espace Cabd\u00e9co\",\"url\":\"https:\\\/\\\/staging.espacecabdeco.ca\\\/en\\\/\",\"logo\":{\"@type\":\"ImageObject\",\"inLanguage\":\"en-CA\",\"@id\":\"https:\\\/\\\/staging.espacecabdeco.ca\\\/en\\\/#\\\/schema\\\/logo\\\/image\\\/\",\"url\":\"https:\\\/\\\/staging.espacecabdeco.ca\\\/wp-content\\\/uploads\\\/2026\\\/03\\\/logo-espace-cabdeco.svg\",\"contentUrl\":\"https:\\\/\\\/staging.espacecabdeco.ca\\\/wp-content\\\/uploads\\\/2026\\\/03\\\/logo-espace-cabdeco.svg\",\"caption\":\"Espace Cabd\u00e9co\"},\"image\":{\"@id\":\"https:\\\/\\\/staging.espacecabdeco.ca\\\/en\\\/#\\\/schema\\\/logo\\\/image\\\/\"},\"sameAs\":[\"https:\\\/\\\/www.facebook.com\\\/CAB-D\u00e9co-626681560734273\\\/\",\"https:\\\/\\\/x.com\\\/cabdeco\",\"http:\\\/\\\/instagram.com\\\/cabdeco\",\"https:\\\/\\\/www.linkedin.com\\\/company\\\/c-a-b-deco\",\"https:\\\/\\\/www.pinterest.com\\\/cabdeco\\\/\"]}]}<\/script>\n<!-- \/ Yoast SEO plugin. -->","yoast_head_json":{"title":"Privacy Policy - Espace Cabd\u00e9co","description":"This website is owned and operated by Espace Cabd\u00e9co. By accessing it, you acknowledge that you have read and agree to the Terms of Use.","robots":{"index":"noindex","follow":"follow","max-snippet":"max-snippet:-1","max-image-preview":"max-image-preview:large","max-video-preview":"max-video-preview:-1"},"og_locale":"en_US","og_type":"article","og_title":"Privacy Policy - Espace Cabd\u00e9co","og_description":"This website is owned and operated by Espace Cabd\u00e9co. By accessing it, you acknowledge that you have read and agree to the Terms of Use.","og_url":"https:\/\/staging.espacecabdeco.ca\/en\/privacy-policy\/","og_site_name":"Espace Cabd\u00e9co","article_publisher":"https:\/\/www.facebook.com\/CAB-D%c3%a9co-626681560734273\/","article_modified_time":"2026-04-13T15:48:32+00:00","og_image":[{"url":"https:\/\/staging.espacecabdeco.ca\/wp-content\/uploads\/2024\/11\/Logo_Espace_Cabdeco_fond_blanc-1024x388.png","type":"","width":"","height":""}],"twitter_card":"summary_large_image","twitter_site":"@cabdeco","twitter_misc":{"Est. reading time":"5 minutes"},"schema":{"@context":"https:\/\/schema.org","@graph":[{"@type":"WebPage","@id":"https:\/\/staging.espacecabdeco.ca\/en\/privacy-policy\/","url":"https:\/\/staging.espacecabdeco.ca\/en\/privacy-policy\/","name":"Privacy Policy - Espace Cabd\u00e9co","isPartOf":{"@id":"https:\/\/staging.espacecabdeco.ca\/en\/#website"},"datePublished":"2024-11-15T15:48:21+00:00","dateModified":"2026-04-13T15:48:32+00:00","description":"This website is owned and operated by Espace Cabd\u00e9co. By accessing it, you acknowledge that you have read and agree to the Terms of Use.","breadcrumb":{"@id":"https:\/\/staging.espacecabdeco.ca\/en\/privacy-policy\/#breadcrumb"},"inLanguage":"en-CA","potentialAction":[{"@type":"ReadAction","target":["https:\/\/staging.espacecabdeco.ca\/en\/privacy-policy\/"]}]},{"@type":"BreadcrumbList","@id":"https:\/\/staging.espacecabdeco.ca\/en\/privacy-policy\/#breadcrumb","itemListElement":[{"@type":"ListItem","position":1,"name":"Home","item":"https:\/\/staging.espacecabdeco.ca\/en\/"},{"@type":"ListItem","position":2,"name":"Privacy Policy"}]},{"@type":"WebSite","@id":"https:\/\/staging.espacecabdeco.ca\/en\/#website","url":"https:\/\/staging.espacecabdeco.ca\/en\/","name":"Espace Cabd\u00e9co","description":"Mobilier Commercial et R\u00e9sidentiel \u00e0 Montr\u00e9al","publisher":{"@id":"https:\/\/staging.espacecabdeco.ca\/en\/#organization"},"potentialAction":[{"@type":"SearchAction","target":{"@type":"EntryPoint","urlTemplate":"https:\/\/staging.espacecabdeco.ca\/en\/?s={search_term_string}"},"query-input":{"@type":"PropertyValueSpecification","valueRequired":true,"valueName":"search_term_string"}}],"inLanguage":"en-CA"},{"@type":"Organization","@id":"https:\/\/staging.espacecabdeco.ca\/en\/#organization","name":"Espace Cabd\u00e9co","url":"https:\/\/staging.espacecabdeco.ca\/en\/","logo":{"@type":"ImageObject","inLanguage":"en-CA","@id":"https:\/\/staging.espacecabdeco.ca\/en\/#\/schema\/logo\/image\/","url":"https:\/\/staging.espacecabdeco.ca\/wp-content\/uploads\/2026\/03\/logo-espace-cabdeco.svg","contentUrl":"https:\/\/staging.espacecabdeco.ca\/wp-content\/uploads\/2026\/03\/logo-espace-cabdeco.svg","caption":"Espace Cabd\u00e9co"},"image":{"@id":"https:\/\/staging.espacecabdeco.ca\/en\/#\/schema\/logo\/image\/"},"sameAs":["https:\/\/www.facebook.com\/CAB-D\u00e9co-626681560734273\/","https:\/\/x.com\/cabdeco","http:\/\/instagram.com\/cabdeco","https:\/\/www.linkedin.com\/company\/c-a-b-deco","https:\/\/www.pinterest.com\/cabdeco\/"]}]}},"_links":{"self":[{"href":"https:\/\/staging.espacecabdeco.ca\/en\/wp-json\/wp\/v2\/pages\/21791","targetHints":{"allow":["GET"]}}],"collection":[{"href":"https:\/\/staging.espacecabdeco.ca\/en\/wp-json\/wp\/v2\/pages"}],"about":[{"href":"https:\/\/staging.espacecabdeco.ca\/en\/wp-json\/wp\/v2\/types\/page"}],"author":[{"embeddable":true,"href":"https:\/\/staging.espacecabdeco.ca\/en\/wp-json\/wp\/v2\/users\/2"}],"replies":[{"embeddable":true,"href":"https:\/\/staging.espacecabdeco.ca\/en\/wp-json\/wp\/v2\/comments?post=21791"}],"version-history":[{"count":5,"href":"https:\/\/staging.espacecabdeco.ca\/en\/wp-json\/wp\/v2\/pages\/21791\/revisions"}],"predecessor-version":[{"id":24047,"href":"https:\/\/staging.espacecabdeco.ca\/en\/wp-json\/wp\/v2\/pages\/21791\/revisions\/24047"}],"wp:attachment":[{"href":"https:\/\/staging.espacecabdeco.ca\/en\/wp-json\/wp\/v2\/media?parent=21791"}],"curies":[{"name":"wp","href":"https:\/\/api.w.org\/{rel}","templated":true}]}}