{"id":1094,"date":"2015-10-15T19:31:24","date_gmt":"2015-10-15T19:31:24","guid":{"rendered":"http:\/\/espacecabdeco.ca\/en\/?page_id=1094"},"modified":"2026-04-13T10:37:32","modified_gmt":"2026-04-13T15:37:32","slug":"care-instructions-2","status":"publish","type":"page","link":"https:\/\/staging.espacecabdeco.ca\/en\/care-instructions-2\/","title":{"rendered":"Care Instructions"},"content":{"rendered":"\n<div class=\"wp-block-group alignfull has-beige-pierre-background-color has-background has-global-padding is-layout-constrained wp-container-core-group-is-layout-fb475c72 wp-block-group-is-layout-constrained\" style=\"margin-bottom:var(--wp--preset--spacing--70);padding-top:var(--wp--preset--spacing--50);padding-bottom:var(--wp--preset--spacing--80)\">\n<h1 class=\"wp-block-heading has-text-align-center\" style=\"margin-top:var(--wp--preset--spacing--60);margin-bottom:0\">Care Instructions<\/h1>\n\n\n\n<p class=\"has-text-align-center has-28-font-size\" style=\"padding-bottom:var(--wp--preset--spacing--30)\">To extend the lifespan of your furniture<\/p>\n\n\n\n<h2 class=\"wp-block-heading is-style-default has-28-font-size\" style=\"margin-top:var(--wp--preset--spacing--60);margin-bottom:var(--wp--preset--spacing--20);font-style:normal;font-weight:400\">Metals<\/h2>\n\n\n\n<h3 class=\"wp-block-heading\" style=\"padding-top:var(--wp--preset--spacing--20);padding-bottom:var(--wp--preset--spacing--20)\">Cleaning<\/h3>\n\n\n\n<p class=\"has-18-font-size\" style=\"padding-bottom:0\">Metallic, steel, aluminium and polished surfaces should be cleaned with a soft damp cloth and warm water; for persistent stains, liquid soap diluted in water can be used. After cleaning, always dry with a soft cloth. Do not use cleaning products for steel ovens, chlorine, bleach, or other aggressive detergents. Avoid abrasive sponges that can scratch metallic surfaces.<\/p>\n\n\n\n<h3 class=\"wp-block-heading\" style=\"padding-top:var(--wp--preset--spacing--20);padding-bottom:var(--wp--preset--spacing--20)\">Use<\/h3>\n\n\n\n<p class=\"has-18-font-size\" style=\"padding-bottom:0\">Pay attention to food stains like coffee, juice or cola; if they are not removed immediately, they can leave indelible marks on the surface.<\/p>\n\n\n\n<h2 class=\"wp-block-heading is-style-default has-28-font-size\" style=\"margin-top:var(--wp--preset--spacing--60);margin-bottom:var(--wp--preset--spacing--20);font-style:normal;font-weight:400\">Wood<\/h2>\n\n\n\n<h3 class=\"wp-block-heading\" style=\"padding-top:var(--wp--preset--spacing--20);padding-bottom:var(--wp--preset--spacing--20)\">Cleaning<\/h3>\n\n\n\n<p class=\"has-18-font-size\" style=\"padding-bottom:0\">Clean any wood surfaces with a damp cloth and warm water. Always dry after cleaning. Remove any liquid substances and any other residue to avoid absorption.<\/p>\n\n\n\n<h3 class=\"wp-block-heading\" style=\"padding-top:var(--wp--preset--spacing--20);padding-bottom:var(--wp--preset--spacing--20)\">Use<\/h3>\n\n\n\n<p class=\"has-18-font-size\" style=\"padding-bottom:0\">Wood is a natural material; therefore, the colour and surface could undergo changes with use and over time. Wood surfaces cannot endure high temperatures, like direct contact with hot pots and pans. Exposure over time to light sources can change the colour of the wood.<\/p>\n\n\n\n<h2 class=\"wp-block-heading is-style-default has-28-font-size\" style=\"margin-top:var(--wp--preset--spacing--60);margin-bottom:var(--wp--preset--spacing--20);font-style:normal;font-weight:400\">Plastics<\/h2>\n\n\n\n<h3 class=\"wp-block-heading\" style=\"padding-top:var(--wp--preset--spacing--20);padding-bottom:var(--wp--preset--spacing--20)\">Cleaning<\/h3>\n\n\n\n<p class=\"has-18-font-size\" style=\"padding-bottom:0\">Plastic surfaces can be cleaned with a damp cloth and warm water; for persistent stains, a small amount of liquid soap diluted in water may be used. It is possible to use steam. Avoid all types of abrasive substances, like for example powdered cleaning products, abrasive creams, score pads and rough sponges. Avoid using acetone, trichloroethylene, ammonia, ethyl alcohol and detergents that contain these substances because they can render shiny surfaces opaque.<\/p>\n\n\n\n<h3 class=\"wp-block-heading\" style=\"padding-top:var(--wp--preset--spacing--20);padding-bottom:var(--wp--preset--spacing--20)\">Use<\/h3>\n\n\n\n<p class=\"has-18-font-size\" style=\"padding-bottom:0\">Avoid placing objects on the surface that can scratch the material with which the products are made. We remind you that surfaces made from plastic materials cannot endure high temperatures, like for example direct contact with hot pots and pans.<\/p>\n\n\n\n<h2 class=\"wp-block-heading is-style-default has-28-font-size\" style=\"margin-top:var(--wp--preset--spacing--60);margin-bottom:var(--wp--preset--spacing--20);font-style:normal;font-weight:400\">Outdoor Furniture<\/h2>\n\n\n\n<p class=\"has-18-font-size\" style=\"padding-bottom:0\">Our outdoor furniture is generally made for south-european winters, which can reach approximatly -10\u00b0C at their peak.<\/p>\n<\/div>\n\n<section class=\"wp-block-group alignfull has-blanc-casse-chaud-background-color has-background has-global-padding is-layout-constrained wp-container-core-group-is-layout-a6e38955 wp-block-group-is-layout-constrained\" style=\"border-top-left-radius:12px;border-top-right-radius:12px;border-bottom-left-radius:0px;border-bottom-right-radius:0px;margin-top:0px\">\n<div class=\"wp-block-columns has-gris-sauge-pale-background-color has-background is-layout-flex wp-container-core-columns-is-layout-f65187a8 wp-block-columns-is-layout-flex\" style=\"border-top-left-radius:12px;border-top-right-radius:12px;padding-top:var(--wp--preset--spacing--60);padding-right:var(--wp--preset--spacing--60);padding-bottom:var(--wp--preset--spacing--60);padding-left:var(--wp--preset--spacing--60)\">\n<div class=\"wp-block-column is-layout-flow wp-block-column-is-layout-flow\">\n<h2 class=\"wp-block-heading\" style=\"font-style:normal;font-weight:300\">Our showroom is open <strong>by appointment only<\/strong>, from Monday to Friday, 9 a.m. to 5 p.m.<\/h2>\n<\/div>\n\n\n\n<div class=\"wp-block-column is-layout-flow wp-block-column-is-layout-flow\">\n<p class=\"has-20-font-size\">If you would like to discover, try and select furniture in our showroom, we would be happy to welcome you by appointment.<\/p>\n\n\n\n<div class=\"wp-block-buttons is-layout-flex wp-block-buttons-is-layout-flex\" style=\"margin-top:var(--wp--preset--spacing--40)\">\n<div class=\"wp-block-button is-style-fill\"><a class=\"wp-block-button__link wp-element-button\" href=\"https:\/\/staging.espacecabdeco.ca\/en\/contact-us\/\">Book an appointment<\/a><\/div>\n<\/div>\n<\/div>\n<\/div>\n\n\n\n<figure class=\"wp-block-image alignwide size-full has-custom-border\" style=\"margin-top:0px\"><img loading=\"lazy\" decoding=\"async\" width=\"1600\" height=\"812\" src=\"https:\/\/staging.espacecabdeco.ca\/wp-content\/uploads\/2026\/03\/showroom-2.jpg\" alt=\"\" class=\"wp-image-23895\" style=\"border-bottom-left-radius:12px;border-bottom-right-radius:12px\" srcset=\"https:\/\/staging.espacecabdeco.ca\/wp-content\/uploads\/2026\/03\/showroom-2.jpg 1600w, https:\/\/staging.espacecabdeco.ca\/wp-content\/uploads\/2026\/03\/showroom-2-300x152.jpg 300w, https:\/\/staging.espacecabdeco.ca\/wp-content\/uploads\/2026\/03\/showroom-2-1024x520.jpg 1024w\" sizes=\"auto, (max-width: 1600px) 100vw, 1600px\" \/><\/figure>\n<\/section>\n","protected":false},"excerpt":{"rendered":"<p>Care Instructions To extend the lifespan of your furniture Metals Cleaning Metallic, steel, aluminium and polished surfaces should be cleaned with a soft damp cloth and warm water; for persistent stains, liquid soap diluted in water can be used. After cleaning, always dry with a soft cloth. Do not use cleaning products for steel ovens, [&hellip;]<\/p>\n","protected":false},"author":2,"featured_media":0,"parent":0,"menu_order":3,"comment_status":"closed","ping_status":"closed","template":"","meta":{"_acf_changed":false,"footnotes":""},"class_list":["post-1094","page","type-page","status-publish","hentry"],"acf":[],"yoast_head":"<!-- This site is optimized with the Yoast SEO plugin v27.3 - https:\/\/yoast.com\/product\/yoast-seo-wordpress\/ -->\n<title>Care Instructions - CAB D\u00e9co - Cleaning and use<\/title>\n<meta name=\"description\" content=\"Follow the care instructions to clean and extend the lifespan of your CAB D\u00e9co furniture. Care instruction for wood, plastic, metals and outdoor furniture.\" \/>\n<meta name=\"robots\" content=\"noindex, follow, max-snippet:-1, max-image-preview:large, max-video-preview:-1\" \/>\n<meta property=\"og:locale\" content=\"en_US\" \/>\n<meta property=\"og:type\" content=\"article\" \/>\n<meta property=\"og:title\" content=\"Care Instructions - CAB D\u00e9co - Cleaning and use\" \/>\n<meta property=\"og:description\" content=\"Follow the care instructions to clean and extend the lifespan of your CAB D\u00e9co furniture. Care instruction for wood, plastic, metals and outdoor furniture.\" \/>\n<meta property=\"og:url\" content=\"https:\/\/staging.espacecabdeco.ca\/en\/care-instructions-2\/\" \/>\n<meta property=\"og:site_name\" content=\"Espace Cabd\u00e9co\" \/>\n<meta property=\"article:publisher\" content=\"https:\/\/www.facebook.com\/CAB-D%c3%a9co-626681560734273\/\" \/>\n<meta property=\"article:modified_time\" content=\"2026-04-13T15:37:32+00:00\" \/>\n<meta property=\"og:image\" content=\"http:\/\/espacecabdeco.ca\/wp-content\/uploads\/2016\/03\/social-card.png\" \/>\n<meta name=\"twitter:card\" content=\"summary_large_image\" \/>\n<meta name=\"twitter:site\" content=\"@cabdeco\" \/>\n<meta name=\"twitter:label1\" content=\"Est. reading time\" \/>\n\t<meta name=\"twitter:data1\" content=\"2 minutes\" \/>\n<script type=\"application\/ld+json\" class=\"yoast-schema-graph\">{\"@context\":\"https:\\\/\\\/schema.org\",\"@graph\":[{\"@type\":\"WebPage\",\"@id\":\"https:\\\/\\\/staging.espacecabdeco.ca\\\/en\\\/care-instructions-2\\\/\",\"url\":\"https:\\\/\\\/staging.espacecabdeco.ca\\\/en\\\/care-instructions-2\\\/\",\"name\":\"Care Instructions - CAB D\u00e9co - Cleaning and use\",\"isPartOf\":{\"@id\":\"https:\\\/\\\/staging.espacecabdeco.ca\\\/en\\\/#website\"},\"datePublished\":\"2015-10-15T19:31:24+00:00\",\"dateModified\":\"2026-04-13T15:37:32+00:00\",\"description\":\"Follow the care instructions to clean and extend the lifespan of your CAB D\u00e9co furniture. Care instruction for wood, plastic, metals and outdoor furniture.\",\"breadcrumb\":{\"@id\":\"https:\\\/\\\/staging.espacecabdeco.ca\\\/en\\\/care-instructions-2\\\/#breadcrumb\"},\"inLanguage\":\"en-CA\",\"potentialAction\":[{\"@type\":\"ReadAction\",\"target\":[\"https:\\\/\\\/staging.espacecabdeco.ca\\\/en\\\/care-instructions-2\\\/\"]}]},{\"@type\":\"BreadcrumbList\",\"@id\":\"https:\\\/\\\/staging.espacecabdeco.ca\\\/en\\\/care-instructions-2\\\/#breadcrumb\",\"itemListElement\":[{\"@type\":\"ListItem\",\"position\":1,\"name\":\"Home\",\"item\":\"https:\\\/\\\/staging.espacecabdeco.ca\\\/en\\\/\"},{\"@type\":\"ListItem\",\"position\":2,\"name\":\"Care Instructions\"}]},{\"@type\":\"WebSite\",\"@id\":\"https:\\\/\\\/staging.espacecabdeco.ca\\\/en\\\/#website\",\"url\":\"https:\\\/\\\/staging.espacecabdeco.ca\\\/en\\\/\",\"name\":\"Espace Cabd\u00e9co\",\"description\":\"Mobilier Commercial et R\u00e9sidentiel \u00e0 Montr\u00e9al\",\"publisher\":{\"@id\":\"https:\\\/\\\/staging.espacecabdeco.ca\\\/en\\\/#organization\"},\"potentialAction\":[{\"@type\":\"SearchAction\",\"target\":{\"@type\":\"EntryPoint\",\"urlTemplate\":\"https:\\\/\\\/staging.espacecabdeco.ca\\\/en\\\/?s={search_term_string}\"},\"query-input\":{\"@type\":\"PropertyValueSpecification\",\"valueRequired\":true,\"valueName\":\"search_term_string\"}}],\"inLanguage\":\"en-CA\"},{\"@type\":\"Organization\",\"@id\":\"https:\\\/\\\/staging.espacecabdeco.ca\\\/en\\\/#organization\",\"name\":\"Espace Cabd\u00e9co\",\"url\":\"https:\\\/\\\/staging.espacecabdeco.ca\\\/en\\\/\",\"logo\":{\"@type\":\"ImageObject\",\"inLanguage\":\"en-CA\",\"@id\":\"https:\\\/\\\/staging.espacecabdeco.ca\\\/en\\\/#\\\/schema\\\/logo\\\/image\\\/\",\"url\":\"https:\\\/\\\/staging.espacecabdeco.ca\\\/wp-content\\\/uploads\\\/2026\\\/03\\\/logo-espace-cabdeco.svg\",\"contentUrl\":\"https:\\\/\\\/staging.espacecabdeco.ca\\\/wp-content\\\/uploads\\\/2026\\\/03\\\/logo-espace-cabdeco.svg\",\"caption\":\"Espace Cabd\u00e9co\"},\"image\":{\"@id\":\"https:\\\/\\\/staging.espacecabdeco.ca\\\/en\\\/#\\\/schema\\\/logo\\\/image\\\/\"},\"sameAs\":[\"https:\\\/\\\/www.facebook.com\\\/CAB-D\u00e9co-626681560734273\\\/\",\"https:\\\/\\\/x.com\\\/cabdeco\",\"http:\\\/\\\/instagram.com\\\/cabdeco\",\"https:\\\/\\\/www.linkedin.com\\\/company\\\/c-a-b-deco\",\"https:\\\/\\\/www.pinterest.com\\\/cabdeco\\\/\"]}]}<\/script>\n<!-- \/ Yoast SEO plugin. -->","yoast_head_json":{"title":"Care Instructions - CAB D\u00e9co - Cleaning and use","description":"Follow the care instructions to clean and extend the lifespan of your CAB D\u00e9co furniture. Care instruction for wood, plastic, metals and outdoor furniture.","robots":{"index":"noindex","follow":"follow","max-snippet":"max-snippet:-1","max-image-preview":"max-image-preview:large","max-video-preview":"max-video-preview:-1"},"og_locale":"en_US","og_type":"article","og_title":"Care Instructions - CAB D\u00e9co - Cleaning and use","og_description":"Follow the care instructions to clean and extend the lifespan of your CAB D\u00e9co furniture. Care instruction for wood, plastic, metals and outdoor furniture.","og_url":"https:\/\/staging.espacecabdeco.ca\/en\/care-instructions-2\/","og_site_name":"Espace Cabd\u00e9co","article_publisher":"https:\/\/www.facebook.com\/CAB-D%c3%a9co-626681560734273\/","article_modified_time":"2026-04-13T15:37:32+00:00","og_image":[{"url":"http:\/\/espacecabdeco.ca\/wp-content\/uploads\/2016\/03\/social-card.png","type":"","width":"","height":""}],"twitter_card":"summary_large_image","twitter_site":"@cabdeco","twitter_misc":{"Est. reading time":"2 minutes"},"schema":{"@context":"https:\/\/schema.org","@graph":[{"@type":"WebPage","@id":"https:\/\/staging.espacecabdeco.ca\/en\/care-instructions-2\/","url":"https:\/\/staging.espacecabdeco.ca\/en\/care-instructions-2\/","name":"Care Instructions - CAB D\u00e9co - Cleaning and use","isPartOf":{"@id":"https:\/\/staging.espacecabdeco.ca\/en\/#website"},"datePublished":"2015-10-15T19:31:24+00:00","dateModified":"2026-04-13T15:37:32+00:00","description":"Follow the care instructions to clean and extend the lifespan of your CAB D\u00e9co furniture. Care instruction for wood, plastic, metals and outdoor furniture.","breadcrumb":{"@id":"https:\/\/staging.espacecabdeco.ca\/en\/care-instructions-2\/#breadcrumb"},"inLanguage":"en-CA","potentialAction":[{"@type":"ReadAction","target":["https:\/\/staging.espacecabdeco.ca\/en\/care-instructions-2\/"]}]},{"@type":"BreadcrumbList","@id":"https:\/\/staging.espacecabdeco.ca\/en\/care-instructions-2\/#breadcrumb","itemListElement":[{"@type":"ListItem","position":1,"name":"Home","item":"https:\/\/staging.espacecabdeco.ca\/en\/"},{"@type":"ListItem","position":2,"name":"Care Instructions"}]},{"@type":"WebSite","@id":"https:\/\/staging.espacecabdeco.ca\/en\/#website","url":"https:\/\/staging.espacecabdeco.ca\/en\/","name":"Espace Cabd\u00e9co","description":"Mobilier Commercial et R\u00e9sidentiel \u00e0 Montr\u00e9al","publisher":{"@id":"https:\/\/staging.espacecabdeco.ca\/en\/#organization"},"potentialAction":[{"@type":"SearchAction","target":{"@type":"EntryPoint","urlTemplate":"https:\/\/staging.espacecabdeco.ca\/en\/?s={search_term_string}"},"query-input":{"@type":"PropertyValueSpecification","valueRequired":true,"valueName":"search_term_string"}}],"inLanguage":"en-CA"},{"@type":"Organization","@id":"https:\/\/staging.espacecabdeco.ca\/en\/#organization","name":"Espace Cabd\u00e9co","url":"https:\/\/staging.espacecabdeco.ca\/en\/","logo":{"@type":"ImageObject","inLanguage":"en-CA","@id":"https:\/\/staging.espacecabdeco.ca\/en\/#\/schema\/logo\/image\/","url":"https:\/\/staging.espacecabdeco.ca\/wp-content\/uploads\/2026\/03\/logo-espace-cabdeco.svg","contentUrl":"https:\/\/staging.espacecabdeco.ca\/wp-content\/uploads\/2026\/03\/logo-espace-cabdeco.svg","caption":"Espace Cabd\u00e9co"},"image":{"@id":"https:\/\/staging.espacecabdeco.ca\/en\/#\/schema\/logo\/image\/"},"sameAs":["https:\/\/www.facebook.com\/CAB-D\u00e9co-626681560734273\/","https:\/\/x.com\/cabdeco","http:\/\/instagram.com\/cabdeco","https:\/\/www.linkedin.com\/company\/c-a-b-deco","https:\/\/www.pinterest.com\/cabdeco\/"]}]}},"_links":{"self":[{"href":"https:\/\/staging.espacecabdeco.ca\/en\/wp-json\/wp\/v2\/pages\/1094","targetHints":{"allow":["GET"]}}],"collection":[{"href":"https:\/\/staging.espacecabdeco.ca\/en\/wp-json\/wp\/v2\/pages"}],"about":[{"href":"https:\/\/staging.espacecabdeco.ca\/en\/wp-json\/wp\/v2\/types\/page"}],"author":[{"embeddable":true,"href":"https:\/\/staging.espacecabdeco.ca\/en\/wp-json\/wp\/v2\/users\/2"}],"replies":[{"embeddable":true,"href":"https:\/\/staging.espacecabdeco.ca\/en\/wp-json\/wp\/v2\/comments?post=1094"}],"version-history":[{"count":3,"href":"https:\/\/staging.espacecabdeco.ca\/en\/wp-json\/wp\/v2\/pages\/1094\/revisions"}],"predecessor-version":[{"id":24039,"href":"https:\/\/staging.espacecabdeco.ca\/en\/wp-json\/wp\/v2\/pages\/1094\/revisions\/24039"}],"wp:attachment":[{"href":"https:\/\/staging.espacecabdeco.ca\/en\/wp-json\/wp\/v2\/media?parent=1094"}],"curies":[{"name":"wp","href":"https:\/\/api.w.org\/{rel}","templated":true}]}}